{"id":7197,"date":"2026-03-04T17:13:07","date_gmt":"2026-03-04T17:13:07","guid":{"rendered":"https:\/\/copernico.capital\/develop\/cookie-hinweis\/"},"modified":"2026-03-11T15:39:01","modified_gmt":"2026-03-11T15:39:01","slug":"cookie-hinweis","status":"publish","type":"page","link":"https:\/\/copernico.capital\/de\/cookie-hinweis\/","title":{"rendered":"Cookie Hinweis"},"content":{"rendered":"\t\t<div data-elementor-type=\"wp-page\" data-elementor-id=\"7197\" class=\"elementor elementor-7197 elementor-6658\">\n\t\t\t\t<div class=\"elementor-element elementor-element-83a9971 e-con-full e-flex e-con e-parent\" data-id=\"83a9971\" data-element_type=\"container\" data-e-type=\"container\" data-settings=\"{&quot;background_background&quot;:&quot;classic&quot;}\">\n\t\t<div class=\"elementor-element elementor-element-57c7899 e-grid e-con-full e-con e-child\" data-id=\"57c7899\" data-element_type=\"container\" data-e-type=\"container\" data-settings=\"{&quot;background_background&quot;:&quot;classic&quot;}\">\n\t\t<div class=\"elementor-element elementor-element-ee031d1 e-con-full e-flex e-con e-child\" data-id=\"ee031d1\" data-element_type=\"container\" data-e-type=\"container\" data-settings=\"{&quot;background_background&quot;:&quot;video&quot;,&quot;background_video_link&quot;:&quot;https:\\\/\\\/copernico.capital\\\/develop\\\/wp-content\\\/uploads\\\/2026\\\/03\\\/copernico-capital-video.mp4&quot;,&quot;background_play_on_mobile&quot;:&quot;yes&quot;,&quot;background_play_once&quot;:&quot;yes&quot;}\">\n\t\t<div class=\"elementor-background-video-container\">\n\t\t\t\t\t\t\t<video class=\"elementor-background-video-hosted\" role=\"presentation\" autoplay muted playsinline><\/video>\n\t\t\t\t\t<\/div>\t\t<div class=\"elementor-element elementor-element-78f6483 headline legal-hero-title elementor-widget-mobile__width-initial elementor-widget elementor-widget-heading\" data-id=\"78f6483\" data-element_type=\"widget\" data-e-type=\"widget\" data-widget_type=\"heading.default\">\n\t\t\t\t\t<h1 class=\"elementor-heading-title elementor-size-default\">Cookie Hinweis<\/h1>\t\t\t\t<\/div>\n\t\t\t\t<\/div>\n\t\t\t\t<\/div>\n\t\t\t\t<div class=\"elementor-element elementor-element-bcb038f elementor-widget elementor-widget-text-editor\" data-id=\"bcb038f\" data-element_type=\"widget\" data-e-type=\"widget\" data-widget_type=\"text-editor.default\">\n\t\t\t\t\t\t\t\t\t<p><strong>Copernico Capital Cookie-Hinweis<\/strong><\/p><p>Wir verwenden Cookies und \u00e4hnliche Technologien wie Pixel und lokalen Speicher, um Ihr Surferlebnis zu verbessern, Inhalte zu personalisieren, social media funktionen bereitzustellen und zu analysieren, wie Besucher unsere Website nutzen. Einige Cookies sind <strong>notwendig<\/strong>, damit die Website ordnungsgem\u00e4\u00df funktioniert, sodass Sie sicher navigieren, auf wesentliche Dienste zugreifen und angemeldet bleiben k\u00f6nnen. Andere Cookies sind <strong>nicht notwendig<\/strong> und helfen uns zu verstehen, wie Sie mit unserer Website interagieren, die Website-Leistung zu verbessern und relevante Werbung bereitzustellen.  <\/p><p><br>Durch Klicken auf <strong>\u201cAlle akzeptieren\u201c<\/strong> stimmen Sie der Verwendung aller Cookies zu, einschlie\u00dflich leistungs, funktions und kampagnen cookies. Sie k\u00f6nnen auch w\u00e4hlen, <strong>Ihre Einstellungen zu verwalten<\/strong>, um nur bestimmte Arten von Cookies zuzulassen, oder <strong>nicht notwendige Cookies ganz abzulehnen<\/strong>. Bitte beachten Sie, dass das Deaktivieren einiger Cookies die volle Funktionalit\u00e4t der Website einschr\u00e4nken und verhindern kann, dass bestimmte Funktionen wie beabsichtigt arbeiten.  <\/p>\t\t\t\t\t\t\t\t<\/div>\n\t\t\t\t<\/div>\n\t\t\t\t<\/div>\n\t\t","protected":false},"excerpt":{"rendered":"<p>Cookie Hinweis Copernico Capital Cookie-Hinweis Wir verwenden Cookies und \u00e4hnliche Technologien wie Pixel und lokalen Speicher, um Ihr Surferlebnis zu [&hellip;]<\/p>\n","protected":false},"author":1,"featured_media":0,"parent":0,"menu_order":0,"comment_status":"closed","ping_status":"closed","template":"","meta":{"site-sidebar-layout":"no-sidebar","site-content-layout":"","ast-site-content-layout":"full-width-container","site-content-style":"default","site-sidebar-style":"default","ast-global-header-display":"","ast-banner-title-visibility":"","ast-main-header-display":"","ast-hfb-above-header-display":"","ast-hfb-below-header-display":"","ast-hfb-mobile-header-display":"","site-post-title":"","ast-breadcrumbs-content":"","ast-featured-img":"disabled","footer-sml-layout":"","ast-disable-related-posts":"","theme-transparent-header-meta":"","adv-header-id-meta":"","stick-header-meta":"","header-above-stick-meta":"","header-main-stick-meta":"","header-below-stick-meta":"","astra-migrate-meta-layouts":"default","ast-page-background-enabled":"default","ast-page-background-meta":{"desktop":{"background-color":"var(--ast-global-color-5)","background-image":"","background-repeat":"repeat","background-position":"center center","background-size":"auto","background-attachment":"scroll","background-type":"","background-media":"","overlay-type":"","overlay-color":"","overlay-opacity":"","overlay-gradient":""},"tablet":{"background-color":"","background-image":"","background-repeat":"repeat","background-position":"center center","background-size":"auto","background-attachment":"scroll","background-type":"","background-media":"","overlay-type":"","overlay-color":"","overlay-opacity":"","overlay-gradient":""},"mobile":{"background-color":"","background-image":"","background-repeat":"repeat","background-position":"center center","background-size":"auto","background-attachment":"scroll","background-type":"","background-media":"","overlay-type":"","overlay-color":"","overlay-opacity":"","overlay-gradient":""}},"ast-content-background-meta":{"desktop":{"background-color":"var(--ast-global-color-4)","background-image":"","background-repeat":"repeat","background-position":"center center","background-size":"auto","background-attachment":"scroll","background-type":"","background-media":"","overlay-type":"","overlay-color":"","overlay-opacity":"","overlay-gradient":""},"tablet":{"background-color":"var(--ast-global-color-4)","background-image":"","background-repeat":"repeat","background-position":"center center","background-size":"auto","background-attachment":"scroll","background-type":"","background-media":"","overlay-type":"","overlay-color":"","overlay-opacity":"","overlay-gradient":""},"mobile":{"background-color":"var(--ast-global-color-4)","background-image":"","background-repeat":"repeat","background-position":"center center","background-size":"auto","background-attachment":"scroll","background-type":"","background-media":"","overlay-type":"","overlay-color":"","overlay-opacity":"","overlay-gradient":""}},"footnotes":""},"class_list":["post-7197","page","type-page","status-publish","hentry"],"_links":{"self":[{"href":"https:\/\/copernico.capital\/de\/wp-json\/wp\/v2\/pages\/7197","targetHints":{"allow":["GET"]}}],"collection":[{"href":"https:\/\/copernico.capital\/de\/wp-json\/wp\/v2\/pages"}],"about":[{"href":"https:\/\/copernico.capital\/de\/wp-json\/wp\/v2\/types\/page"}],"author":[{"embeddable":true,"href":"https:\/\/copernico.capital\/de\/wp-json\/wp\/v2\/users\/1"}],"replies":[{"embeddable":true,"href":"https:\/\/copernico.capital\/de\/wp-json\/wp\/v2\/comments?post=7197"}],"version-history":[{"count":4,"href":"https:\/\/copernico.capital\/de\/wp-json\/wp\/v2\/pages\/7197\/revisions"}],"predecessor-version":[{"id":7556,"href":"https:\/\/copernico.capital\/de\/wp-json\/wp\/v2\/pages\/7197\/revisions\/7556"}],"wp:attachment":[{"href":"https:\/\/copernico.capital\/de\/wp-json\/wp\/v2\/media?parent=7197"}],"curies":[{"name":"wp","href":"https:\/\/api.w.org\/{rel}","templated":true}]}}