{"id":7216,"date":"2026-03-04T17:22:16","date_gmt":"2026-03-04T17:22:16","guid":{"rendered":"https:\/\/copernico.capital\/develop\/beschwerderichtlinie\/"},"modified":"2026-03-11T15:42:44","modified_gmt":"2026-03-11T15:42:44","slug":"beschwerderichtlinie","status":"publish","type":"page","link":"https:\/\/copernico.capital\/de\/beschwerderichtlinie\/","title":{"rendered":"Beschwerderichtlinie"},"content":{"rendered":"\t\t<div data-elementor-type=\"wp-page\" data-elementor-id=\"7216\" class=\"elementor elementor-7216 elementor-6660\">\n\t\t\t\t<div class=\"elementor-element elementor-element-91cfabe e-con-full e-flex e-con e-parent\" data-id=\"91cfabe\" data-element_type=\"container\" data-e-type=\"container\" data-settings=\"{&quot;background_background&quot;:&quot;classic&quot;}\">\n\t\t<div class=\"elementor-element elementor-element-76e9434 e-grid e-con-full e-con e-child\" data-id=\"76e9434\" data-element_type=\"container\" data-e-type=\"container\" data-settings=\"{&quot;background_background&quot;:&quot;classic&quot;}\">\n\t\t<div class=\"elementor-element elementor-element-4f68c3f e-con-full e-flex e-con e-child\" data-id=\"4f68c3f\" data-element_type=\"container\" data-e-type=\"container\" data-settings=\"{&quot;background_background&quot;:&quot;video&quot;,&quot;background_video_link&quot;:&quot;https:\\\/\\\/copernico.capital\\\/develop\\\/wp-content\\\/uploads\\\/2026\\\/03\\\/copernico-capital-video.mp4&quot;,&quot;background_play_on_mobile&quot;:&quot;yes&quot;,&quot;background_play_once&quot;:&quot;yes&quot;}\">\n\t\t<div class=\"elementor-background-video-container\">\n\t\t\t\t\t\t\t<video class=\"elementor-background-video-hosted\" role=\"presentation\" autoplay muted playsinline><\/video>\n\t\t\t\t\t<\/div>\t\t<div class=\"elementor-element elementor-element-21e2842 headline legal-hero-title elementor-widget-mobile__width-initial elementor-widget elementor-widget-heading\" data-id=\"21e2842\" data-element_type=\"widget\" data-e-type=\"widget\" data-widget_type=\"heading.default\">\n\t\t\t\t\t<h1 class=\"elementor-heading-title elementor-size-default\">Beschwerderichtlinie<\/h1>\t\t\t\t<\/div>\n\t\t\t\t<\/div>\n\t\t\t\t<\/div>\n\t\t<div class=\"elementor-element elementor-element-ae763a0 e-con-full e-flex e-con e-child\" data-id=\"ae763a0\" data-element_type=\"container\" data-e-type=\"container\">\n\t\t\t\t<div class=\"elementor-element elementor-element-f193604 elementor-widget elementor-widget-text-editor\" data-id=\"f193604\" data-element_type=\"widget\" data-e-type=\"widget\" data-widget_type=\"text-editor.default\">\n\t\t\t\t\t\t\t\t\t<p>Wenn Sie Fragen oder Beschwerden haben, k\u00f6nnen Sie uns unter folgender Adresse kontaktieren:<\/p>\t\t\t\t\t\t\t\t<\/div>\n\t\t\t\t<div class=\"elementor-element elementor-element-2e34e94 elementor-widget elementor-widget-text-editor\" data-id=\"2e34e94\" data-element_type=\"widget\" data-e-type=\"widget\" data-widget_type=\"text-editor.default\">\n\t\t\t\t\t\t\t\t\t<p><strong>Copernico Capital<\/strong><br>C\/o Legacy Capital Co Ltd<br>Level 2, Suite 201, The Catalyst<br>40 Silicon Avenue,<br>Ebene, 72201<br>Republik Mauritius<\/p>\t\t\t\t\t\t\t\t<\/div>\n\t\t\t\t<div class=\"elementor-element elementor-element-472ba89 elementor-widget elementor-widget-text-editor\" data-id=\"472ba89\" data-element_type=\"widget\" data-e-type=\"widget\" data-widget_type=\"text-editor.default\">\n\t\t\t\t\t\t\t\t\t<p>Alternativ k\u00f6nnen Sie uns per E-Mail unter folgender Adresse erreichen: <strong>info@copernico.capital<\/strong><\/p>\t\t\t\t\t\t\t\t<\/div>\n\t\t\t\t<div class=\"elementor-element elementor-element-c7684ad elementor-widget elementor-widget-text-editor\" data-id=\"c7684ad\" data-element_type=\"widget\" data-e-type=\"widget\" data-widget_type=\"text-editor.default\">\n\t\t\t\t\t\t\t\t\t<p>Bitte beachten Sie, dass s\u00e4mtliche Handelsaktivit\u00e4ten eng \u00fcberwacht werden. Wenn festgestellt wird, dass Sie Scalping betreiben, behalten wir uns das Recht vor, Ihr Konto mit sofortiger Wirkung zu schlie\u00dfen. <\/p>\t\t\t\t\t\t\t\t<\/div>\n\t\t\t\t<div class=\"elementor-element elementor-element-5510de7 elementor-widget elementor-widget-text-editor\" data-id=\"5510de7\" data-element_type=\"widget\" data-e-type=\"widget\" data-widget_type=\"text-editor.default\">\n\t\t\t\t\t\t\t\t\t<p>Damit wir Ihre Beschwerde schnell und effizient pr\u00fcfen k\u00f6nnen, stellen Sie bitte die folgenden Informationen bereit:<\/p><p style=\"padding-left: 40px;\">(i) Ihren vollst\u00e4ndigen Namen und Ihre Adresse<br>(ii) Eine Telefonnummer, unter der wir Sie tags\u00fcber erreichen k\u00f6nnen<br>(iii) Ihre Kontodaten (wenn Sie uns schriftlich kontaktieren)<br>(iv) Eine klare Beschreibung Ihrer Beschwerde und<br>(v) Angaben dazu, was wir Ihrer Meinung nach tun sollen, um die Angelegenheit zu l\u00f6sen<\/p>\t\t\t\t\t\t\t\t<\/div>\n\t\t\t\t<div class=\"elementor-element elementor-element-0190430 elementor-widget elementor-widget-text-editor\" data-id=\"0190430\" data-element_type=\"widget\" data-e-type=\"widget\" data-widget_type=\"text-editor.default\">\n\t\t\t\t\t\t\t\t\t<p>Wir best\u00e4tigen den Eingang Ihrer Beschwerde innerhalb von <strong>f\u00fcnf (5) Werktagen<\/strong>. Wir werden alle Anstrengungen unternehmen, Ihre Beschwerde innerhalb von <strong>28 Tagen<\/strong> zu l\u00f6sen. In einigen F\u00e4llen kann jedoch eine weitere Untersuchung erforderlich sein, um sicherzustellen, dass die Beschwerde vollst\u00e4ndig gekl\u00e4rt wird. In solchen F\u00e4llen kann eine Antwort bis zu <strong>acht (8) Wochen<\/strong> ab dem Datum des Eingangs Ihrer Beschwerde in Anspruch nehmen. Wir halten Sie w\u00e4hrend dieses Zeitraums \u00fcber den Fortschritt Ihrer Beschwerde auf dem Laufenden.    <\/p>\t\t\t\t\t\t\t\t<\/div>\n\t\t\t\t<\/div>\n\t\t\t\t<\/div>\n\t\t\t\t<\/div>\n\t\t","protected":false},"excerpt":{"rendered":"<p>Beschwerderichtlinie Wenn Sie Fragen oder Beschwerden haben, k\u00f6nnen Sie uns unter folgender Adresse kontaktieren: Copernico CapitalC\/o Legacy Capital Co LtdLevel [&hellip;]<\/p>\n","protected":false},"author":1,"featured_media":0,"parent":0,"menu_order":0,"comment_status":"closed","ping_status":"closed","template":"","meta":{"site-sidebar-layout":"no-sidebar","site-content-layout":"","ast-site-content-layout":"full-width-container","site-content-style":"default","site-sidebar-style":"default","ast-global-header-display":"","ast-banner-title-visibility":"","ast-main-header-display":"","ast-hfb-above-header-display":"","ast-hfb-below-header-display":"","ast-hfb-mobile-header-display":"","site-post-title":"","ast-breadcrumbs-content":"","ast-featured-img":"disabled","footer-sml-layout":"","ast-disable-related-posts":"","theme-transparent-header-meta":"","adv-header-id-meta":"","stick-header-meta":"","header-above-stick-meta":"","header-main-stick-meta":"","header-below-stick-meta":"","astra-migrate-meta-layouts":"default","ast-page-background-enabled":"default","ast-page-background-meta":{"desktop":{"background-color":"var(--ast-global-color-5)","background-image":"","background-repeat":"repeat","background-position":"center center","background-size":"auto","background-attachment":"scroll","background-type":"","background-media":"","overlay-type":"","overlay-color":"","overlay-opacity":"","overlay-gradient":""},"tablet":{"background-color":"","background-image":"","background-repeat":"repeat","background-position":"center center","background-size":"auto","background-attachment":"scroll","background-type":"","background-media":"","overlay-type":"","overlay-color":"","overlay-opacity":"","overlay-gradient":""},"mobile":{"background-color":"","background-image":"","background-repeat":"repeat","background-position":"center center","background-size":"auto","background-attachment":"scroll","background-type":"","background-media":"","overlay-type":"","overlay-color":"","overlay-opacity":"","overlay-gradient":""}},"ast-content-background-meta":{"desktop":{"background-color":"var(--ast-global-color-4)","background-image":"","background-repeat":"repeat","background-position":"center center","background-size":"auto","background-attachment":"scroll","background-type":"","background-media":"","overlay-type":"","overlay-color":"","overlay-opacity":"","overlay-gradient":""},"tablet":{"background-color":"var(--ast-global-color-4)","background-image":"","background-repeat":"repeat","background-position":"center center","background-size":"auto","background-attachment":"scroll","background-type":"","background-media":"","overlay-type":"","overlay-color":"","overlay-opacity":"","overlay-gradient":""},"mobile":{"background-color":"var(--ast-global-color-4)","background-image":"","background-repeat":"repeat","background-position":"center center","background-size":"auto","background-attachment":"scroll","background-type":"","background-media":"","overlay-type":"","overlay-color":"","overlay-opacity":"","overlay-gradient":""}},"footnotes":""},"class_list":["post-7216","page","type-page","status-publish","hentry"],"_links":{"self":[{"href":"https:\/\/copernico.capital\/de\/wp-json\/wp\/v2\/pages\/7216","targetHints":{"allow":["GET"]}}],"collection":[{"href":"https:\/\/copernico.capital\/de\/wp-json\/wp\/v2\/pages"}],"about":[{"href":"https:\/\/copernico.capital\/de\/wp-json\/wp\/v2\/types\/page"}],"author":[{"embeddable":true,"href":"https:\/\/copernico.capital\/de\/wp-json\/wp\/v2\/users\/1"}],"replies":[{"embeddable":true,"href":"https:\/\/copernico.capital\/de\/wp-json\/wp\/v2\/comments?post=7216"}],"version-history":[{"count":7,"href":"https:\/\/copernico.capital\/de\/wp-json\/wp\/v2\/pages\/7216\/revisions"}],"predecessor-version":[{"id":7562,"href":"https:\/\/copernico.capital\/de\/wp-json\/wp\/v2\/pages\/7216\/revisions\/7562"}],"wp:attachment":[{"href":"https:\/\/copernico.capital\/de\/wp-json\/wp\/v2\/media?parent=7216"}],"curies":[{"name":"wp","href":"https:\/\/api.w.org\/{rel}","templated":true}]}}