{"id":7306,"date":"2026-03-04T17:09:15","date_gmt":"2026-03-04T17:09:15","guid":{"rendered":"https:\/\/copernico.capital\/develop\/datenschutzerklaerung\/"},"modified":"2026-03-10T22:44:02","modified_gmt":"2026-03-10T22:44:02","slug":"datenschutzerklaerung","status":"publish","type":"page","link":"https:\/\/copernico.capital\/de\/datenschutzerklaerung\/","title":{"rendered":"Datenschutzerkl\u00e4rung"},"content":{"rendered":"\t\t<div data-elementor-type=\"wp-page\" data-elementor-id=\"7306\" class=\"elementor elementor-7306 elementor-6650\">\n\t\t\t\t<div class=\"elementor-element elementor-element-4301d7b e-con-full e-flex e-con e-parent\" data-id=\"4301d7b\" data-element_type=\"container\" data-e-type=\"container\">\n\t\t<div class=\"elementor-element elementor-element-ae42c5e e-grid e-con-full e-con e-child\" data-id=\"ae42c5e\" data-element_type=\"container\" data-e-type=\"container\" data-settings=\"{&quot;background_background&quot;:&quot;classic&quot;}\">\n\t\t<div class=\"elementor-element elementor-element-c5acea7 e-con-full e-flex e-con e-child\" data-id=\"c5acea7\" data-element_type=\"container\" data-e-type=\"container\" data-settings=\"{&quot;background_background&quot;:&quot;video&quot;,&quot;background_video_link&quot;:&quot;https:\\\/\\\/copernico.capital\\\/develop\\\/wp-content\\\/uploads\\\/2026\\\/03\\\/copernico-capital-video.mp4&quot;,&quot;background_play_on_mobile&quot;:&quot;yes&quot;,&quot;background_play_once&quot;:&quot;yes&quot;}\">\n\t\t<div class=\"elementor-background-video-container\">\n\t\t\t\t\t\t\t<video class=\"elementor-background-video-hosted\" role=\"presentation\" autoplay muted playsinline><\/video>\n\t\t\t\t\t<\/div>\t\t<div class=\"elementor-element elementor-element-e8852eb headline legal-hero-title elementor-widget-mobile__width-initial elementor-widget elementor-widget-heading\" data-id=\"e8852eb\" data-element_type=\"widget\" data-e-type=\"widget\" data-widget_type=\"heading.default\">\n\t\t\t\t\t<h1 class=\"elementor-heading-title elementor-size-default\">Datenschutzerkl\u00e4rung<\/h1>\t\t\t\t<\/div>\n\t\t\t\t<\/div>\n\t\t\t\t<\/div>\n\t\t\t\t<div class=\"elementor-element elementor-element-e89cb46 elementor-widget elementor-widget-html\" data-id=\"e89cb46\" data-element_type=\"widget\" data-e-type=\"widget\" data-widget_type=\"html.default\">\n\t\t\t\t\t<p class=\"text-justify\">\r\n\r\nDiese Datenschutzerkl\u00e4rung erl\u00e4utert, wie Copernico Capital (\u201ewir\u201c, \u201euns\u201c oder \u201eunser\u201c) personenbezogene Daten erhebt, verwendet, speichert und anderweitig verarbeitet. Dies umfasst personenbezogene Daten von Personen, die unsere Kunden, potenziellen Kunden, Vermittler, Dienstleister, Gesch\u00e4ftspartner oder andere Dritte sind, mit denen wir interagieren, sowie von Personen, die mit diesen Parteien verbunden sind. \r\n\r\n<br><br>\r\nDiese Datenschutzerkl\u00e4rung wurde in \u00dcbereinstimmung mit den geltenden Datenschutzgesetzen erstellt, einschlie\u00dflich:<\/p>\r\n\r\n<ul style=\"margin-left:30px;\">\r\n \t<li class=\"text-justify\">Das Finanzdienstleistungsgesetz 2007 der Finanzdienstleistungskommission, Mauritius (FSC)); und<\/li>\r\n \t<li class=\"text-justify\">Das mauritische Datenschutzgesetz 2017 (\u201eMU DPA\u201c),\r\n<\/li>\r\n<\/ul>\r\n\r\n<p class=\"text-justify\">\r\n(zusammenfassend als \u201eDatenschutzgesetzgebung\u201c oder \u201eDPL\u201c bezeichnet).\r\n\r\n<br><br>\r\nSollten Sie Fragen zu dieser Datenschutzerkl\u00e4rung, zum Umgang mit Ihren personenbezogenen Daten haben oder Ihre Datenschutzrechte aus\u00fcben wollen, wenden Sie sich bitte an unseren Datenschutzbeauftragten (\u201eDSB\u201c).\r\n\r\n<br><br>\r\nWir k\u00f6nnen diese Datenschutzerkl\u00e4rung von Zeit zu Zeit aktualisieren, um ihren Inhalt zu pr\u00e4zisieren oder um \u00c4nderungen in anwendbaren Gesetzen, Vorschriften, beh\u00f6rdlichen Richtlinien oder unseren Gesch\u00e4ftsabl\u00e4ufen und -praktiken widerzuspiegeln. Bei wesentlichen \u00c4nderungen werden wir angemessene Schritte unternehmen, um Sie zu benachrichtigen, unter anderem durch die Ver\u00f6ffentlichung eines Hinweises auf unserer Website und\/oder durch entsprechende Service-Dokumentationen. Die aktuellste Version dieser Datenschutzerkl\u00e4rung wird jederzeit auf unserer Website verf\u00fcgbar sein.  \r\n<br><br>\r\n<strong>Quellen personenbezogener Daten<\/strong><br>\r\nDie meisten Ihrer personenbezogenen Daten erheben wir direkt von Ihnen, sei es pers\u00f6nlich, telefonisch, per E-Mail, Textnachricht oder \u00fcber unsere Website und die zugeh\u00f6rigen digitalen Plattformen.\r\n\r\n<br><br>\r\nUnter bestimmten Umst\u00e4nden k\u00f6nnen wir personenbezogene Daten auch aus anderen rechtm\u00e4\u00dfigen Quellen beziehen und verarbeiten, einschlie\u00dflich:\r\n<\/p>\r\n\r\n<ul style=\"margin-left:30px;\">\r\n \t<li class=\"text-justify\">\u00d6ffentlich zug\u00e4ngliche Quellen, wie Unternehmensregister, beh\u00f6rdliche Einreichungen, Pressever\u00f6ffentlichungen, Internet-Websites und Social-Media-Plattformen.<\/li>\r\n \t<li class=\"text-justify\">Seri\u00f6se Informationsdienstleister, einschlie\u00dflich Anbieter von Sanktionspr\u00fcfungen, Datenbanken f\u00fcr politisch exponierte Personen (PEP), Datenbanken f\u00fcr negative Medien\/negative Publizit\u00e4t, Kreditauskunfteien und Betrugsbek\u00e4mpfungsdatenbanken.<\/li>\r\n \t<li class=\"text-justify\">Mit Ihnen verbundene Dritte, wie Ihre Bank(en), Broker, Buchhalter, Wirtschaftspr\u00fcfer, Rechtsberater oder andere professionelle Berater, sofern Sie Ihre Zustimmung erteilt haben oder dies anderweitig nach geltendem Recht zul\u00e4ssig ist; und<\/li>\r\n \t<li class=\"text-justify\">Unsere internen Systeme und Website-Technologien, einschlie\u00dflich Informationen, die durch Cookies und \u00e4hnliche Tracking-Technologien gesammelt werden. Weitere Einzelheiten entnehmen Sie bitte unserer Cookie-Richtlinie. <\/li>\r\n\r\n<\/ul>\r\n\r\n<p class=\"text-justify\">\r\n\r\n<strong>Bereitstellung personenbezogener Daten<\/strong><br>\r\nSie sind nicht gesetzlich verpflichtet, uns Ihre personenbezogenen Daten zur Verf\u00fcgung zu stellen. Wenn Sie sich jedoch daf\u00fcr entscheiden, bestimmte von uns angeforderte Informationen nicht bereitzustellen, k\u00f6nnen wir m\u00f6glicherweise keine Gesch\u00e4ftsbeziehung mit Ihnen aufbauen oder fortsetzen oder Ihnen unsere Dienstleistungen anbieten. \r\n\r\n<br><br>\r\nInsbesondere zur Einhaltung unserer gesetzlichen und regulatorischen Verpflichtungen, einschlie\u00dflich derer in Bezug auf Know-Your-Customer (KYC), Geldw\u00e4schebek\u00e4mpfung und Terrorismusfinanzierung (AML\/CFT) sowie Anforderungen an die Herkunft der Gelder\/des Verm\u00f6gens (wie unten definiert), sind wir verpflichtet, Ihre Identit\u00e4t zu \u00fcberpr\u00fcfen und Informationen \u00fcber Ihren Status, Ihren finanziellen Hintergrund und Ihre Transaktionsaktivit\u00e4ten einzuholen. Die Einhaltung dieser Verpflichtungen erfordert notwendigerweise die Erhebung und Verarbeitung Ihrer personenbezogenen Daten. \r\n\r\n<br><br>\r\n<strong>Sensible oder besondere Kategorien personenbezogener Daten<\/strong>\r\n<br>\r\nUnter bestimmten Umst\u00e4nden k\u00f6nnen die von uns verarbeiteten personenbezogenen Daten <strong>\u201esensible\u201c oder \u201ebesondere Kategorien von Daten<\/strong>\u201c umfassen, wie Informationen zu Ihrer Rasse, ethnischen Herkunft, Religion, politischen Meinungen, biometrischen oder genetischen Identifikation, Gesundheit, sexuellen Orientierung, Vorstrafen oder mutma\u00dflichen kriminellen Aktivit\u00e4ten. Die Verarbeitung solcher Daten erfordert in der Regel Ihre ausdr\u00fcckliche <strong>Zustimmung<\/strong>, die Sie jederzeit widerrufen k\u00f6nnen. \r\n\r\n<br><br>\r\nDie Rechtsgrundlagen f\u00fcr die Verarbeitung sensibler personenbezogener Daten umfassen:\r\n<\/p>\r\n\r\n<ul style=\"margin-left:30px;\"> \t\r\n \t<li class=\"text-justify\">Ihre Zustimmung, sofern Sie solche Daten freiwillig bereitgestellt haben;<\/li>\r\n \t<li class=\"text-justify\">Einhaltung gesetzlicher Verpflichtungen; und\/oder<\/li>\r\n \t<li class=\"text-justify\">Rechtsanspr\u00fcche oder -verfahren, einschlie\u00dflich beh\u00f6rdlicher Ermittlungen.<\/li>\r\n<\/ul>\r\n\r\n<p class=\"text-justify\">\r\n\r\nWenn Sie freiwillig sensible personenbezogene Daten bereitstellen, die f\u00fcr die von uns erbrachten Dienstleistungen oder f\u00fcr Zwecke der Kundenbeziehungspflege relevant sein k\u00f6nnen, gelten Sie als einverstanden mit unserer Verarbeitung solcher Daten in dem erforderlichen und angemessenen Umfang.\r\n<br><br>\r\n<strong>Verwendung personenbezogener Daten<\/strong><br>\r\nDie Zwecke, f\u00fcr die wir Ihre personenbezogenen Daten verarbeiten, sowie die entsprechenden Rechtsgrundlagen gem\u00e4\u00df den geltenden Datenschutzbestimmungen sind wie folgt:\r\n <\/p>\r\n\r\n<ol style=\"list-style: lower-latin; margin-left:30px;\">\r\n\r\n \t<li class=\"text-justify\"><strong>Beziehungsmanagement, Dienstleistungserbringung und Vertragserf\u00fcllung<\/strong>\r\n<br>\r\nWir verarbeiten Ihre personenbezogenen Daten, soweit dies erforderlich ist, um:\r\n\r\n<ul style=\"list-style: circle; margin-left:30px;\">\r\n \t<li class=\"text-justify\">Unsere Kundenbeziehung mit Ihnen aufzubauen und zu verwalten;<\/li>\r\n \t<li class=\"text-justify\">Einen Vertrag mit Ihnen bez\u00fcglich unserer Dienstleistungen zu erf\u00fcllen; oder<\/li>\r\n \t<li class=\"text-justify\">Auf Ihre Anfrage hin Schritte vor dem Abschluss eines solchen Vertrags zu unternehmen<\/li>\r\n<\/ul>\r\n<\/li>\r\n\r\n<br>\r\n<li class=\"text-justify\"><strong>Einhaltung gesetzlicher und regulatorischer Verpflichtungen<\/strong>\r\n<br>Als reguliertes Finanzdienstleistungsunternehmen unterliegen wir gesetzlichen und regulatorischen Verpflichtungen, die die Erhebung, Speicherung oder Offenlegung personenbezogener Daten, auch \u00fcber verschiedene Gerichtsbarkeiten (EU\/UK\/MU) hinweg, erfordern k\u00f6nnen. Dazu geh\u00f6ren, sind aber nicht beschr\u00e4nkt auf: \r\n<br>\r\n<ul style=\"list-style: circle; margin-left:30px;\">\r\n \t<li class=\"text-justify\">Anforderungen an Know-Your-Customer (KYC), Geldw\u00e4schebek\u00e4mpfung (AML) und Terrorismusfinanzierung (CTF);<\/li>\r\n \t<li class=\"text-justify\">Regulatorische oder strafrechtliche Ermittlungen oder Offenlegungsanordnungen; und<\/li>\r\n \t<li class=\"text-justify\">Steuerberichterstattung oder andere Anforderungen, die von Beh\u00f6rden auferlegt werden.<\/li>\r\n\r\n<\/ul>\r\n<br>\r\n<\/li>\r\n\r\n<li class=\"text-justify\"><strong>Verfolgung unserer berechtigten Interessen<\/strong>\r\n<br>\r\nSoweit erforderlich, k\u00f6nnen wir personenbezogene Daten verarbeiten, um unsere berechtigten Interessen oder die Dritter zu verfolgen, sofern diese Interessen nicht durch Ihre Datenschutzrechte \u00fcberwiegen. Beispiele hierf\u00fcr sind: \r\n<br>\r\n<ul style=\"list-style: circle; margin-left:30px;\">\r\n \t<li class=\"text-justify\">KYC, AML\/CTF, Bonit\u00e4tspr\u00fcfungen sowie die Verhinderung oder Aufdeckung von Finanzkriminalit\u00e4t;<\/li>\r\n \t<li class=\"text-justify\">Kunden- und Lieferantenbeziehungsmanagement, Risikomanagement und operative Effizienz;<\/li>\r\n \t<li class=\"text-justify\">Aufzeichnung von Telefongespr\u00e4chen und\/oder \u00dcberwachung elektronischer Kommunikation zu Compliance-Zwecken;<\/li>\r\n \t<li class=\"text-justify\">Informations- und Geb\u00e4udesicherheit, einschlie\u00dflich der Verwendung von Audio- oder Videoaufnahmen;<\/li>\r\n \t<li class=\"text-justify\">Entwicklung und Vermarktung von Produkten und Dienstleistungen (sofern Sie Ihre Zustimmung nicht verweigert haben); und<\/li>\r\n \t<li class=\"text-justify\">Ermittlungen, Audits oder Gerichtsverfahren, einschlie\u00dflich der Beitreibung von Schulden, bei denen Ihre personenbezogenen Daten zur Verfolgung oder Verteidigung von Anspr\u00fcchen herangezogen werden k\u00f6nnen<\/li>\r\n<\/ul>\r\n<\/li>\r\n\r\n<br><li class=\"text-justify\"><strong>Zustimmungsbasierte Zwecke<\/strong>\r\n<br>\r\nWir k\u00f6nnen personenbezogene Daten auch f\u00fcr andere Zwecke verarbeiten, denen Sie ausdr\u00fccklich zugestimmt haben oder f\u00fcr die Sie Ihre Einwilligung erteilt haben. Sie k\u00f6nnen eine solche Einwilligung jederzeit widerrufen. Der Widerruf ber\u00fchrt nicht die Rechtm\u00e4\u00dfigkeit der vor dem Widerruf erfolgten Verarbeitung, kann jedoch unsere F\u00e4higkeit beeintr\u00e4chtigen, Dienstleistungen in gleicher Weise wie zuvor zu erbringen.  \r\n\r\n<\/li>\r\n<\/ol>\r\n\r\n<p class=\"text-justify\">\r\n<strong>Daten\u00fcbermittlung<\/strong>\r\n<br>Wir k\u00f6nnen Ihre personenbezogenen Daten an Beh\u00f6rden, Finanzinstitute, Dienstleister, Berater oder verbundene Unternehmen weitergeben, wenn dies zur Erbringung unserer Dienstleistungen oder zur Einhaltung gesetzlicher Vorschriften erforderlich ist.\r\n<\/p>\r\n\r\n<ul style=\"margin-left:30px;\">\r\n \t<li class=\"text-justify\">Ihre Daten werden nur an Parteien weitergegeben, die verpflichtet sind, sie zu sch\u00fctzen und f\u00fcr legitime Zwecke zu verwenden.<\/li>\r\n \t<li class=\"text-justify\">Sollten Ihre Daten au\u00dferhalb von Mauritius \u00fcbertragen werden m\u00fcssen, stellen wir sicher, dass sie gesetzlich oder vertraglich gesch\u00fctzt sind, und in einigen F\u00e4llen wird Ihre Zustimmung durch die Nutzung unserer Dienste als gegeben angesehen.<\/li>\r\n \t<li class=\"text-justify\">\u00dcbertragungen in die USA erfolgen gem\u00e4\u00df offiziellen, von der DSGVO genehmigten Schutzma\u00dfnahmen (Standardvertragsklauseln).<\/li>\r\n \t<li class=\"text-justify\">Wir werden Ihre Daten niemals an nicht verbundene Dritte oder ohne angemessene Schutzma\u00dfnahmen weitergeben.<\/li>\r\n<\/ul>\r\n\r\n<p class=\"text-justify\">\r\n\r\n<strong>Aufbewahrung<\/strong><br>\r\nWir bewahren Ihre personenbezogenen Daten nur so lange auf, wie dies zur Erf\u00fcllung dieser Zwecke oder zur Einhaltung gesetzlicher Vorschriften erforderlich ist. Sobald sie nicht mehr ben\u00f6tigt werden, werden Ihre Daten sicher vernichtet, es sei denn, eine Aufbewahrung ist f\u00fcr Audits, Steuern oder rechtliche Gr\u00fcnde erforderlich. \r\n<br><br>\r\nSie haben Rechte bez\u00fcglich Ihrer personenbezogenen Daten, einschlie\u00dflich des Rechts auf:\r\n<\/p>\r\n<ul style=\"margin-left:30px;\">\r\n \t<li class=\"text-justify\">Zugriff, Korrektur oder L\u00f6schung Ihrer Daten<\/li>\r\n \t<li class=\"text-justify\">Einschr\u00e4nkung der Verarbeitung oder \u00dcbertragung Ihrer Daten an einen anderen Anbieter<\/li>\r\n \t<li class=\"text-justify\">Jederzeitigen Widerruf der Einwilligung<\/li>\r\n \t<li class=\"text-justify\">Widerspruch gegen bestimmte Arten der Verarbeitung, einschlie\u00dflich Marketing.<\/li>\r\n<\/ul>\r\n<p class=\"text-justify\">\r\n\r\nAnfragen k\u00f6nnen an unseren DSB gerichtet werden. Wir k\u00f6nnen Sie bitten, Ihre Identit\u00e4t zu \u00fcberpr\u00fcfen und werden innerhalb von 30 Tagen antworten. Eine Einschr\u00e4nkung der Verarbeitung kann die Dienstleistungen beeintr\u00e4chtigen, die wir Ihnen anbieten k\u00f6nnen.  \r\n\r\n<br><br>\r\n<strong>Datenschutzbeschwerde<\/strong><br>Wenn Sie mit der Bearbeitung Ihrer Beschwerde bez\u00fcglich Ihrer personenbezogenen Daten durch unseren DSB nicht zufrieden sind, k\u00f6nnen Sie sich an das Mauritius Data Protection Office wenden:\r\n<br><br>\r\n<strong>Data Protection Office<\/strong><br>\r\n5th Floor, SICOM Tower, Wall Street\r\n<br>Ebene Cybercity, Mauritius\r\n<br><strong>Telefon:<\/strong> +230 460 0251<br><strong>E-Mail:<\/strong> dpo@govmu.org<br>\r\n<strong>Website:<\/strong> <a href=\"https:\/\/dataprotection.govmu.org\">https:\/\/dataprotection.govmu.org<\/a>\r\n\r\n\r\n\r\n<\/p>\t\t\t\t<\/div>\n\t\t\t\t<\/div>\n\t\t\t\t<\/div>\n\t\t","protected":false},"excerpt":{"rendered":"<p>Datenschutzerkl\u00e4rung Diese Datenschutzerkl\u00e4rung erl\u00e4utert, wie Copernico Capital (\u201ewir\u201c, \u201euns\u201c oder \u201eunser\u201c) personenbezogene Daten erhebt, verwendet, speichert und anderweitig verarbeitet. Dies [&hellip;]<\/p>\n","protected":false},"author":1,"featured_media":0,"parent":0,"menu_order":0,"comment_status":"closed","ping_status":"closed","template":"","meta":{"site-sidebar-layout":"no-sidebar","site-content-layout":"","ast-site-content-layout":"full-width-container","site-content-style":"default","site-sidebar-style":"default","ast-global-header-display":"","ast-banner-title-visibility":"","ast-main-header-display":"","ast-hfb-above-header-display":"","ast-hfb-below-header-display":"","ast-hfb-mobile-header-display":"","site-post-title":"","ast-breadcrumbs-content":"","ast-featured-img":"disabled","footer-sml-layout":"","ast-disable-related-posts":"","theme-transparent-header-meta":"","adv-header-id-meta":"","stick-header-meta":"","header-above-stick-meta":"","header-main-stick-meta":"","header-below-stick-meta":"","astra-migrate-meta-layouts":"default","ast-page-background-enabled":"default","ast-page-background-meta":{"desktop":{"background-color":"var(--ast-global-color-5)","background-image":"","background-repeat":"repeat","background-position":"center center","background-size":"auto","background-attachment":"scroll","background-type":"","background-media":"","overlay-type":"","overlay-color":"","overlay-opacity":"","overlay-gradient":""},"tablet":{"background-color":"","background-image":"","background-repeat":"repeat","background-position":"center center","background-size":"auto","background-attachment":"scroll","background-type":"","background-media":"","overlay-type":"","overlay-color":"","overlay-opacity":"","overlay-gradient":""},"mobile":{"background-color":"","background-image":"","background-repeat":"repeat","background-position":"center center","background-size":"auto","background-attachment":"scroll","background-type":"","background-media":"","overlay-type":"","overlay-color":"","overlay-opacity":"","overlay-gradient":""}},"ast-content-background-meta":{"desktop":{"background-color":"var(--ast-global-color-4)","background-image":"","background-repeat":"repeat","background-position":"center center","background-size":"auto","background-attachment":"scroll","background-type":"","background-media":"","overlay-type":"","overlay-color":"","overlay-opacity":"","overlay-gradient":""},"tablet":{"background-color":"var(--ast-global-color-4)","background-image":"","background-repeat":"repeat","background-position":"center center","background-size":"auto","background-attachment":"scroll","background-type":"","background-media":"","overlay-type":"","overlay-color":"","overlay-opacity":"","overlay-gradient":""},"mobile":{"background-color":"var(--ast-global-color-4)","background-image":"","background-repeat":"repeat","background-position":"center center","background-size":"auto","background-attachment":"scroll","background-type":"","background-media":"","overlay-type":"","overlay-color":"","overlay-opacity":"","overlay-gradient":""}},"footnotes":""},"class_list":["post-7306","page","type-page","status-publish","hentry"],"_links":{"self":[{"href":"https:\/\/copernico.capital\/de\/wp-json\/wp\/v2\/pages\/7306","targetHints":{"allow":["GET"]}}],"collection":[{"href":"https:\/\/copernico.capital\/de\/wp-json\/wp\/v2\/pages"}],"about":[{"href":"https:\/\/copernico.capital\/de\/wp-json\/wp\/v2\/types\/page"}],"author":[{"embeddable":true,"href":"https:\/\/copernico.capital\/de\/wp-json\/wp\/v2\/users\/1"}],"replies":[{"embeddable":true,"href":"https:\/\/copernico.capital\/de\/wp-json\/wp\/v2\/comments?post=7306"}],"version-history":[{"count":2,"href":"https:\/\/copernico.capital\/de\/wp-json\/wp\/v2\/pages\/7306\/revisions"}],"predecessor-version":[{"id":7491,"href":"https:\/\/copernico.capital\/de\/wp-json\/wp\/v2\/pages\/7306\/revisions\/7491"}],"wp:attachment":[{"href":"https:\/\/copernico.capital\/de\/wp-json\/wp\/v2\/media?parent=7306"}],"curies":[{"name":"wp","href":"https:\/\/api.w.org\/{rel}","templated":true}]}}