{"id":7320,"date":"2026-03-04T17:12:33","date_gmt":"2026-03-04T17:12:33","guid":{"rendered":"https:\/\/copernico.capital\/develop\/risikohinweis\/"},"modified":"2026-03-11T15:23:40","modified_gmt":"2026-03-11T15:23:40","slug":"risikohinweis","status":"publish","type":"page","link":"https:\/\/copernico.capital\/de\/risikohinweis\/","title":{"rendered":"Risikohinweis"},"content":{"rendered":"\t\t<div data-elementor-type=\"wp-page\" data-elementor-id=\"7320\" class=\"elementor elementor-7320 elementor-6656\">\n\t\t\t\t<div class=\"elementor-element elementor-element-7adb9f4 e-con-full e-flex e-con e-parent\" data-id=\"7adb9f4\" data-element_type=\"container\" data-e-type=\"container\">\n\t\t<div class=\"elementor-element elementor-element-85fbec7 e-grid e-con-full e-con e-child\" data-id=\"85fbec7\" data-element_type=\"container\" data-e-type=\"container\" data-settings=\"{&quot;background_background&quot;:&quot;classic&quot;}\">\n\t\t<div class=\"elementor-element elementor-element-793e722 e-con-full e-flex e-con e-child\" data-id=\"793e722\" data-element_type=\"container\" data-e-type=\"container\" data-settings=\"{&quot;background_background&quot;:&quot;video&quot;,&quot;background_video_link&quot;:&quot;https:\\\/\\\/copernico.capital\\\/develop\\\/wp-content\\\/uploads\\\/2026\\\/03\\\/copernico-capital-video.mp4&quot;,&quot;background_play_on_mobile&quot;:&quot;yes&quot;,&quot;background_play_once&quot;:&quot;yes&quot;}\">\n\t\t<div class=\"elementor-background-video-container\">\n\t\t\t\t\t\t\t<video class=\"elementor-background-video-hosted\" role=\"presentation\" autoplay muted playsinline><\/video>\n\t\t\t\t\t<\/div>\t\t<div class=\"elementor-element elementor-element-9611bc9 headline legal-hero-title elementor-widget-mobile__width-initial elementor-widget elementor-widget-heading\" data-id=\"9611bc9\" data-element_type=\"widget\" data-e-type=\"widget\" data-widget_type=\"heading.default\">\n\t\t\t\t\t<h1 class=\"elementor-heading-title elementor-size-default\">Risikohinweis<\/h1>\t\t\t\t<\/div>\n\t\t\t\t<\/div>\n\t\t\t\t<\/div>\n\t\t\t\t<div class=\"elementor-element elementor-element-3cf0ad2 elementor-widget elementor-widget-html\" data-id=\"3cf0ad2\" data-element_type=\"widget\" data-e-type=\"widget\" data-widget_type=\"html.default\">\n\t\t\t\t\t<p class=\"text-justify\">\r\n    <strong>Pr\u00e4ambel<\/strong>\r\n\t<br>\t\r\n    <strong>&nbsp;<\/strong>\r\n\t<br>\t\r\n    <strong>Risikohinweis \u2013 Hebel- \/ Margin-Handel<\/strong>\r\n\t<br>\t\r\n Der Handel mit Differenzkontrakten (CFDs) ist mit einem hohen Risiko verbunden und unter Umst\u00e4nden nicht f\u00fcr alle Anleger geeignet. CFDs sind gehebelte Produkte, was bedeutet, dass sowohl Gewinne als auch Verluste erheblich vergr\u00f6\u00dfert werden k\u00f6nnen. Infolgedessen k\u00f6nnen Sie mehr als Ihre urspr\u00fcngliche Investition verlieren. Bevor Sie mit dem CFD-Handel beginnen, sollten Sie sicherstellen, dass Sie die Funktionsweise von CFDs und die damit verbundenen Risiken vollst\u00e4ndig verstehen. Sie sollten Ihre Anlageziele, Ihre finanzielle Situation, Ihre Risikotoleranz und Ihre Erfahrung sorgf\u00e4ltig pr\u00fcfen. Falls erforderlich, wird Ihnen dringend empfohlen, eine unabh\u00e4ngige Finanz-, Rechts- oder Steuerberatung einzuholen. Die Wertentwicklung in der Vergangenheit ist kein zuverl\u00e4ssiger Indikator f\u00fcr zuk\u00fcnftige Ergebnisse. Die Marktbedingungen k\u00f6nnen sich schnell \u00e4ndern, und es gibt keine Garantie daf\u00fcr, dass eine Handelsstrategie erfolgreich sein wird.       \r\n    \r\n\t<br><br>  \r\n    <strong>\u00dcber Derivate<\/strong> <br>     \r\n Zu den Derivaten geh\u00f6ren vor allem CFDs. Ihr Wert leitet sich von Basiswerten wie Aktien, Indizes, Anleihen, W\u00e4hrungen oder Rohstoffen ab, die sehr volatil sein k\u00f6nnen. \r\n     \r\n\t<br><br> Ein wesentliches Merkmal dieser Instrumente ist, dass sie mit geringem oder gar keinem anf\u00e4nglichen Kapitaleinsatz gehandelt werden k\u00f6nnen \u2013 \u00fcber Margin (f\u00fcr CFDs). Dies erzeugt einen Hebeleffekt, was bedeutet, dass kleine Bewegungen im zugrunde liegenden Verm\u00f6genswert zu gro\u00dfen Wert\u00e4nderungen des Derivats f\u00fchren k\u00f6nnen, was m\u00f6glicherweise zus\u00e4tzliche Variation Margin erfordert.  \r\n\r\n\t<br><br>\r\n    <strong>Futures<\/strong><br>    \r\n Futures sind b\u00f6rsennotierte Derivate, deren Preise vom Wert der Basiswerte abh\u00e4ngen und von Faktoren wie Zinss\u00e4tzen, Angebot und Nachfrage, Regierungspolitik sowie nationalen oder globalen wirtschaftlichen und politischen Ereignissen beeinflusst werden k\u00f6nnen.\r\n     \r\n    <br><br><\/p>\r\n Zu den Hauptrisiken geh\u00f6ren: \r\n    <ul>\r\n        <li style=\"list-style-type: none;\">\r\n            <ul>\r\n                <li class=\"text-justify\">\r\n B\u00f6rsen- oder Clearinghausrisiko \u2013 ein Ausfall der B\u00f6rse oder des Clearinghauses kann Ihre Positionen beeintr\u00e4chtigen.\r\n                <\/li>\r\n                <li class=\"text-justify\">\r\n Liquidit\u00e4t und Preislimits \u2013 einige B\u00f6rsen legen t\u00e4gliche Preislimits fest; wenn diese erreicht werden, k\u00f6nnen Sie m\u00f6glicherweise keine Positionen eingehen, anpassen oder schlie\u00dfen, was potenziell zu erheblichen Verlusten f\u00fchren kann.\r\n                <\/li>\r\n                <li class=\"text-justify\">\r\n Hebelrisiko \u2013 niedrige Margin-Anforderungen k\u00f6nnen Gewinne oder Verluste verst\u00e4rken, sodass kleine \u00c4nderungen im zugrunde liegenden Verm\u00f6genswert gro\u00dfe finanzielle Auswirkungen haben k\u00f6nnen.\r\n                <\/li>\r\n                <li class=\"text-justify\">\r\n Handelsaussetzung \u2013 unter au\u00dfergew\u00f6hnlichen Umst\u00e4nden k\u00f6nnen B\u00f6rsen oder Aufsichtsbeh\u00f6rden den Handel aussetzen oder die Liquidation von Positionen erzwingen.\r\n                <\/li>\r\n            <\/ul>\r\n        <\/li>\r\n    <\/ul>\r\n\r\n\r\n<p class=\"text-justify\">\r\n    <strong>Hebelwirkung<\/strong> <br>     \r\n Derivate erfordern oft wenig oder keine anf\u00e4ngliche Einlage, wodurch Sie Positionen eingehen k\u00f6nnen, die gr\u00f6\u00dfer sind als Ihr investiertes Kapital. Dies verst\u00e4rkt Gewinne und Verluste, sodass selbst kleine \u00c4nderungen des Basiswerts gro\u00dfe Schwankungen in Ihren Handelsertr\u00e4gen verursachen k\u00f6nnen. \r\n\r\n    <br><br>\r\n Wenn sich der Markt gegen Ihre Positionen entwickelt, k\u00f6nnen die Verluste erheblich sein und Ihr investiertes Kapital \u00fcbersteigen. Die Nichterf\u00fcllung von Margin- oder Finanzierungsverpflichtungen kann es Kreditgebern auch erm\u00f6glichen, Ihre Positionen zu schlie\u00dfen oder als Sicherheit gehaltene Wertpapiere einzufordern.\r\n    \r\n\r\n    <br><br>\r\n    <strong>Margin-Handel und Kreditaufnahme<\/strong> <br>     \r\n Der Margin-Handel beinhaltet die Aufnahme von Mitteln bei Ihrem Broker, um Ihr Engagement \u00fcber Ihr investiertes Kapital hinaus zu erh\u00f6hen. Sie k\u00f6nnen Positionen durch Derivate wie CFDs sowie andere komplexe Instrumente mit eingebetteter Hebelwirkung hebeln. \r\n  \r\n    <br><br><\/p>\r\n Wichtige \u00dcberlegungen: \r\n    <ul>\r\n        <li style=\"list-style-type: none;\">\r\n            <ul>\r\n                <li class=\"text-justify\">\r\n Zinsen und Kosten \u2013 Kreditaufnahme und gehebelte Positionen verursachen Zinsen, Transaktions- und andere Kosten, die m\u00f6glicherweise nicht vollst\u00e4ndig durch Handelsergebnisse ausgeglichen werden.\r\n                <\/li>\r\n                <li class=\"text-justify\">\r\n Hebelgr\u00f6\u00dfe \u2013 der Betrag, den Sie leihen k\u00f6nnen, kann im Verh\u00e4ltnis zu Ihrem Kapital erheblich sein, was sowohl Gewinne als auch Verluste verst\u00e4rkt.\r\n                <\/li>\r\n                <li class=\"text-justify\">\r\n Zinseinfluss \u2013 die vorherrschenden Zinss\u00e4tze und Ihre spezifischen Kreditkonditionen k\u00f6nnen Ihre Netto-Handelsergebnisse erheblich beeinflussen.\r\n                <\/li>\r\n            <\/ul>\r\n        <\/li>\r\n    <\/ul>\r\n\r\n\r\n<p class=\"text-justify\">\r\n     <strong>Margin-Anforderungen und Margin Calls<\/strong> <br>     \r\n Wenn Sie Hebelwirkung durch Derivate, Margin-Handel oder andere Kreditaufnahmen nutzen, m\u00fcssen Sie eine Einschusszahlung (Initial Margin) oder Sicherheiten in Form von Barmitteln oder Wertpapieren hinterlegen.\r\n     \r\n    <br><br> Wenn der Wert Ihres Kontos oder der verpf\u00e4ndeten Verm\u00f6genswerte sinkt, erhalten Sie m\u00f6glicherweise einen Margin Call (Nachschussaufforderung), der Sie verpflichtet, zus\u00e4tzliche Mittel oder Wertpapiere einzuzahlen.\r\n\r\n\t<br> <br> Die Nichterf\u00fcllung eines Margin Calls kann zu Folgendem f\u00fchren:  \r\n\t <\/p>\r\n    <ul>\r\n        <li style=\"list-style-type: none;\">\r\n            <ul>\r\n                <li class=\"text-justify\">Erzwungene Liquidation von Positionen oder Sicherheiten<\/li>\r\n                <li class=\"text-justify\">Schlie\u00dfung von Positionen mit Verlust, der potenziell gr\u00f6\u00dfer ist als erwartet<\/li>\r\n                <li class=\"text-justify\">Unf\u00e4higkeit, schnell zu handeln, wenn Marktbedingungen eine rechtzeitige Liquidation verhindern <\/li>\r\n            <\/ul>\r\n        <\/li>\r\n    <\/ul>\r\n  \r\n<p class=\"text-justify\">    \r\n Wertpapierh\u00e4ndler, die die Margin-Handelsgesch\u00e4fte ihrer Kunden finanzieren, k\u00f6nnen diskretion\u00e4re Margin-Anforderungen, Haircuts sowie Bewertungsrichtlinien f\u00fcr Sicherheiten oder Kollateral anwenden. \u00c4nderungen dieser Richtlinien oder die Auferlegung anderer Kreditbeschr\u00e4nkungen oder -restriktionen, sei es aufgrund von Marktbedingungen, staatlichen, regulatorischen oder gerichtlichen Ma\u00dfnahmen, k\u00f6nnen zu Folgendem f\u00fchren:<\/p>\r\n     \r\n\r\n    <ul>\r\n        <li style=\"list-style-type: none;\">\r\n            <ul>\r\n                <li class=\"text-justify\">Gro\u00dfe Margin Calls,<\/li>\r\n                <li class=\"text-justify\">Verlust der Finanzierung,<\/li>\r\n                <li>Erzwungene Liquidation von Positionen zu \u00e4u\u00dferst ung\u00fcnstigen Preisen,<\/li>\r\n                <li class=\"text-justify\">K\u00fcndigung von Vertr\u00e4gen und Vereinbarungen, und<\/li>\r\n                <li class=\"text-justify\">Cross-Defaults mit anderen H\u00e4ndlern.<\/li>\r\n            <\/ul>\r\n        <\/li>\r\n    <\/ul>\r\n\r\n\t<p class=\"text-justify\">   \r\n\t\r\n Diese negativen Auswirkungen k\u00f6nnen sich verst\u00e4rken, wenn solche Beschr\u00e4nkungen oder Restriktionen pl\u00f6tzlich oder von mehreren Marktteilnehmern auferlegt werden. Infolgedessen k\u00f6nnen Sie gezwungen sein, Ihr Portfolio ganz oder teilweise zu \u00e4u\u00dferst ung\u00fcnstigen Preisen zu liquidieren, was m\u00f6glicherweise zum vollst\u00e4ndigen Verlust Ihres eingesetzten Kapitals f\u00fchrt. Es gibt keine Garantie, dass Sie jederzeit eine angemessene Finanzierung oder Sicherheiten f\u00fcr den Margin-Handel erhalten oder aufrechterhalten k\u00f6nnen. \r\n\r\n     <br> <br>\r\n     <strong>Ausfallrisiko<\/strong> <br>     \r\n Alle Transaktionen beinhalten ein Gegenpartei-Kredit- und Ausfallrisiko. Diese Risiken werden bei b\u00f6rsengehandelten Instrumenten gemindert, die im Allgemeinen durch Clearinghaus-Garantien, t\u00e4gliche Marktbewertung und Abwicklung sowie die f\u00fcr Intermedi\u00e4re geltenden Trennungs- und Mindestkapitalanforderungen abgesichert sind. Transaktionen, die direkt zwischen zwei Gegenparteien abgeschlossen werden, profitieren jedoch im Allgemeinen nicht von solchen Schutzma\u00dfnahmen und setzen die Gegenparteien einem gr\u00f6\u00dferen Risiko des Gegenparteiausfalls aus. Dar\u00fcber hinaus kann es unter bestimmten Umst\u00e4nden nicht m\u00f6glich sein, dass die bei Verwahrstellen oder Brokern hinterlegten Barmittel, Wertpapiere und sonstigen Verm\u00f6genswerte eindeutig als Ihnen zugeh\u00f6rig identifiziert werden, wodurch Sie dem Kredit-, Ausfall-, Abwicklungs-, Clearing- und Lieferrisiko des Brokers oder der Verwahrstelle ausgesetzt sein k\u00f6nnen.    Dar\u00fcber hinaus k\u00f6nnen praktische, rechtliche, operative oder zeitliche Probleme bei der Durchsetzung Ihrer Rechte an Ihren Verm\u00f6genswerten im Falle der Insolvenz einer Gegenpartei, Verwahrstelle oder eines Brokers auftreten. \r\n\r\n    <br><br>     \r\n Wenn eine Gegenpartei ausf\u00e4llt, k\u00f6nnen Ihnen vertragliche Rechtsbehelfe gem\u00e4\u00df den einschl\u00e4gigen Vereinbarungen zustehen. Die Aus\u00fcbung solcher Rechte kann jedoch Verz\u00f6gerungen oder Kosten verursachen, die einen Teil Ihres Kapitals schm\u00e4lern oder reduzieren k\u00f6nnten.\r\n     \r\n\r\n    <br><br> Zus\u00e4tzlich besteht das Risiko, dass eine Gegenpartei insolvent werden oder einem Insolvenzverfahren unterliegen k\u00f6nnte. In solchen F\u00e4llen kann die R\u00fcckgewinnung Ihrer Positionen oder Wertpapiere oder die Zahlung von Forderungen erheblich verz\u00f6gert werden, und Sie k\u00f6nnen wesentlich weniger als den vollen Wert der Vertr\u00e4ge oder Basiswerte zur\u00fcckerhalten.\r\n     \r\n    <br><br> \u00c4hnliche Risiken gelten f\u00fcr Ihre Beziehungen zu Brokern oder Prime Brokern. Sie sollten generell davon ausgehen, dass die Insolvenz einer Gegenpartei zu einem erheblichen Verlust f\u00fchren kann, der sich verschlimmern kann, wenn Ihre Verm\u00f6genswerte nicht getrennt verwahrt werden.  \r\n\r\n    <br><br>\r\n    <strong>Handel<\/strong> <br>     \r\n Die Ausf\u00fchrung von Transaktionen auf M\u00e4rkten au\u00dferhalb Ihres Heimatlandes, einschlie\u00dflich M\u00e4rkten, die formell mit Ihrem Heimatmarkt verbunden sind, kann zus\u00e4tzliche Risiken beinhalten.\r\n     \r\n\t<br><br>     \r\n Die Regulierung in diesen ausl\u00e4ndischen M\u00e4rkten kann von der in Ihrem Heimatland abweichen und ein geringeres Ma\u00df an Anlegerschutz bieten. Ihre lokale Aufsichtsbeh\u00f6rde kann die Einhaltung der Regeln, die von Aufsichtsbeh\u00f6rden oder Marktbetreibern in anderen Jurisdiktionen, in denen Ihre Transaktionen stattfinden, festgelegt wurden, nicht garantieren.\r\n\t<br><br>    \r\n Die meisten elektronischen Handelssysteme st\u00fctzen sich auf Informationstechnologie-Hardware (z. B. Computer oder Server) und -Software (z. B. Orderbuchprotokolle und Auftragsverwaltungsprogramme), um Auftr\u00e4ge weiterzuleiten, Gebote und Angebote abzugleichen, Operationen zu verwalten sowie Transaktionen zu registrieren, zu verrechnen und abzuwickeln.\r\n    \r\n\t<br><br>\t\r\n Wie alle Informationstechnologiesysteme unterliegen auch diese Handelsplattformen Ausf\u00e4llen oder Fehlfunktionen. Ihre M\u00f6glichkeit, bestimmte Verluste zur\u00fcckzufordern, kann durch die Haftungsbeschr\u00e4nkungen der Systemanbieter, M\u00e4rkte, Clearingh\u00e4user und\/oder Handelsfirmen begrenzt sein. Diese Grenzen k\u00f6nnen variieren, daher ist es wichtig, detaillierte Informationen von Ihrer Handelsfirma bez\u00fcglich der anwendbaren Haftungsdeckung einzuholen. \r\n     \r\n <\/p>\r\n\t\t\t\t<\/div>\n\t\t\t\t<\/div>\n\t\t\t\t<\/div>\n\t\t","protected":false},"excerpt":{"rendered":"<p>Risikohinweis Pr\u00e4ambel &nbsp; Risikohinweis \u2013 Hebel- \/ Margin-Handel Der Handel mit Differenzkontrakten (CFDs) ist mit einem hohen Risiko verbunden und [&hellip;]<\/p>\n","protected":false},"author":1,"featured_media":0,"parent":0,"menu_order":0,"comment_status":"closed","ping_status":"closed","template":"","meta":{"site-sidebar-layout":"no-sidebar","site-content-layout":"","ast-site-content-layout":"full-width-container","site-content-style":"default","site-sidebar-style":"default","ast-global-header-display":"","ast-banner-title-visibility":"","ast-main-header-display":"","ast-hfb-above-header-display":"","ast-hfb-below-header-display":"","ast-hfb-mobile-header-display":"","site-post-title":"","ast-breadcrumbs-content":"","ast-featured-img":"disabled","footer-sml-layout":"","ast-disable-related-posts":"","theme-transparent-header-meta":"","adv-header-id-meta":"","stick-header-meta":"","header-above-stick-meta":"","header-main-stick-meta":"","header-below-stick-meta":"","astra-migrate-meta-layouts":"default","ast-page-background-enabled":"default","ast-page-background-meta":{"desktop":{"background-color":"var(--ast-global-color-5)","background-image":"","background-repeat":"repeat","background-position":"center center","background-size":"auto","background-attachment":"scroll","background-type":"","background-media":"","overlay-type":"","overlay-color":"","overlay-opacity":"","overlay-gradient":""},"tablet":{"background-color":"","background-image":"","background-repeat":"repeat","background-position":"center center","background-size":"auto","background-attachment":"scroll","background-type":"","background-media":"","overlay-type":"","overlay-color":"","overlay-opacity":"","overlay-gradient":""},"mobile":{"background-color":"","background-image":"","background-repeat":"repeat","background-position":"center center","background-size":"auto","background-attachment":"scroll","background-type":"","background-media":"","overlay-type":"","overlay-color":"","overlay-opacity":"","overlay-gradient":""}},"ast-content-background-meta":{"desktop":{"background-color":"var(--ast-global-color-4)","background-image":"","background-repeat":"repeat","background-position":"center center","background-size":"auto","background-attachment":"scroll","background-type":"","background-media":"","overlay-type":"","overlay-color":"","overlay-opacity":"","overlay-gradient":""},"tablet":{"background-color":"var(--ast-global-color-4)","background-image":"","background-repeat":"repeat","background-position":"center center","background-size":"auto","background-attachment":"scroll","background-type":"","background-media":"","overlay-type":"","overlay-color":"","overlay-opacity":"","overlay-gradient":""},"mobile":{"background-color":"var(--ast-global-color-4)","background-image":"","background-repeat":"repeat","background-position":"center center","background-size":"auto","background-attachment":"scroll","background-type":"","background-media":"","overlay-type":"","overlay-color":"","overlay-opacity":"","overlay-gradient":""}},"footnotes":""},"class_list":["post-7320","page","type-page","status-publish","hentry"],"_links":{"self":[{"href":"https:\/\/copernico.capital\/de\/wp-json\/wp\/v2\/pages\/7320","targetHints":{"allow":["GET"]}}],"collection":[{"href":"https:\/\/copernico.capital\/de\/wp-json\/wp\/v2\/pages"}],"about":[{"href":"https:\/\/copernico.capital\/de\/wp-json\/wp\/v2\/types\/page"}],"author":[{"embeddable":true,"href":"https:\/\/copernico.capital\/de\/wp-json\/wp\/v2\/users\/1"}],"replies":[{"embeddable":true,"href":"https:\/\/copernico.capital\/de\/wp-json\/wp\/v2\/comments?post=7320"}],"version-history":[{"count":3,"href":"https:\/\/copernico.capital\/de\/wp-json\/wp\/v2\/pages\/7320\/revisions"}],"predecessor-version":[{"id":7551,"href":"https:\/\/copernico.capital\/de\/wp-json\/wp\/v2\/pages\/7320\/revisions\/7551"}],"wp:attachment":[{"href":"https:\/\/copernico.capital\/de\/wp-json\/wp\/v2\/media?parent=7320"}],"curies":[{"name":"wp","href":"https:\/\/api.w.org\/{rel}","templated":true}]}}