{"id":7287,"date":"2026-03-04T17:09:15","date_gmt":"2026-03-04T17:09:15","guid":{"rendered":"https:\/\/copernico.capital\/develop\/politica-de-privacidad\/"},"modified":"2026-03-10T22:40:25","modified_gmt":"2026-03-10T22:40:25","slug":"politica-de-privacidad","status":"publish","type":"page","link":"https:\/\/copernico.capital\/es\/politica-de-privacidad\/","title":{"rendered":"Pol\u00edtica de Privacidad"},"content":{"rendered":"\t\t<div data-elementor-type=\"wp-page\" data-elementor-id=\"7287\" class=\"elementor elementor-7287 elementor-6650\">\n\t\t\t\t<div class=\"elementor-element elementor-element-4301d7b e-con-full e-flex e-con e-parent\" data-id=\"4301d7b\" data-element_type=\"container\" data-e-type=\"container\">\n\t\t<div class=\"elementor-element elementor-element-ae42c5e e-grid e-con-full e-con e-child\" data-id=\"ae42c5e\" data-element_type=\"container\" data-e-type=\"container\" data-settings=\"{&quot;background_background&quot;:&quot;classic&quot;}\">\n\t\t<div class=\"elementor-element elementor-element-c5acea7 e-con-full e-flex e-con e-child\" data-id=\"c5acea7\" data-element_type=\"container\" data-e-type=\"container\" data-settings=\"{&quot;background_background&quot;:&quot;video&quot;,&quot;background_video_link&quot;:&quot;https:\\\/\\\/copernico.capital\\\/develop\\\/wp-content\\\/uploads\\\/2026\\\/03\\\/copernico-capital-video.mp4&quot;,&quot;background_play_on_mobile&quot;:&quot;yes&quot;,&quot;background_play_once&quot;:&quot;yes&quot;}\">\n\t\t<div class=\"elementor-background-video-container\">\n\t\t\t\t\t\t\t<video class=\"elementor-background-video-hosted\" role=\"presentation\" autoplay muted playsinline><\/video>\n\t\t\t\t\t<\/div>\t\t<div class=\"elementor-element elementor-element-e8852eb headline legal-hero-title elementor-widget-mobile__width-initial elementor-widget elementor-widget-heading\" data-id=\"e8852eb\" data-element_type=\"widget\" data-e-type=\"widget\" data-widget_type=\"heading.default\">\n\t\t\t\t\t<h1 class=\"elementor-heading-title elementor-size-default\">Pol\u00edtica de Privacidad<\/h1>\t\t\t\t<\/div>\n\t\t\t\t<\/div>\n\t\t\t\t<\/div>\n\t\t\t\t<div class=\"elementor-element elementor-element-e89cb46 elementor-widget elementor-widget-html\" data-id=\"e89cb46\" data-element_type=\"widget\" data-e-type=\"widget\" data-widget_type=\"html.default\">\n\t\t\t\t\t<p class=\"text-justify\">\r\n\r\nEsta Pol\u00edtica de Privacidad explica c\u00f3mo Copernico Capital (en adelante, \u00abnosotros\u00bb o \u00abnuestro\u00bb) recopila, utiliza, almacena y procesa de cualquier otra forma datos personales. Esto incluye datos personales relacionados con personas que son nuestros clientes, clientes potenciales, intermediarios, proveedores de servicios, socios comerciales u otros terceros con los que interactuamos, as\u00ed como personas vinculadas a dichas partes. \r\n\r\n<br><br>\r\nEsta Pol\u00edtica de Privacidad ha sido elaborada de conformidad con la legislaci\u00f3n de protecci\u00f3n de datos aplicable, incluyendo:<\/p>\r\n\r\n<ul style=\"margin-left:30px;\">\r\n \t<li class=\"text-justify\">La Ley de Servicios Financieros de 2007 de la Comisi\u00f3n de Servicios Financieros de Mauricio (FSC)); y<\/li>\r\n \t<li class=\"text-justify\">La Ley de Protecci\u00f3n de Datos de Mauricio de 2017 (\u00abMU DPA\u00bb),\r\n<\/li>\r\n<\/ul>\r\n\r\n<p class=\"text-justify\">\r\n(denominadas conjuntamente \u00abLegislaci\u00f3n de Protecci\u00f3n de Datos\u00bb o \u00abLPD\u00bb).\r\n\r\n<br><br>\r\nSi tiene alguna pregunta sobre esta Pol\u00edtica de Privacidad, c\u00f3mo gestionamos sus datos personales o si desea ejercer sus derechos de protecci\u00f3n de datos, p\u00f3ngase en contacto con nuestro Delegado de Protecci\u00f3n de Datos (\u00abDPD\u00bb).\r\n\r\n<br><br>\r\nPodemos actualizar esta Pol\u00edtica de Privacidad peri\u00f3dicamente para aclarar su contenido o para reflejar cambios en las leyes aplicables, regulaciones, directrices regulatorias o nuestras operaciones y pr\u00e1cticas comerciales. Cuando dichos cambios sean sustanciales, tomaremos medidas razonables para notificarle, incluyendo la publicaci\u00f3n de un aviso en nuestro sitio web y\/o a trav\u00e9s de la documentaci\u00f3n de servicio relevante. La versi\u00f3n m\u00e1s actual de esta Pol\u00edtica de Privacidad estar\u00e1 siempre disponible en nuestro sitio web.  \r\n<br><br>\r\n<strong>Fuentes de Datos Personales<\/strong><br>\r\nRecopilamos la mayor\u00eda de sus datos personales directamente de usted, ya sea en persona, por tel\u00e9fono, correo electr\u00f3nico, mensaje de texto o a trav\u00e9s de nuestro sitio web y plataformas digitales relacionadas.\r\n\r\n<br><br>\r\nEn ciertas circunstancias, tambi\u00e9n podemos obtener y procesar datos personales de otras fuentes leg\u00edtimas, incluyendo:\r\n<\/p>\r\n\r\n<ul style=\"margin-left:30px;\">\r\n \t<li class=\"text-justify\">Fuentes de acceso p\u00fablico, como registros de empresas, presentaciones regulatorias, publicaciones de prensa, sitios web de internet y plataformas de redes sociales.<\/li>\r\n \t<li class=\"text-justify\">Proveedores de servicios de informaci\u00f3n de buena reputaci\u00f3n, incluyendo proveedores de detecci\u00f3n de sanciones, bases de datos de personas pol\u00edticamente expuestas (PEP), bases de datos de medios adversos\/publicidad negativa, agencias de referencia de cr\u00e9dito y bases de datos antifraude.<\/li>\r\n \t<li class=\"text-justify\">Terceros relacionados con usted, como su(s) banco(s), corredor(es), contable(s), auditor(es), asesores legales u otros asesores profesionales, cuando usted haya dado su consentimiento o cuando lo permita la ley aplicable; y<\/li>\r\n \t<li class=\"text-justify\">Nuestros sistemas internos y tecnolog\u00edas del sitio web, incluyendo la informaci\u00f3n recopilada a trav\u00e9s de cookies y tecnolog\u00edas de seguimiento similares. Para m\u00e1s detalles, consulte nuestra Pol\u00edtica de Cookies. <\/li>\r\n\r\n<\/ul>\r\n\r\n<p class=\"text-justify\">\r\n\r\n<strong>Suministro de Datos Personales<\/strong><br>\r\nUsted no tiene la obligaci\u00f3n legal de proporcionarnos sus datos personales. Sin embargo, si decide no proporcionar cierta informaci\u00f3n solicitada por nosotros, es posible que no podamos establecer o continuar una relaci\u00f3n comercial con usted o proporcionarle nuestros servicios. \r\n\r\n<br><br>\r\nEn particular, para cumplir con nuestras obligaciones legales y regulatorias, incluidas las relacionadas con el conocimiento del cliente (KYC), la lucha contra el blanqueo de capitales y la financiaci\u00f3n del terrorismo (AML\/CFT), y los requisitos de origen de los fondos\/origen de la riqueza (seg\u00fan se definen a continuaci\u00f3n), estamos obligados a verificar su identidad y obtener informaci\u00f3n sobre su estado, antecedentes financieros y actividad transaccional. El cumplimiento de estas obligaciones requiere necesariamente la recopilaci\u00f3n y el procesamiento de sus datos personales. \r\n\r\n<br><br>\r\n<strong>Datos Personales Sensibles o de Categor\u00eda Especial<\/strong>\r\n<br>\r\nEn ciertas circunstancias, los datos personales que procesamos pueden incluir datos <strong>\u00absensibles\u00bb o de \u00abcategor\u00eda especial\u00bb<\/strong>, como informaci\u00f3n relacionada con su raza, etnia, religi\u00f3n, opiniones pol\u00edticas, identificaci\u00f3n biom\u00e9trica o gen\u00e9tica, salud, orientaci\u00f3n sexual, antecedentes penales o presunta actividad delictiva. El procesamiento de dichos datos generalmente requiere su <strong>consentimiento<\/strong> expl\u00edcito, que puede retirar en cualquier momento. \r\n\r\n<br><br>\r\nLas bases legales para el procesamiento de datos personales sensibles incluyen:\r\n<\/p>\r\n\r\n<ul style=\"margin-left:30px;\"> \t\r\n \t<li class=\"text-justify\">Su consentimiento, cuando haya proporcionado voluntariamente dichos datos;<\/li>\r\n \t<li class=\"text-justify\">Cumplimiento de obligaciones legales; y\/o<\/li>\r\n \t<li class=\"text-justify\">Reclamaciones o procedimientos legales, incluidas las investigaciones regulatorias.<\/li>\r\n<\/ul>\r\n\r\n<p class=\"text-justify\">\r\n\r\nCuando usted proporciona voluntariamente datos personales sensibles que puedan ser relevantes para los servicios que le prestamos, o para fines de gesti\u00f3n de la relaci\u00f3n, se considera que ha consentido nuestro tratamiento de dichos datos en la medida necesaria y adecuada.\r\n<br><br>\r\n<strong>Usos de los Datos Personales<\/strong><br>\r\nLos fines para los que tratamos sus datos personales, y las bases legales correspondientes seg\u00fan la legislaci\u00f3n de protecci\u00f3n de datos aplicable, son los siguientes:\r\n <\/p>\r\n\r\n<ol style=\"list-style: lower-latin; margin-left:30px;\">\r\n\r\n \t<li class=\"text-justify\"><strong>Gesti\u00f3n de Relaciones, Prestaci\u00f3n de Servicios y Ejecuci\u00f3n de Contratos<\/strong>\r\n<br>\r\nProcesamos sus datos personales cuando sea necesario para:\r\n\r\n<ul style=\"list-style: circle; margin-left:30px;\">\r\n \t<li class=\"text-justify\">Establecer y gestionar nuestra relaci\u00f3n con el cliente;<\/li>\r\n \t<li class=\"text-justify\">Ejecutar un contrato con usted relacionado con nuestros servicios; o<\/li>\r\n \t<li class=\"text-justify\">Tomar medidas a su solicitud antes de celebrar dicho contrato<\/li>\r\n<\/ul>\r\n<\/li>\r\n\r\n<br>\r\n<li class=\"text-justify\"><strong>Cumplimiento de Obligaciones Legales y Regulatorias<\/strong>\r\n<br>Como entidad de servicios financieros regulada, estamos sujetos a obligaciones legales y regulatorias que pueden requerir la recopilaci\u00f3n, almacenamiento o divulgaci\u00f3n de datos personales, incluso entre jurisdicciones (UE\/Reino Unido\/MU). Estas incluyen, entre otras: \r\n<br>\r\n<ul style=\"list-style: circle; margin-left:30px;\">\r\n \t<li class=\"text-justify\">Requisitos de conocimiento del cliente (KYC), lucha contra el blanqueo de capitales (AML) y financiaci\u00f3n del terrorismo (CTF);<\/li>\r\n \t<li class=\"text-justify\">Investigaciones regulatorias o penales, u \u00f3rdenes de divulgaci\u00f3n; y<\/li>\r\n \t<li class=\"text-justify\">Informes fiscales u otros requisitos impuestos por las autoridades p\u00fablicas.<\/li>\r\n\r\n<\/ul>\r\n<br>\r\n<\/li>\r\n\r\n<li class=\"text-justify\"><strong>Persecuci\u00f3n de Nuestros Intereses Leg\u00edtimos<\/strong>\r\n<br>\r\nCuando sea necesario, podemos procesar datos personales para perseguir nuestros intereses leg\u00edtimos o los de terceros, siempre que dichos intereses no prevalezcan sobre sus derechos de privacidad. Los ejemplos incluyen: \r\n<br>\r\n<ul style=\"list-style: circle; margin-left:30px;\">\r\n \t<li class=\"text-justify\">KYC, AML\/CTF, verificaciones de solvencia y prevenci\u00f3n o detecci\u00f3n de delitos financieros;<\/li>\r\n \t<li class=\"text-justify\">Gesti\u00f3n de relaciones con clientes y proveedores, gesti\u00f3n de riesgos y eficiencia operativa;<\/li>\r\n \t<li class=\"text-justify\">Grabaci\u00f3n de llamadas telef\u00f3nicas y\/o supervisi\u00f3n de comunicaciones electr\u00f3nicas para fines de cumplimiento;<\/li>\r\n \t<li class=\"text-justify\">Seguridad de la informaci\u00f3n y de las instalaciones, incluyendo el uso de grabaciones de audio o v\u00eddeo;<\/li>\r\n \t<li class=\"text-justify\">Desarrollo y comercializaci\u00f3n de productos y servicios (a menos que haya denegado el consentimiento); y<\/li>\r\n \t<li class=\"text-justify\">Investigaciones, auditor\u00edas o procedimientos legales, incluida la recuperaci\u00f3n de deudas, donde sus datos personales pueden ser utilizados para presentar o defender reclamaciones<\/li>\r\n<\/ul>\r\n<\/li>\r\n\r\n<br><li class=\"text-justify\"><strong>Fines Basados en el Consentimiento<\/strong>\r\n<br>\r\nTambi\u00e9n podemos procesar datos personales para cualquier otro fin que haya sido expl\u00edcitamente acordado por usted o para el que haya dado su consentimiento. Puede retirar dicho consentimiento en cualquier momento. La retirada no afecta la legalidad del procesamiento realizado antes de la retirada, pero puede afectar nuestra capacidad para proporcionar servicios de la misma manera que antes.  \r\n\r\n<\/li>\r\n<\/ol>\r\n\r\n<p class=\"text-justify\">\r\n<strong>Transferencias de Datos<\/strong>\r\n<br>Podemos compartir sus datos personales con autoridades, instituciones financieras, proveedores de servicios, asesores o filiales cuando sea necesario para prestar nuestros servicios o cumplir con la ley.\r\n<\/p>\r\n\r\n<ul style=\"margin-left:30px;\">\r\n \t<li class=\"text-justify\">Sus datos solo se comparten con partes que est\u00e1n obligadas a protegerlos y utilizarlos para fines leg\u00edtimos.<\/li>\r\n \t<li class=\"text-justify\">Si sus datos necesitan ser transferidos fuera de Mauricio, nos aseguraremos de que est\u00e9n protegidos por ley o contrato, y en algunos casos su consentimiento se asume al utilizar nuestros servicios.<\/li>\r\n \t<li class=\"text-justify\">Las transferencias a EE. UU. siguen las salvaguardias oficiales aprobadas por el RGPD (Cl\u00e1usulas Contractuales Est\u00e1ndar).<\/li>\r\n \t<li class=\"text-justify\">Nunca compartiremos sus datos con terceros no relacionados o sin las medidas de protecci\u00f3n adecuadas.<\/li>\r\n<\/ul>\r\n\r\n<p class=\"text-justify\">\r\n\r\n<strong>Retenci\u00f3n<\/strong><br>\r\nRetenemos sus datos personales solo el tiempo necesario para cumplir estos fines o satisfacer los requisitos legales. Una vez que ya no son necesarios, sus datos se destruyen de forma segura, a menos que la retenci\u00f3n sea requerida para auditor\u00edas, impuestos o razones legales. \r\n<br><br>\r\nUsted tiene derechos sobre sus datos personales, incluyendo:\r\n<\/p>\r\n<ul style=\"margin-left:30px;\">\r\n \t<li class=\"text-justify\">Acceder, corregir o eliminar sus datos<\/li>\r\n \t<li class=\"text-justify\">Restringir el procesamiento o transferir sus datos a otro proveedor<\/li>\r\n \t<li class=\"text-justify\">Retirar el consentimiento en cualquier momento<\/li>\r\n \t<li class=\"text-justify\">Oponerse a ciertos tipos de procesamiento, incluido el marketing.<\/li>\r\n<\/ul>\r\n<p class=\"text-justify\">\r\n\r\nLas solicitudes pueden dirigirse a nuestro DPD. Podemos pedirle que verifique su identidad y responderemos en un plazo de 30 d\u00edas. La limitaci\u00f3n del procesamiento puede afectar los servicios que podemos proporcionarle.  \r\n\r\n<br><br>\r\n<strong>Reclamaci\u00f3n de Privacidad<\/strong><br>Si no est\u00e1 satisfecho con la forma en que nuestro DPD gestiona su reclamaci\u00f3n con respecto a sus datos personales, puede ponerse en contacto con la Oficina de Protecci\u00f3n de Datos de Mauricio:\r\n<br><br>\r\n<strong>Oficina de Protecci\u00f3n de Datos<\/strong><br>\r\n5th Floor, SICOM Tower, Wall Street\r\n<br>Ebene Cybercity, Mauricio\r\n<br><strong>Tel\u00e9fono:<\/strong> +230 460 0251<br><strong>Correo electr\u00f3nico:<\/strong> dpo@govmu.org<br>\r\n<strong>Sitio web:<\/strong> <a href=\"https:\/\/dataprotection.govmu.org\">https:\/\/dataprotection.govmu.org<\/a>\r\n\r\n\r\n\r\n<\/p>\t\t\t\t<\/div>\n\t\t\t\t<\/div>\n\t\t\t\t<\/div>\n\t\t","protected":false},"excerpt":{"rendered":"<p>Pol\u00edtica de Privacidad Esta Pol\u00edtica de Privacidad explica c\u00f3mo Copernico Capital (en adelante, \u00abnosotros\u00bb o \u00abnuestro\u00bb) recopila, utiliza, almacena y [&hellip;]<\/p>\n","protected":false},"author":1,"featured_media":0,"parent":0,"menu_order":0,"comment_status":"closed","ping_status":"closed","template":"","meta":{"site-sidebar-layout":"no-sidebar","site-content-layout":"","ast-site-content-layout":"full-width-container","site-content-style":"default","site-sidebar-style":"default","ast-global-header-display":"","ast-banner-title-visibility":"","ast-main-header-display":"","ast-hfb-above-header-display":"","ast-hfb-below-header-display":"","ast-hfb-mobile-header-display":"","site-post-title":"","ast-breadcrumbs-content":"","ast-featured-img":"disabled","footer-sml-layout":"","ast-disable-related-posts":"","theme-transparent-header-meta":"","adv-header-id-meta":"","stick-header-meta":"","header-above-stick-meta":"","header-main-stick-meta":"","header-below-stick-meta":"","astra-migrate-meta-layouts":"default","ast-page-background-enabled":"default","ast-page-background-meta":{"desktop":{"background-color":"var(--ast-global-color-5)","background-image":"","background-repeat":"repeat","background-position":"center center","background-size":"auto","background-attachment":"scroll","background-type":"","background-media":"","overlay-type":"","overlay-color":"","overlay-opacity":"","overlay-gradient":""},"tablet":{"background-color":"","background-image":"","background-repeat":"repeat","background-position":"center center","background-size":"auto","background-attachment":"scroll","background-type":"","background-media":"","overlay-type":"","overlay-color":"","overlay-opacity":"","overlay-gradient":""},"mobile":{"background-color":"","background-image":"","background-repeat":"repeat","background-position":"center center","background-size":"auto","background-attachment":"scroll","background-type":"","background-media":"","overlay-type":"","overlay-color":"","overlay-opacity":"","overlay-gradient":""}},"ast-content-background-meta":{"desktop":{"background-color":"var(--ast-global-color-4)","background-image":"","background-repeat":"repeat","background-position":"center center","background-size":"auto","background-attachment":"scroll","background-type":"","background-media":"","overlay-type":"","overlay-color":"","overlay-opacity":"","overlay-gradient":""},"tablet":{"background-color":"var(--ast-global-color-4)","background-image":"","background-repeat":"repeat","background-position":"center center","background-size":"auto","background-attachment":"scroll","background-type":"","background-media":"","overlay-type":"","overlay-color":"","overlay-opacity":"","overlay-gradient":""},"mobile":{"background-color":"var(--ast-global-color-4)","background-image":"","background-repeat":"repeat","background-position":"center center","background-size":"auto","background-attachment":"scroll","background-type":"","background-media":"","overlay-type":"","overlay-color":"","overlay-opacity":"","overlay-gradient":""}},"footnotes":""},"class_list":["post-7287","page","type-page","status-publish","hentry"],"_links":{"self":[{"href":"https:\/\/copernico.capital\/es\/wp-json\/wp\/v2\/pages\/7287","targetHints":{"allow":["GET"]}}],"collection":[{"href":"https:\/\/copernico.capital\/es\/wp-json\/wp\/v2\/pages"}],"about":[{"href":"https:\/\/copernico.capital\/es\/wp-json\/wp\/v2\/types\/page"}],"author":[{"embeddable":true,"href":"https:\/\/copernico.capital\/es\/wp-json\/wp\/v2\/users\/1"}],"replies":[{"embeddable":true,"href":"https:\/\/copernico.capital\/es\/wp-json\/wp\/v2\/comments?post=7287"}],"version-history":[{"count":3,"href":"https:\/\/copernico.capital\/es\/wp-json\/wp\/v2\/pages\/7287\/revisions"}],"predecessor-version":[{"id":7488,"href":"https:\/\/copernico.capital\/es\/wp-json\/wp\/v2\/pages\/7287\/revisions\/7488"}],"wp:attachment":[{"href":"https:\/\/copernico.capital\/es\/wp-json\/wp\/v2\/media?parent=7287"}],"curies":[{"name":"wp","href":"https:\/\/api.w.org\/{rel}","templated":true}]}}