{"id":7315,"date":"2026-03-04T17:12:33","date_gmt":"2026-03-04T17:12:33","guid":{"rendered":"https:\/\/copernico.capital\/develop\/aviso-de-riesgo\/"},"modified":"2026-03-11T15:10:10","modified_gmt":"2026-03-11T15:10:10","slug":"aviso-de-riesgo","status":"publish","type":"page","link":"https:\/\/copernico.capital\/es\/aviso-de-riesgo\/","title":{"rendered":"Aviso de riesgo"},"content":{"rendered":"\t\t<div data-elementor-type=\"wp-page\" data-elementor-id=\"7315\" class=\"elementor elementor-7315 elementor-6656\">\n\t\t\t\t<div class=\"elementor-element elementor-element-7adb9f4 e-con-full e-flex e-con e-parent\" data-id=\"7adb9f4\" data-element_type=\"container\" data-e-type=\"container\">\n\t\t<div class=\"elementor-element elementor-element-85fbec7 e-grid e-con-full e-con e-child\" data-id=\"85fbec7\" data-element_type=\"container\" data-e-type=\"container\" data-settings=\"{&quot;background_background&quot;:&quot;classic&quot;}\">\n\t\t<div class=\"elementor-element elementor-element-793e722 e-con-full e-flex e-con e-child\" data-id=\"793e722\" data-element_type=\"container\" data-e-type=\"container\" data-settings=\"{&quot;background_background&quot;:&quot;video&quot;,&quot;background_video_link&quot;:&quot;https:\\\/\\\/copernico.capital\\\/develop\\\/wp-content\\\/uploads\\\/2026\\\/03\\\/copernico-capital-video.mp4&quot;,&quot;background_play_on_mobile&quot;:&quot;yes&quot;,&quot;background_play_once&quot;:&quot;yes&quot;}\">\n\t\t<div class=\"elementor-background-video-container\">\n\t\t\t\t\t\t\t<video class=\"elementor-background-video-hosted\" role=\"presentation\" autoplay muted playsinline><\/video>\n\t\t\t\t\t<\/div>\t\t<div class=\"elementor-element elementor-element-9611bc9 headline legal-hero-title elementor-widget-mobile__width-initial elementor-widget elementor-widget-heading\" data-id=\"9611bc9\" data-element_type=\"widget\" data-e-type=\"widget\" data-widget_type=\"heading.default\">\n\t\t\t\t\t<h1 class=\"elementor-heading-title elementor-size-default\">Aviso de riesgo<\/h1>\t\t\t\t<\/div>\n\t\t\t\t<\/div>\n\t\t\t\t<\/div>\n\t\t\t\t<div class=\"elementor-element elementor-element-3cf0ad2 elementor-widget elementor-widget-html\" data-id=\"3cf0ad2\" data-element_type=\"widget\" data-e-type=\"widget\" data-widget_type=\"html.default\">\n\t\t\t\t\t<p class=\"text-justify\">\r\n    <strong>Pre\u00e1mbulo<\/strong>\r\n\t<br>\t\r\n    <strong>&nbsp;<\/strong>\r\n\t<br>\t\r\n    <strong>Aviso de riesgo \u2013 Negociaci\u00f3n apalancada \/ con margen<\/strong>\r\n\t<br>\t\r\n La negociaci\u00f3n de Contratos por Diferencia (CFD) implica un alto nivel de riesgo y puede no ser adecuada para todos los inversores. Los CFD son productos apalancados, lo que significa que tanto las ganancias como las p\u00e9rdidas pueden magnificarse significativamente. Como resultado, puede perder m\u00e1s de su inversi\u00f3n inicial. Antes de operar con CFD, debe asegurarse de comprender completamente c\u00f3mo funcionan los CFD y los riesgos que implican. Debe evaluar cuidadosamente sus objetivos de inversi\u00f3n, situaci\u00f3n financiera, tolerancia al riesgo y nivel de experiencia. Cuando sea necesario, se le recomienda encarecidamente que busque asesoramiento financiero, legal o fiscal independiente. El rendimiento pasado no es un indicador fiable de resultados futuros. Las condiciones del mercado pueden cambiar r\u00e1pidamente y no hay garant\u00eda de que ninguna estrategia de negociaci\u00f3n tenga \u00e9xito.       \r\n    \r\n\t<br><br>  \r\n    <strong>Sobre los derivados<\/strong> <br>     \r\n Los derivados incluyen instrumentos que son principalmente CFD. Su valor se deriva de activos subyacentes como acciones, \u00edndices, bonos, divisas o materias primas, que pueden ser altamente vol\u00e1tiles. \r\n     \r\n\t<br><br> Una caracter\u00edstica clave de estos instrumentos es que pueden negociarse con un desembolso inicial escaso o nulo, a trav\u00e9s del margen (para los CFD). Esto genera apalancamiento, lo que significa que peque\u00f1os movimientos en el activo subyacente pueden provocar grandes cambios en el valor del derivado, requiriendo potencialmente un margen de variaci\u00f3n adicional.  \r\n\r\n\t<br><br>\r\n    <strong>Futuros<\/strong>\r\n<br>Los futuros son derivados cotizados cuyos precios dependen del valor de los activos subyacentes y pueden verse afectados por factores como los tipos de inter\u00e9s, la oferta y la demanda, las pol\u00edticas gubernamentales y los acontecimientos econ\u00f3micos y pol\u00edticos nacionales o mundiales.\r\n     \r\n    <br><br><\/p>\r\n Los riesgos clave incluyen: \r\n    <ul>\r\n        <li style=\"list-style-type: none;\">\r\n            <ul>\r\n                <li class=\"text-justify\">\r\n Riesgo de mercado o de c\u00e1mara de compensaci\u00f3n: el fallo del mercado o de la c\u00e1mara de compensaci\u00f3n puede afectar a sus posiciones.\r\n                <\/li>\r\n                <li class=\"text-justify\">\r\n L\u00edmites de liquidez y de precios: algunos mercados imponen l\u00edmites diarios de precios; si se alcanzan, es posible que no pueda abrir, ajustar o cerrar posiciones, lo que podr\u00eda derivar en p\u00e9rdidas sustanciales.\r\n                <\/li>\r\n                <li class=\"text-justify\">\r\n Riesgo de apalancamiento: los bajos requisitos de margen pueden magnificar las ganancias o p\u00e9rdidas, por lo que peque\u00f1os cambios en el activo subyacente pueden causar grandes impactos financieros.\r\n                <\/li>\r\n                <li class=\"text-justify\">\r\n Suspensi\u00f3n de la negociaci\u00f3n: en circunstancias extraordinarias, los mercados o los reguladores pueden suspender la negociaci\u00f3n o forzar la liquidaci\u00f3n de posiciones.\r\n                <\/li>\r\n            <\/ul>\r\n        <\/li>\r\n    <\/ul>\r\n\r\n\r\n<p class=\"text-justify\">\r\n    <strong>Apalancamiento<\/strong> <br>     \r\n Los derivados suelen requerir un desembolso inicial reducido o nulo, lo que le permite tomar posiciones de mayor tama\u00f1o que su capital invertido. Si el mercado se mueve en contra de sus posiciones, las p\u00e9rdidas podr\u00edan ser considerables e incluso superar el capital invertido. \r\n\r\n    <br><br>\r\n If the market moves against your positions, losses can be substantial and may exceed your invested capital. El incumplimiento de las obligaciones de margen o de financiaci\u00f3n tambi\u00e9n puede permitir a los prestamistas cerrar sus posiciones o reclamar cualesquiera valores mantenidos como garant\u00eda.\r\n    \r\n\r\n    <br><br>\r\n    <strong>Negociaci\u00f3n con margen y pr\u00e9stamos<\/strong> \r\n<br>La negociaci\u00f3n con margen implica pedir fondos prestados a su br\u00f3ker para aumentar su exposici\u00f3n m\u00e1s all\u00e1 de su capital invertido. Puede apalancar posiciones utilizando derivados como los CFD, as\u00ed como otros instrumentos complejos con apalancamiento impl\u00edcito. \r\n  \r\n    <br><br><\/p>\r\n Consideraciones clave: \r\n    <ul>\r\n        <li style=\"list-style-type: none;\">\r\n            <ul>\r\n                <li class=\"text-justify\">\r\n Intereses y costes: los pr\u00e9stamos y las posiciones apalancadas incurren en intereses, costes de transacci\u00f3n y otros gastos, que podr\u00edan no verse totalmente compensados por los rendimientos de la negociaci\u00f3n.\r\n                <\/li>\r\n                <li class=\"text-justify\">\r\n Magnitud del apalancamiento: la cantidad que puede pedir prestada puede ser sustancial en relaci\u00f3n con su capital, amplificando tanto las ganancias como las p\u00e9rdidas.\r\n                <\/li>\r\n                <li class=\"text-justify\">\r\n Impacto de los tipos: los tipos de inter\u00e9s vigentes y sus tipos de pr\u00e9stamo espec\u00edficos pueden afectar significativamente a sus resultados netos de negociaci\u00f3n.\r\n                <\/li>\r\n            <\/ul>\r\n        <\/li>\r\n    <\/ul>\r\n\r\n\r\n<p class=\"text-justify\">\r\n     <strong>Requisitos de margen y llamadas de margen<\/strong> <br>     \r\n Al utilizar apalancamiento a trav\u00e9s de derivados, negociaci\u00f3n con margen u otros pr\u00e9stamos, debe depositar un margen inicial o garant\u00eda en efectivo o valores.\r\n     \r\n    <br><br> Si el valor de su cuenta o de los activos pignorados disminuye, puede recibir una llamada de margen, que le exigir\u00e1 depositar fondos o valores adicionales.\r\n\r\n\t<br> <br> El incumplimiento de una llamada de margen puede resultar en:  \r\n\t <\/p>\r\n    <ul>\r\n        <li style=\"list-style-type: none;\">\r\n            <ul>\r\n                <li class=\"text-justify\">Liquidaci\u00f3n forzosa de posiciones o garant\u00edas<\/li>\r\n                <li class=\"text-justify\">Cierre de posiciones con p\u00e9rdidas, potencialmente mayores de lo previsto<\/li>\r\n                <li class=\"text-justify\">Incapacidad para actuar con rapidez, si las condiciones del mercado impiden una liquidaci\u00f3n oportuna <\/li>\r\n            <\/ul>\r\n        <\/li>\r\n    <\/ul>\r\n  \r\n<p class=\"text-justify\">    \r\n Investment Dealers that provide financing for clients\u2019 margin trading may apply discretionary margin requirements, haircuts, and security or collateral valuation policies. Los cambios en estas pol\u00edticas, o la imposici\u00f3n de otras limitaciones o restricciones crediticias, ya sea por condiciones de mercado o por actuaci\u00f3n gubernamental, regulatoria o judicial, pueden dar lugar a:<\/p>\r\n     \r\n\r\n    <ul>\r\n        <li style=\"list-style-type: none;\">\r\n            <ul>\r\n                <li class=\"text-justify\">Grandes llamadas de margen,<\/li>\r\n                <li class=\"text-justify\">P\u00e9rdida de financiaci\u00f3n,<\/li>\r\n                <li>Liquidaci\u00f3n forzosa de posiciones a precios altamente desventajosos,<\/li>\r\n                <li class=\"text-justify\">Rescisi\u00f3n de contratos y acuerdos, y<\/li>\r\n                <li class=\"text-justify\">Incumplimientos cruzados con otros agentes.<\/li>\r\n            <\/ul>\r\n        <\/li>\r\n    <\/ul>\r\n\r\n\t<p class=\"text-justify\">   \r\n\t\r\n Estos efectos adversos pueden intensificarse si dichas limitaciones o restricciones se imponen de manera repentina o por m\u00faltiples participantes del mercado. Como consecuencia, podr\u00eda verse obligado a liquidar la totalidad o parte de su cartera a precios altamente desfavorables, lo que podr\u00eda conllevar la p\u00e9rdida total de su capital comprometido. No existe garant\u00eda de que pueda obtener o mantener en todo momento una financiaci\u00f3n o garant\u00edas adecuadas para operar con margen. \r\n\r\n     <br> <br>\r\n     <strong>Incumplimiento<\/strong> \r\n<br>Todas las operaciones conllevan riesgo de cr\u00e9dito y de incumplimiento de la contraparte. Estos riesgos se mitigan en el caso de instrumentos negociados en mercados organizados, que por lo general cuentan con garant\u00edas de la c\u00e1mara de compensaci\u00f3n, valoraci\u00f3n diaria a mercado y liquidaci\u00f3n, as\u00ed como requisitos de segregaci\u00f3n y de capital m\u00ednimo aplicables a los intermediarios. Sin embargo, las operaciones concertadas directamente entre dos contrapartes no suelen beneficiarse de dichas protecciones y exponen a las contrapartes a un mayor riesgo de incumplimiento de la contraparte. Adem\u00e1s, en determinadas circunstancias, puede no ser posible identificar claramente que el efectivo, los valores y otros activos depositados en custodios o br\u00f3keres le pertenecen, por lo que podr\u00eda quedar expuesto a riesgos de cr\u00e9dito, incumplimiento, liquidaci\u00f3n, compensaci\u00f3n y entrega del br\u00f3ker o del custodio.    Adem\u00e1s, pueden existir problemas pr\u00e1cticos, legales, operativos o temporales asociados con hacer valer sus derechos sobre sus activos en caso de insolvencia de cualquier contraparte, custodio o corredor. \r\n\r\n    <br><br>     \r\n Si una contraparte incumple, usted podr\u00eda contar con recursos contractuales seg\u00fan los acuerdos correspondientes. No obstante, el ejercicio de dichos derechos puede implicar demoras o costes, que podr\u00edan erosionar o reducir una parte de su capital.\r\n     \r\n\r\n    <br><br> Adem\u00e1s, existe el riesgo de que cualquier contraparte pueda volverse insolvente o estar sujeta a procedimientos de insolvencia. En tales casos, la recuperaci\u00f3n de sus posiciones o valores, o el pago de reclamaciones, puede retrasarse de forma significativa, y usted podr\u00eda recuperar sustancialmente menos que el valor total de los contratos o de los activos subyacentes.\r\n     \r\n    <br><br> Riesgos similares se aplican a sus relaciones con br\u00f3keres o br\u00f3keres principales (prime brokers). Por lo general, debe asumir que la insolvencia de cualquier contraparte podr\u00eda resultar en una p\u00e9rdida material, que puede agravarse si sus activos no est\u00e1n segregados.  \r\n\r\n    <br><br>\r\n    <strong>Negociaci\u00f3n<\/strong> <br>     \r\n La ejecuci\u00f3n de transacciones en mercados fuera de su jurisdicci\u00f3n de origen, incluidos los mercados formalmente conectados a su mercado de origen, puede implicar riesgos adicionales.\r\n     \r\n\t<br><br>     \r\n La regulaci\u00f3n en estos mercados extranjeros puede diferir de la de su jurisdicci\u00f3n de origen y podr\u00eda ofrecer un nivel menor de protecci\u00f3n al inversor. Su autoridad reguladora local no puede garantizar el cumplimiento de las normas establecidas por las autoridades reguladoras u operadores de mercado en otras jurisdicciones donde se realicen sus operaciones.\r\n\t<br><br>    \r\n La mayor\u00eda de los sistemas de negociaci\u00f3n electr\u00f3nica dependen de hardware de tecnolog\u00eda de la informaci\u00f3n (por ejemplo, ordenadores o servidores) y software (por ejemplo, protocolos de libro de \u00f3rdenes y programas de gesti\u00f3n de \u00f3rdenes) para enrutar \u00f3rdenes, casar ofertas y demandas, gestionar operaciones y registrar, compensar y liquidar transacciones.\r\n    \r\n\t<br><br>\t\r\n La regulaci\u00f3n en estos mercados extranjeros puede diferir de la de su jurisdicci\u00f3n de origen y brindar un nivel de protecci\u00f3n al inversor inferior. Su capacidad para recuperar determinadas p\u00e9rdidas puede verse limitada por los l\u00edmites de responsabilidad establecidos por los proveedores de sistemas, los mercados, las c\u00e1maras de compensaci\u00f3n y\/o las entidades intermediarias. Estos l\u00edmites pueden variar, por lo que es importante obtener informaci\u00f3n detallada de su entidad intermediaria sobre la cobertura de responsabilidad aplicable. \r\n     \r\n <\/p>\r\n\t\t\t\t<\/div>\n\t\t\t\t<\/div>\n\t\t\t\t<\/div>\n\t\t","protected":false},"excerpt":{"rendered":"<p>Aviso de riesgo Pre\u00e1mbulo &nbsp; Aviso de riesgo \u2013 Negociaci\u00f3n apalancada \/ con margen La negociaci\u00f3n de Contratos por Diferencia [&hellip;]<\/p>\n","protected":false},"author":1,"featured_media":0,"parent":0,"menu_order":0,"comment_status":"closed","ping_status":"closed","template":"","meta":{"site-sidebar-layout":"no-sidebar","site-content-layout":"","ast-site-content-layout":"full-width-container","site-content-style":"default","site-sidebar-style":"default","ast-global-header-display":"","ast-banner-title-visibility":"","ast-main-header-display":"","ast-hfb-above-header-display":"","ast-hfb-below-header-display":"","ast-hfb-mobile-header-display":"","site-post-title":"","ast-breadcrumbs-content":"","ast-featured-img":"disabled","footer-sml-layout":"","ast-disable-related-posts":"","theme-transparent-header-meta":"","adv-header-id-meta":"","stick-header-meta":"","header-above-stick-meta":"","header-main-stick-meta":"","header-below-stick-meta":"","astra-migrate-meta-layouts":"default","ast-page-background-enabled":"default","ast-page-background-meta":{"desktop":{"background-color":"var(--ast-global-color-5)","background-image":"","background-repeat":"repeat","background-position":"center center","background-size":"auto","background-attachment":"scroll","background-type":"","background-media":"","overlay-type":"","overlay-color":"","overlay-opacity":"","overlay-gradient":""},"tablet":{"background-color":"","background-image":"","background-repeat":"repeat","background-position":"center center","background-size":"auto","background-attachment":"scroll","background-type":"","background-media":"","overlay-type":"","overlay-color":"","overlay-opacity":"","overlay-gradient":""},"mobile":{"background-color":"","background-image":"","background-repeat":"repeat","background-position":"center center","background-size":"auto","background-attachment":"scroll","background-type":"","background-media":"","overlay-type":"","overlay-color":"","overlay-opacity":"","overlay-gradient":""}},"ast-content-background-meta":{"desktop":{"background-color":"var(--ast-global-color-4)","background-image":"","background-repeat":"repeat","background-position":"center center","background-size":"auto","background-attachment":"scroll","background-type":"","background-media":"","overlay-type":"","overlay-color":"","overlay-opacity":"","overlay-gradient":""},"tablet":{"background-color":"var(--ast-global-color-4)","background-image":"","background-repeat":"repeat","background-position":"center center","background-size":"auto","background-attachment":"scroll","background-type":"","background-media":"","overlay-type":"","overlay-color":"","overlay-opacity":"","overlay-gradient":""},"mobile":{"background-color":"var(--ast-global-color-4)","background-image":"","background-repeat":"repeat","background-position":"center center","background-size":"auto","background-attachment":"scroll","background-type":"","background-media":"","overlay-type":"","overlay-color":"","overlay-opacity":"","overlay-gradient":""}},"footnotes":""},"class_list":["post-7315","page","type-page","status-publish","hentry"],"_links":{"self":[{"href":"https:\/\/copernico.capital\/es\/wp-json\/wp\/v2\/pages\/7315","targetHints":{"allow":["GET"]}}],"collection":[{"href":"https:\/\/copernico.capital\/es\/wp-json\/wp\/v2\/pages"}],"about":[{"href":"https:\/\/copernico.capital\/es\/wp-json\/wp\/v2\/types\/page"}],"author":[{"embeddable":true,"href":"https:\/\/copernico.capital\/es\/wp-json\/wp\/v2\/users\/1"}],"replies":[{"embeddable":true,"href":"https:\/\/copernico.capital\/es\/wp-json\/wp\/v2\/comments?post=7315"}],"version-history":[{"count":3,"href":"https:\/\/copernico.capital\/es\/wp-json\/wp\/v2\/pages\/7315\/revisions"}],"predecessor-version":[{"id":7547,"href":"https:\/\/copernico.capital\/es\/wp-json\/wp\/v2\/pages\/7315\/revisions\/7547"}],"wp:attachment":[{"href":"https:\/\/copernico.capital\/es\/wp-json\/wp\/v2\/media?parent=7315"}],"curies":[{"name":"wp","href":"https:\/\/api.w.org\/{rel}","templated":true}]}}