{"id":7200,"date":"2026-03-04T17:13:07","date_gmt":"2026-03-04T17:13:07","guid":{"rendered":"https:\/\/copernico.capital\/develop\/avis-sur-les-cookies\/"},"modified":"2026-03-11T15:39:12","modified_gmt":"2026-03-11T15:39:12","slug":"avis-sur-les-cookies","status":"publish","type":"page","link":"https:\/\/copernico.capital\/fr\/avis-sur-les-cookies\/","title":{"rendered":"Avis sur les cookies"},"content":{"rendered":"\t\t<div data-elementor-type=\"wp-page\" data-elementor-id=\"7200\" class=\"elementor elementor-7200 elementor-6658\">\n\t\t\t\t<div class=\"elementor-element elementor-element-83a9971 e-con-full e-flex e-con e-parent\" data-id=\"83a9971\" data-element_type=\"container\" data-e-type=\"container\" data-settings=\"{&quot;background_background&quot;:&quot;classic&quot;}\">\n\t\t<div class=\"elementor-element elementor-element-57c7899 e-grid e-con-full e-con e-child\" data-id=\"57c7899\" data-element_type=\"container\" data-e-type=\"container\" data-settings=\"{&quot;background_background&quot;:&quot;classic&quot;}\">\n\t\t<div class=\"elementor-element elementor-element-ee031d1 e-con-full e-flex e-con e-child\" data-id=\"ee031d1\" data-element_type=\"container\" data-e-type=\"container\" data-settings=\"{&quot;background_background&quot;:&quot;video&quot;,&quot;background_video_link&quot;:&quot;https:\\\/\\\/copernico.capital\\\/develop\\\/wp-content\\\/uploads\\\/2026\\\/03\\\/copernico-capital-video.mp4&quot;,&quot;background_play_on_mobile&quot;:&quot;yes&quot;,&quot;background_play_once&quot;:&quot;yes&quot;}\">\n\t\t<div class=\"elementor-background-video-container\">\n\t\t\t\t\t\t\t<video class=\"elementor-background-video-hosted\" role=\"presentation\" autoplay muted playsinline><\/video>\n\t\t\t\t\t<\/div>\t\t<div class=\"elementor-element elementor-element-78f6483 headline legal-hero-title elementor-widget-mobile__width-initial elementor-widget elementor-widget-heading\" data-id=\"78f6483\" data-element_type=\"widget\" data-e-type=\"widget\" data-widget_type=\"heading.default\">\n\t\t\t\t\t<h1 class=\"elementor-heading-title elementor-size-default\">Avis sur les cookies<\/h1>\t\t\t\t<\/div>\n\t\t\t\t<\/div>\n\t\t\t\t<\/div>\n\t\t\t\t<div class=\"elementor-element elementor-element-bcb038f elementor-widget elementor-widget-text-editor\" data-id=\"bcb038f\" data-element_type=\"widget\" data-e-type=\"widget\" data-widget_type=\"text-editor.default\">\n\t\t\t\t\t\t\t\t\t<p><strong>Avis sur les cookies de Copernico Capital<\/strong><\/p><p>Nous utilisons des cookies et des technologies similaires, telles que les pixels et le stockage local, afin d\u2019am\u00e9liorer votre exp\u00e9rience de navigation, de personnaliser le contenu, d\u2019offrir des fonctionnalit\u00e9s de r\u00e9seaux sociaux et d\u2019analyser la mani\u00e8re dont les visiteurs utilisent notre site web. Certains cookies sont <strong>n\u00e9cessaires<\/strong> au bon fonctionnement du site web : ils vous permettent de naviguer en toute s\u00e9curit\u00e9, d\u2019acc\u00e9der \u00e0 des services essentiels et de rester connect\u00e9. D\u2019autres cookies sont <strong>non essentiels<\/strong> et nous aident \u00e0 comprendre comment vous interagissez avec notre site, \u00e0 am\u00e9liorer les performances du site web et \u00e0 diffuser des publicit\u00e9s pertinentes.  <\/p><p><br>En cliquant sur \u201c<strong>Tout accepter\u201c<\/strong>, vous consentez \u00e0 l\u2019utilisation de tous les cookies, y compris les cookies de performance, de fonctionnalit\u00e9 et de campagne. Vous pouvez \u00e9galement choisir de <strong>g\u00e9rer vos pr\u00e9f\u00e9rences<\/strong> afin d\u2019autoriser uniquement certains types de cookies ou de <strong>refuser enti\u00e8rement les cookies non essentiels<\/strong>. Veuillez noter que la d\u00e9sactivation de certains cookies peut limiter les fonctionnalit\u00e9s compl\u00e8tes du site web et emp\u00eacher certaines fonctionnalit\u00e9s de fonctionner comme pr\u00e9vu.  <\/p>\t\t\t\t\t\t\t\t<\/div>\n\t\t\t\t<\/div>\n\t\t\t\t<\/div>\n\t\t","protected":false},"excerpt":{"rendered":"<p>Avis sur les cookies Avis sur les cookies de Copernico Capital Nous utilisons des cookies et des technologies similaires, telles [&hellip;]<\/p>\n","protected":false},"author":1,"featured_media":0,"parent":0,"menu_order":0,"comment_status":"closed","ping_status":"closed","template":"","meta":{"site-sidebar-layout":"no-sidebar","site-content-layout":"","ast-site-content-layout":"full-width-container","site-content-style":"default","site-sidebar-style":"default","ast-global-header-display":"","ast-banner-title-visibility":"","ast-main-header-display":"","ast-hfb-above-header-display":"","ast-hfb-below-header-display":"","ast-hfb-mobile-header-display":"","site-post-title":"","ast-breadcrumbs-content":"","ast-featured-img":"disabled","footer-sml-layout":"","ast-disable-related-posts":"","theme-transparent-header-meta":"","adv-header-id-meta":"","stick-header-meta":"","header-above-stick-meta":"","header-main-stick-meta":"","header-below-stick-meta":"","astra-migrate-meta-layouts":"default","ast-page-background-enabled":"default","ast-page-background-meta":{"desktop":{"background-color":"var(--ast-global-color-5)","background-image":"","background-repeat":"repeat","background-position":"center center","background-size":"auto","background-attachment":"scroll","background-type":"","background-media":"","overlay-type":"","overlay-color":"","overlay-opacity":"","overlay-gradient":""},"tablet":{"background-color":"","background-image":"","background-repeat":"repeat","background-position":"center center","background-size":"auto","background-attachment":"scroll","background-type":"","background-media":"","overlay-type":"","overlay-color":"","overlay-opacity":"","overlay-gradient":""},"mobile":{"background-color":"","background-image":"","background-repeat":"repeat","background-position":"center center","background-size":"auto","background-attachment":"scroll","background-type":"","background-media":"","overlay-type":"","overlay-color":"","overlay-opacity":"","overlay-gradient":""}},"ast-content-background-meta":{"desktop":{"background-color":"var(--ast-global-color-4)","background-image":"","background-repeat":"repeat","background-position":"center center","background-size":"auto","background-attachment":"scroll","background-type":"","background-media":"","overlay-type":"","overlay-color":"","overlay-opacity":"","overlay-gradient":""},"tablet":{"background-color":"var(--ast-global-color-4)","background-image":"","background-repeat":"repeat","background-position":"center center","background-size":"auto","background-attachment":"scroll","background-type":"","background-media":"","overlay-type":"","overlay-color":"","overlay-opacity":"","overlay-gradient":""},"mobile":{"background-color":"var(--ast-global-color-4)","background-image":"","background-repeat":"repeat","background-position":"center center","background-size":"auto","background-attachment":"scroll","background-type":"","background-media":"","overlay-type":"","overlay-color":"","overlay-opacity":"","overlay-gradient":""}},"footnotes":""},"class_list":["post-7200","page","type-page","status-publish","hentry"],"_links":{"self":[{"href":"https:\/\/copernico.capital\/fr\/wp-json\/wp\/v2\/pages\/7200","targetHints":{"allow":["GET"]}}],"collection":[{"href":"https:\/\/copernico.capital\/fr\/wp-json\/wp\/v2\/pages"}],"about":[{"href":"https:\/\/copernico.capital\/fr\/wp-json\/wp\/v2\/types\/page"}],"author":[{"embeddable":true,"href":"https:\/\/copernico.capital\/fr\/wp-json\/wp\/v2\/users\/1"}],"replies":[{"embeddable":true,"href":"https:\/\/copernico.capital\/fr\/wp-json\/wp\/v2\/comments?post=7200"}],"version-history":[{"count":2,"href":"https:\/\/copernico.capital\/fr\/wp-json\/wp\/v2\/pages\/7200\/revisions"}],"predecessor-version":[{"id":7557,"href":"https:\/\/copernico.capital\/fr\/wp-json\/wp\/v2\/pages\/7200\/revisions\/7557"}],"wp:attachment":[{"href":"https:\/\/copernico.capital\/fr\/wp-json\/wp\/v2\/media?parent=7200"}],"curies":[{"name":"wp","href":"https:\/\/api.w.org\/{rel}","templated":true}]}}