{"id":7318,"date":"2026-03-04T17:12:33","date_gmt":"2026-03-04T17:12:33","guid":{"rendered":"https:\/\/copernico.capital\/develop\/avertissement-sur-les-risques\/"},"modified":"2026-03-11T15:22:22","modified_gmt":"2026-03-11T15:22:22","slug":"avertissement-sur-les-risques","status":"publish","type":"page","link":"https:\/\/copernico.capital\/fr\/avertissement-sur-les-risques\/","title":{"rendered":"Avertissement sur les risques"},"content":{"rendered":"\t\t<div data-elementor-type=\"wp-page\" data-elementor-id=\"7318\" class=\"elementor elementor-7318 elementor-6656\">\n\t\t\t\t<div class=\"elementor-element elementor-element-7adb9f4 e-con-full e-flex e-con e-parent\" data-id=\"7adb9f4\" data-element_type=\"container\" data-e-type=\"container\">\n\t\t<div class=\"elementor-element elementor-element-85fbec7 e-grid e-con-full e-con e-child\" data-id=\"85fbec7\" data-element_type=\"container\" data-e-type=\"container\" data-settings=\"{&quot;background_background&quot;:&quot;classic&quot;}\">\n\t\t<div class=\"elementor-element elementor-element-793e722 e-con-full e-flex e-con e-child\" data-id=\"793e722\" data-element_type=\"container\" data-e-type=\"container\" data-settings=\"{&quot;background_background&quot;:&quot;video&quot;,&quot;background_video_link&quot;:&quot;https:\\\/\\\/copernico.capital\\\/develop\\\/wp-content\\\/uploads\\\/2026\\\/03\\\/copernico-capital-video.mp4&quot;,&quot;background_play_on_mobile&quot;:&quot;yes&quot;,&quot;background_play_once&quot;:&quot;yes&quot;}\">\n\t\t<div class=\"elementor-background-video-container\">\n\t\t\t\t\t\t\t<video class=\"elementor-background-video-hosted\" role=\"presentation\" autoplay muted playsinline><\/video>\n\t\t\t\t\t<\/div>\t\t<div class=\"elementor-element elementor-element-9611bc9 headline legal-hero-title elementor-widget-mobile__width-initial elementor-widget elementor-widget-heading\" data-id=\"9611bc9\" data-element_type=\"widget\" data-e-type=\"widget\" data-widget_type=\"heading.default\">\n\t\t\t\t\t<h1 class=\"elementor-heading-title elementor-size-default\">Avertissement sur les risques<\/h1>\t\t\t\t<\/div>\n\t\t\t\t<\/div>\n\t\t\t\t<\/div>\n\t\t\t\t<div class=\"elementor-element elementor-element-3cf0ad2 elementor-widget elementor-widget-html\" data-id=\"3cf0ad2\" data-element_type=\"widget\" data-e-type=\"widget\" data-widget_type=\"html.default\">\n\t\t\t\t\t<p class=\"text-justify\">\r\n    <strong>Pr\u00e9ambule<\/strong>\r\n\t<br>\t\r\n    <strong>&nbsp;<\/strong>\r\n\t<br>\t\r\n    <strong>Avis sur les risques \u2013 Trading sur marge \/ avec effet de levier<\/strong>\r\n\t<br>\t\r\n La n\u00e9gociation de contrats sur la diff\u00e9rence (CFD) comporte un niveau de risque \u00e9lev\u00e9 et peut ne pas convenir \u00e0 tous les investisseurs. Les CFD sont des produits \u00e0 effet de levier, ce qui signifie que les profits comme les pertes peuvent \u00eatre consid\u00e9rablement amplifi\u00e9s. Par cons\u00e9quent, vous pourriez perdre plus que votre investissement initial. Avant de vous lancer dans le trading de CFD, vous devez vous assurer de bien comprendre le fonctionnement de ces instruments et les risques encourus. Vous devez \u00e9valuer attentivement vos objectifs d\u2019investissement, votre situation financi\u00e8re, votre tol\u00e9rance au risque et votre niveau d\u2019exp\u00e9rience. Si n\u00e9cessaire, nous vous encourageons vivement \u00e0 solliciter des conseils financiers, juridiques ou fiscaux ind\u00e9pendants. Les performances pass\u00e9es ne constituent pas un indicateur fiable des r\u00e9sultats futurs. Les conditions de march\u00e9 peuvent changer rapidement et il n\u2019y a aucune garantie qu\u2019une strat\u00e9gie de trading soit couronn\u00e9e de succ\u00e8s.       \r\n    \r\n\t<br><br>  \r\n    <strong>\u00c0 propos des produits d\u00e9riv\u00e9s<\/strong> <br>     \r\n Les produits d\u00e9riv\u00e9s comprennent des instruments qui sont principalement des CFD. Leur valeur est d\u00e9riv\u00e9e d\u2019actifs sous-jacents tels que des actions, des indices, des obligations, des devises ou des mati\u00e8res premi\u00e8res, qui peuvent \u00eatre tr\u00e8s volatils. \r\n     \r\n\t<br><br> Une caract\u00e9ristique cl\u00e9 de ces instruments est qu'ils peuvent \u00eatre n\u00e9goci\u00e9s avec peu ou pas de mise de fonds initiale \u2013 par le biais de la marge (pour les CFD). Cela cr\u00e9e un effet de levier, ce qui signifie que de petits mouvements de l'actif sous-jacent peuvent entra\u00eener d'importantes variations de la valeur du d\u00e9riv\u00e9, n\u00e9cessitant potentiellement une marge de variation suppl\u00e9mentaire.  \r\n\r\n\t<br><br>\r\n    Contrats \u00e0 terme\r\n<br>Les contrats \u00e0 terme (Futures) sont des produits d\u00e9riv\u00e9s cot\u00e9s dont les prix d\u00e9pendent de la valeur d\u2019actifs sous-jacents et peuvent \u00eatre influenc\u00e9s par des facteurs tels que les taux d\u2019int\u00e9r\u00eat, l\u2019offre et la demande, les politiques gouvernementales ainsi que les \u00e9v\u00e9nements \u00e9conomiques et politiques nationaux ou mondiaux.\r\n     \r\n    <br><br><\/p>\r\n Les risques cl\u00e9s incluent : \r\n    <ul>\r\n        <li style=\"list-style-type: none;\">\r\n            <ul>\r\n                <li class=\"text-justify\">\r\n Risque de bourse ou de chambre de compensation \u2013 la d\u00e9faillance de la bourse ou de la chambre de compensation peut affecter vos positions.\r\n                <\/li>\r\n                <li class=\"text-justify\">\r\n Limites de liquidit\u00e9 et de prix \u2013 certaines bourses imposent des limites de prix quotidiennes ; si celles-ci sont atteintes, vous pourriez \u00eatre incapable d'ouvrir, d'ajuster ou de cl\u00f4turer des positions, ce qui pourrait entra\u00eener des pertes substantielles.\r\n                <\/li>\r\n                <li class=\"text-justify\">\r\n Risque d'effet de levier \u2013 de faibles exigences de marge peuvent amplifier les gains ou les pertes, de sorte que de petits changements dans l'actif sous-jacent peuvent avoir des impacts financiers importants.\r\n                <\/li>\r\n                <li class=\"text-justify\">\r\n Suspension de la n\u00e9gociation \u2013 dans des circonstances extraordinaires, les bourses ou les r\u00e9gulateurs peuvent suspendre la n\u00e9gociation ou forcer la liquidation des positions.\r\n                <\/li>\r\n            <\/ul>\r\n        <\/li>\r\n    <\/ul>\r\n\r\n\r\n<p class=\"text-justify\">\r\n    <strong>Effet de levier<\/strong> <br>     \r\n Les produits d\u00e9riv\u00e9s ne n\u00e9cessitent souvent qu\u2019une mise de fonds initiale faible, voire nulle, ce qui vous permet de prendre des positions sup\u00e9rieures \u00e0 votre capital investi. Cela amplifie les gains et les pertes ; ainsi, m\u00eame de l\u00e9g\u00e8res variations de l\u2019actif sous-jacent peuvent entra\u00eener d\u2019importantes fluctuations de vos rendements de trading.   \r\n\r\n    <br><br>\r\n Si le march\u00e9 \u00e9volue \u00e0 l'encontre de vos positions, les pertes peuvent \u00eatre substantielles et peuvent d\u00e9passer votre capital investi. Le non-respect des obligations de marge ou de financement peut \u00e9galement permettre aux pr\u00eateurs de cl\u00f4turer vos positions ou de r\u00e9clamer les titres d\u00e9tenus en garantie. \r\n    \r\n\r\n    <br><br>\r\n    <strong>Trading sur marge et emprunt<\/strong> <br>     \r\n Le trading sur marge consiste \u00e0 emprunter des fonds aupr\u00e8s de votre courtier pour augmenter votre exposition au-del\u00e0 de votre capital investi. Vous pouvez utiliser l\u2019effet de levier sur des positions en utilisant des produits d\u00e9riv\u00e9s tels que les CFD, ainsi que d\u2019autres instruments complexes comportant un effet de levier int\u00e9gr\u00e9. \r\n  \r\n    <br><br><\/p>\r\n Consid\u00e9rations cl\u00e9s : \r\n    <ul>\r\n        <li style=\"list-style-type: none;\">\r\n            <ul>\r\n                <li class=\"text-justify\">\r\n Int\u00e9r\u00eats et co\u00fbts \u2013 les emprunts et les positions \u00e0 effet de levier entra\u00eenent des int\u00e9r\u00eats, des frais de transaction et d'autres co\u00fbts, qui peuvent ne pas \u00eatre enti\u00e8rement compens\u00e9s par les rendements de trading.\r\n                <\/li>\r\n                <li class=\"text-justify\">\r\n Ampleur de l'effet de levier \u2013 le montant que vous pouvez emprunter peut \u00eatre substantiel par rapport \u00e0 votre capital, amplifiant \u00e0 la fois les gains et les pertes.\r\n                <\/li>\r\n                <li class=\"text-justify\">\r\n Impact des taux \u2013 les taux d'int\u00e9r\u00eat en vigueur et vos taux d'emprunt sp\u00e9cifiques peuvent affecter consid\u00e9rablement vos r\u00e9sultats de trading nets.\r\n                <\/li>\r\n            <\/ul>\r\n        <\/li>\r\n    <\/ul>\r\n\r\n\r\n<p class=\"text-justify\">\r\n     <strong>Exigences de marge et appels de marge<\/strong> <br>     \r\n Lorsque vous utilisez l\u2019effet de levier par le biais de produits d\u00e9riv\u00e9s, du trading sur marge ou d\u2019autres emprunts, vous devez d\u00e9poser une marge initiale ou une garantie en esp\u00e8ces ou en titres.\r\n     \r\n    <br><br> Si la valeur de votre compte ou des actifs nantis diminue, vous pourriez recevoir un appel de marge vous obligeant \u00e0 d\u00e9poser des fonds ou des titres suppl\u00e9mentaires.\r\n\r\n\t<br> <br> Le non-respect d\u2019un appel de marge peut entra\u00eener :  \r\n\t <\/p>\r\n    <ul>\r\n        <li style=\"list-style-type: none;\">\r\n            <ul>\r\n                <li class=\"text-justify\">La liquidation forc\u00e9e des positions ou des garanties<\/li>\r\n                <li class=\"text-justify\">La cl\u00f4ture de positions \u00e0 perte, potentiellement plus importante que pr\u00e9vu<\/li>\r\n                <li class=\"text-justify\">L'incapacit\u00e9 d'agir rapidement, si les conditions du march\u00e9 emp\u00eachent une liquidation en temps opportun <\/li>\r\n            <\/ul>\r\n        <\/li>\r\n    <\/ul>\r\n  \r\n<p class=\"text-justify\">    \r\n  Les courtiers en valeurs mobili\u00e8res qui fournissent un financement pour le trading sur marge des clients peuvent appliquer des exigences de marge discr\u00e9tionnaires, des d\u00e9cotes (haircuts) et des politiques d\u2019\u00e9valuation des titres ou des garanties. Les modifications de ces politiques ou l\u2019imposition d\u2019autres limitations ou restrictions de cr\u00e9dit, qu\u2019elles soient dues aux conditions du march\u00e9 ou \u00e0 une action gouvernementale, r\u00e9glementaire ou judiciaire, peuvent entra\u00eener : <\/p>\r\n     \r\n\r\n    <ul>\r\n        <li style=\"list-style-type: none;\">\r\n            <ul>\r\n                <li class=\"text-justify\">Des appels de marge importants,<\/li>\r\n                <li class=\"text-justify\">La perte de financement,<\/li>\r\n                <li>La liquidation forc\u00e9e des positions \u00e0 des prix tr\u00e8s d\u00e9savantageux,<\/li>\r\n                <li class=\"text-justify\">La r\u00e9siliation des contrats et accords, et<\/li>\r\n                <li class=\"text-justify\">Des d\u00e9fauts crois\u00e9s avec d'autres courtiers.<\/li>\r\n            <\/ul>\r\n        <\/li>\r\n    <\/ul>\r\n\r\n\t<p class=\"text-justify\">   \r\n\t\r\n Ces effets d\u00e9favorables peuvent s\u2019intensifier si de telles limitations ou restrictions sont impos\u00e9es soudainement ou par plusieurs participants du march\u00e9. Par cons\u00e9quent, vous pourriez \u00eatre contraint de liquider tout ou partie de votre portefeuille \u00e0 des prix tr\u00e8s d\u00e9savantageux, entra\u00eenant potentiellement la perte totale de votre capital engag\u00e9. Rien ne garantit que vous serez en mesure d'obtenir ou de maintenir un financement ou une garantie ad\u00e9quats pour les op\u00e9rations sur marge \u00e0 tout moment. \r\n\r\n     <br> <br>\r\n     <strong>D\u00e9faut<\/strong> <br>     \r\n Toutes les transactions comportent un risque de cr\u00e9dit et de d\u00e9faut de la contrepartie. Ces risques sont att\u00e9nu\u00e9s pour les instruments n\u00e9goci\u00e9s en bourse, qui sont g\u00e9n\u00e9ralement garantis par des chambres de compensation, une valorisation quotidienne au prix du march\u00e9 et un r\u00e8glement, ainsi que des exigences de s\u00e9gr\u00e9gation et de capital minimum applicables aux interm\u00e9diaires. Toutefois, les transactions conclues directement entre deux contreparties ne b\u00e9n\u00e9ficient g\u00e9n\u00e9ralement pas de telles protections et exposent les contreparties \u00e0 un risque accru de d\u00e9faut. De plus, dans certaines circonstances, il peut ne pas \u00eatre possible d'identifier clairement les liquidit\u00e9s, titres et autres actifs d\u00e9pos\u00e9s aupr\u00e8s de d\u00e9positaires ou de courtiers comme vous appartenant, ce qui vous expose au risque de cr\u00e9dit, de d\u00e9faut, de r\u00e8glement, de compensation et de livraison du courtier ou du d\u00e9positaire.    De plus, des probl\u00e8mes pratiques, juridiques, op\u00e9rationnels ou li\u00e9s au temps peuvent survenir lors de l\u2019exercice de vos droits sur vos actifs en cas d\u2019insolvabilit\u00e9 de toute contrepartie, d\u00e9positaire ou courtier. \r\n\r\n    <br><br>     \r\n En cas de d\u00e9faut d'une contrepartie, vous pouvez disposer de recours contractuels en vertu des accords pertinents. Cependant, l'exercice de ces droits peut impliquer des retards ou des co\u00fbts, ce qui pourrait \u00e9roder ou r\u00e9duire une partie de votre capital. \r\n     \r\n\r\n    <br><br> De plus, il existe un risque que toute contrepartie devienne insolvable ou fasse l'objet de proc\u00e9dures d'insolvabilit\u00e9. Dans de tels cas, le recouvrement de vos positions ou titres, ou le paiement des cr\u00e9ances, peut \u00eatre consid\u00e9rablement retard\u00e9, et vous pourriez r\u00e9cup\u00e9rer substantiellement moins que la pleine valeur des contrats ou des actifs sous-jacents. \r\n     \r\n    <br><br> Des risques similaires s'appliquent \u00e0 vos relations avec les courtiers ou les courtiers principaux. Vous devez g\u00e9n\u00e9ralement supposer que l'insolvabilit\u00e9 de toute contrepartie pourrait entra\u00eener une perte mat\u00e9rielle, qui pourrait \u00eatre aggrav\u00e9e si vos actifs ne sont pas s\u00e9gr\u00e9gu\u00e9s.  \r\n\r\n    <br><br>\r\n    <strong>N\u00e9gociation<\/strong> <br>     \r\n L\u2019ex\u00e9cution de transactions sur des march\u00e9s situ\u00e9s en dehors de votre juridiction d\u2019origine, y compris sur des march\u00e9s formellement li\u00e9s \u00e0 votre march\u00e9 national, peut comporter des risques suppl\u00e9mentaires.\r\n     \r\n\t<br><br>     \r\n La r\u00e9glementation dans ces march\u00e9s \u00e9trangers peut diff\u00e9rer de celle de votre juridiction d'origine et peut offrir un niveau de protection des investisseurs inf\u00e9rieur. Votre autorit\u00e9 de r\u00e9gulation locale ne peut garantir la conformit\u00e9 aux r\u00e8gles \u00e9tablies par les autorit\u00e9s de r\u00e9gulation ou les op\u00e9rateurs de march\u00e9 dans d'autres juridictions o\u00f9 vos transactions ont lieu. \r\n\t<br><br>    \r\n La plupart des syst\u00e8mes de trading \u00e9lectronique reposent sur du mat\u00e9riel informatique (par exemple, des ordinateurs ou des serveurs) et des logiciels (par exemple, des protocoles de carnet d'ordres et des programmes de gestion des ordres) pour acheminer les ordres, faire correspondre les offres et les demandes, g\u00e9rer les op\u00e9rations et enregistrer, compenser et r\u00e9gler les transactions.\r\n    \r\n\t<br><br>\t\r\n Comme tous les syst\u00e8mes de technologie de l\u2019information, ces plateformes de trading sont susceptibles de subir des pannes ou des dysfonctionnements. Votre capacit\u00e9 \u00e0 r\u00e9cup\u00e9rer certaines pertes peut \u00eatre limit\u00e9e par les plafonds de responsabilit\u00e9 fix\u00e9s par les fournisseurs de syst\u00e8mes, les march\u00e9s, les chambres de compensation et\/ou les soci\u00e9t\u00e9s de n\u00e9gociation. Ces limites peuvent varier, il est donc important d'obtenir des informations d\u00e9taill\u00e9es aupr\u00e8s de votre soci\u00e9t\u00e9 de n\u00e9gociation concernant la couverture de responsabilit\u00e9 applicable. \r\n     \r\n <\/p>\r\n\t\t\t\t<\/div>\n\t\t\t\t<\/div>\n\t\t\t\t<\/div>\n\t\t","protected":false},"excerpt":{"rendered":"<p>Avertissement sur les risques Pr\u00e9ambule &nbsp; Avis sur les risques \u2013 Trading sur marge \/ avec effet de levier La [&hellip;]<\/p>\n","protected":false},"author":1,"featured_media":0,"parent":0,"menu_order":0,"comment_status":"closed","ping_status":"closed","template":"","meta":{"site-sidebar-layout":"no-sidebar","site-content-layout":"","ast-site-content-layout":"full-width-container","site-content-style":"default","site-sidebar-style":"default","ast-global-header-display":"","ast-banner-title-visibility":"","ast-main-header-display":"","ast-hfb-above-header-display":"","ast-hfb-below-header-display":"","ast-hfb-mobile-header-display":"","site-post-title":"","ast-breadcrumbs-content":"","ast-featured-img":"disabled","footer-sml-layout":"","ast-disable-related-posts":"","theme-transparent-header-meta":"","adv-header-id-meta":"","stick-header-meta":"","header-above-stick-meta":"","header-main-stick-meta":"","header-below-stick-meta":"","astra-migrate-meta-layouts":"default","ast-page-background-enabled":"default","ast-page-background-meta":{"desktop":{"background-color":"var(--ast-global-color-5)","background-image":"","background-repeat":"repeat","background-position":"center center","background-size":"auto","background-attachment":"scroll","background-type":"","background-media":"","overlay-type":"","overlay-color":"","overlay-opacity":"","overlay-gradient":""},"tablet":{"background-color":"","background-image":"","background-repeat":"repeat","background-position":"center center","background-size":"auto","background-attachment":"scroll","background-type":"","background-media":"","overlay-type":"","overlay-color":"","overlay-opacity":"","overlay-gradient":""},"mobile":{"background-color":"","background-image":"","background-repeat":"repeat","background-position":"center center","background-size":"auto","background-attachment":"scroll","background-type":"","background-media":"","overlay-type":"","overlay-color":"","overlay-opacity":"","overlay-gradient":""}},"ast-content-background-meta":{"desktop":{"background-color":"var(--ast-global-color-4)","background-image":"","background-repeat":"repeat","background-position":"center center","background-size":"auto","background-attachment":"scroll","background-type":"","background-media":"","overlay-type":"","overlay-color":"","overlay-opacity":"","overlay-gradient":""},"tablet":{"background-color":"var(--ast-global-color-4)","background-image":"","background-repeat":"repeat","background-position":"center center","background-size":"auto","background-attachment":"scroll","background-type":"","background-media":"","overlay-type":"","overlay-color":"","overlay-opacity":"","overlay-gradient":""},"mobile":{"background-color":"var(--ast-global-color-4)","background-image":"","background-repeat":"repeat","background-position":"center center","background-size":"auto","background-attachment":"scroll","background-type":"","background-media":"","overlay-type":"","overlay-color":"","overlay-opacity":"","overlay-gradient":""}},"footnotes":""},"class_list":["post-7318","page","type-page","status-publish","hentry"],"_links":{"self":[{"href":"https:\/\/copernico.capital\/fr\/wp-json\/wp\/v2\/pages\/7318","targetHints":{"allow":["GET"]}}],"collection":[{"href":"https:\/\/copernico.capital\/fr\/wp-json\/wp\/v2\/pages"}],"about":[{"href":"https:\/\/copernico.capital\/fr\/wp-json\/wp\/v2\/types\/page"}],"author":[{"embeddable":true,"href":"https:\/\/copernico.capital\/fr\/wp-json\/wp\/v2\/users\/1"}],"replies":[{"embeddable":true,"href":"https:\/\/copernico.capital\/fr\/wp-json\/wp\/v2\/comments?post=7318"}],"version-history":[{"count":5,"href":"https:\/\/copernico.capital\/fr\/wp-json\/wp\/v2\/pages\/7318\/revisions"}],"predecessor-version":[{"id":7550,"href":"https:\/\/copernico.capital\/fr\/wp-json\/wp\/v2\/pages\/7318\/revisions\/7550"}],"wp:attachment":[{"href":"https:\/\/copernico.capital\/fr\/wp-json\/wp\/v2\/media?parent=7318"}],"curies":[{"name":"wp","href":"https:\/\/api.w.org\/{rel}","templated":true}]}}