{"id":7300,"date":"2026-03-04T17:09:15","date_gmt":"2026-03-04T17:09:15","guid":{"rendered":"https:\/\/copernico.capital\/develop\/informativa-sulla-privacy\/"},"modified":"2026-03-10T22:46:25","modified_gmt":"2026-03-10T22:46:25","slug":"informativa-sulla-privacy","status":"publish","type":"page","link":"https:\/\/copernico.capital\/it\/informativa-sulla-privacy\/","title":{"rendered":"Informativa sulla Privacy"},"content":{"rendered":"\t\t<div data-elementor-type=\"wp-page\" data-elementor-id=\"7300\" class=\"elementor elementor-7300 elementor-6650\">\n\t\t\t\t<div class=\"elementor-element elementor-element-4301d7b e-con-full e-flex e-con e-parent\" data-id=\"4301d7b\" data-element_type=\"container\" data-e-type=\"container\">\n\t\t<div class=\"elementor-element elementor-element-ae42c5e e-grid e-con-full e-con e-child\" data-id=\"ae42c5e\" data-element_type=\"container\" data-e-type=\"container\" data-settings=\"{&quot;background_background&quot;:&quot;classic&quot;}\">\n\t\t<div class=\"elementor-element elementor-element-c5acea7 e-con-full e-flex e-con e-child\" data-id=\"c5acea7\" data-element_type=\"container\" data-e-type=\"container\" data-settings=\"{&quot;background_background&quot;:&quot;video&quot;,&quot;background_video_link&quot;:&quot;https:\\\/\\\/copernico.capital\\\/develop\\\/wp-content\\\/uploads\\\/2026\\\/03\\\/copernico-capital-video.mp4&quot;,&quot;background_play_on_mobile&quot;:&quot;yes&quot;,&quot;background_play_once&quot;:&quot;yes&quot;}\">\n\t\t<div class=\"elementor-background-video-container\">\n\t\t\t\t\t\t\t<video class=\"elementor-background-video-hosted\" role=\"presentation\" autoplay muted playsinline><\/video>\n\t\t\t\t\t<\/div>\t\t<div class=\"elementor-element elementor-element-e8852eb headline legal-hero-title elementor-widget-mobile__width-initial elementor-widget elementor-widget-heading\" data-id=\"e8852eb\" data-element_type=\"widget\" data-e-type=\"widget\" data-widget_type=\"heading.default\">\n\t\t\t\t\t<h1 class=\"elementor-heading-title elementor-size-default\">Informativa sulla Privacy<\/h1>\t\t\t\t<\/div>\n\t\t\t\t<\/div>\n\t\t\t\t<\/div>\n\t\t\t\t<div class=\"elementor-element elementor-element-e89cb46 elementor-widget elementor-widget-html\" data-id=\"e89cb46\" data-element_type=\"widget\" data-e-type=\"widget\" data-widget_type=\"html.default\">\n\t\t\t\t\t<p class=\"text-justify\">\r\n\r\nQuesta Informativa sulla privacy spiega come Copernico Capital (\u201cnoi\u201d, \u201cci\u201d o \u201cnostro\u201d) raccoglie, utilizza, conserva e tratta in altro modo i dati personali. Ci\u00f2 include i dati personali relativi a persone fisiche che sono nostri clienti, potenziali clienti, intermediari, fornitori di servizi, partner commerciali o altre terze parti con cui interagiamo, nonch\u00e9 persone collegate a tali soggetti. \r\n\r\n<br><br>\r\nQuesta Informativa sulla Privacy \u00e8 stata redatta in conformit\u00e0 con la normativa applicabile in materia di protezione dei dati, tra cui:<\/p>\r\n\r\n<ul style=\"margin-left:30px;\">\r\n \t<li class=\"text-justify\">Il Financial Services Act 2007 della Financial Services Commission, Mauritius (FSC); e<\/li>\r\n \t<li class=\"text-justify\">Il Mauritius Data Protection Act 2017 (\u201cMU DPA\u201d),\r\n<\/li>\r\n<\/ul>\r\n\r\n<p class=\"text-justify\">\r\n(collettivamente denominati \u201cLegislazione sulla protezione dei dati\u201d o \u201cDPL\u201d).\r\n\r\n<br><br>\r\nSe hai domande su questa Informativa sulla privacy, su come gestiamo i tuoi dati personali o se desideri esercitare i tuoi diritti in materia di protezione dei dati, contatta il nostro Responsabile della protezione dei dati (\u201cDPO\u201d).\r\n\r\n<br><br>\r\nPotremmo aggiornare questa Informativa sulla Privacy di tanto in tanto per chiarirne il contenuto o per riflettere modifiche nelle leggi applicabili, nei regolamenti, nelle linee guida normative o nelle nostre operazioni e pratiche aziendali. Qualora tali modifiche siano sostanziali, adotteremo misure ragionevoli per informarti, anche pubblicando un avviso sul nostro sito web e\/o tramite la documentazione relativa ai servizi. La versione pi\u00f9 aggiornata di questa Informativa sulla Privacy sar\u00e0 sempre disponibile sul nostro sito web.  \r\n<br><br>\r\n<strong>Fonti dei Dati Personali<\/strong><br>\r\nRaccogliamo la maggior parte dei tuoi dati personali direttamente da te, sia di persona, per telefono, email, messaggio di testo o tramite il nostro sito web e le relative piattaforme digitali.\r\n\r\n<br><br>\r\nIn determinate circostanze, potremmo anche ottenere e trattare dati personali da altre fonti lecite, tra cui:\r\n<\/p>\r\n\r\n<ul style=\"margin-left:30px;\">\r\n \t<li class=\"text-justify\">Fonti pubblicamente disponibili, come registri delle imprese, documenti normativi, pubblicazioni della stampa, siti web internet e piattaforme di social media.<\/li>\r\n \t<li class=\"text-justify\">Fornitori di servizi informativi affidabili, inclusi fornitori di screening delle sanzioni, database di persone politicamente esposte (PEP), database di notizie negative\/pubblicit\u00e0 avversa, agenzie di riferimento creditizio e database antifrode.<\/li>\r\n \t<li class=\"text-justify\">Terze parti collegate a te, come la tua banca\/le tue banche, il tuo broker\/i tuoi broker, il tuo commercialista\/i tuoi commercialisti, il tuo revisore\/i tuoi revisori, i tuoi consulenti legali o altri consulenti professionali, qualora tu abbia fornito il tuo consenso o laddove altrimenti consentito dalla legge applicabile; e<\/li>\r\n \t<li class=\"text-justify\">I nostri sistemi interni e le tecnologie del sito web, comprese le informazioni raccolte tramite cookie e tecnologie di tracciamento simili. Per ulteriori dettagli, consulta la nostra Informativa sui Cookie. <\/li>\r\n\r\n<\/ul>\r\n\r\n<p class=\"text-justify\">\r\n\r\n<strong>Fornitura di Dati Personali<\/strong><br>\r\nNon sei obbligato per legge a fornirci i tuoi dati personali. Tuttavia, se scegli di non fornire determinate informazioni da noi richieste, potremmo non essere in grado di stabilire o continuare un rapporto commerciale con te o di fornirti i nostri servizi. \r\n\r\n<br><br>\r\nIn particolare, al fine di rispettare i nostri obblighi legali e normativi, inclusi quelli relativi alla conoscenza del cliente (KYC), all'antiriciclaggio e al contrasto del finanziamento del terrorismo (AML\/CFT) e ai requisiti relativi alla fonte dei fondi\/fonte della ricchezza (come definiti di seguito), siamo tenuti a verificare la tua identit\u00e0 e ottenere informazioni riguardanti il tuo status, il tuo background finanziario e la tua attivit\u00e0 transazionale. Il rispetto di tali obblighi richiede necessariamente la raccolta e il trattamento dei tuoi dati personali. \r\n\r\n<br><br>\r\n<strong>Dati Personali Sensibili o di Categoria Speciale<\/strong>\r\n<br>\r\nIn determinate circostanze, i dati personali che trattiamo possono includere dati <strong>'sensibili' o di 'categoria speciale'<\/strong>, come informazioni relative alla tua razza, etnia, religione, opinioni politiche, identificazione biometrica o genetica, salute, orientamento sessuale, precedenti penali o presunta attivit\u00e0 criminale. Il trattamento di tali dati richiede generalmente il tuo <strong>consenso<\/strong> esplicito, che puoi revocare in qualsiasi momento. \r\n\r\n<br><br>\r\nLe basi giuridiche per il trattamento di dati personali sensibili includono:\r\n<\/p>\r\n\r\n<ul style=\"margin-left:30px;\"> \t\r\n \t<li class=\"text-justify\">Il tuo consenso, qualora tu abbia fornito volontariamente tali dati;<\/li>\r\n \t<li class=\"text-justify\">Il rispetto di obblighi legali; e\/o<\/li>\r\n \t<li class=\"text-justify\">Rivendicazioni o procedimenti legali, incluse indagini normative.<\/li>\r\n<\/ul>\r\n\r\n<p class=\"text-justify\">\r\n\r\nLaddove fornisca volontariamente dati personali sensibili che potrebbero essere rilevanti per i servizi che ti offriamo, o per finalit\u00e0 di gestione del rapporto, si ritiene che tu abbia acconsentito al nostro trattamento di tali dati nella misura necessaria e appropriata.\r\n<br><br>\r\n<strong>Utilizzo dei dati personali<\/strong><br>\r\nLe finalit\u00e0 per le quali trattiamo i tuoi dati personali, e le relative basi giuridiche ai sensi della legislazione applicabile in materia di protezione dei dati, sono le seguenti:\r\n <\/p>\r\n\r\n<ol style=\"list-style: lower-latin; margin-left:30px;\">\r\n\r\n \t<li class=\"text-justify\"><strong>Gestione del Rapporto, Fornitura di Servizi ed Esecuzione del Contratto<\/strong>\r\n<br>\r\nTrattiamo i tuoi dati personali quando necessario per:\r\n\r\n<ul style=\"list-style: circle; margin-left:30px;\">\r\n \t<li class=\"text-justify\">Stabilire e gestire il nostro rapporto con te come cliente;<\/li>\r\n \t<li class=\"text-justify\">Eseguire un contratto con te relativo ai nostri servizi; o<\/li>\r\n \t<li class=\"text-justify\">Adottare misure su tua richiesta prima di stipulare tale contratto<\/li>\r\n<\/ul>\r\n<\/li>\r\n\r\n<br>\r\n<li class=\"text-justify\"><strong>Rispetto di Obblighi Legali e Normativi<\/strong>\r\n<br>In quanto entit\u00e0 di servizi finanziari regolamentata, siamo soggetti a obblighi legali e normativi che possono richiedere la raccolta, l'archiviazione o la divulgazione di dati personali, anche tra giurisdizioni (UE\/Regno Unito\/Mauritius). Questi includono, a titolo esemplificativo ma non esaustivo: \r\n<br>\r\n<ul style=\"list-style: circle; margin-left:30px;\">\r\n \t<li class=\"text-justify\">Requisiti di conoscenza del cliente (KYC), antiriciclaggio (AML) e contrasto del finanziamento del terrorismo (CTF);<\/li>\r\n \t<li class=\"text-justify\">Indagini normative o penali, o ordini di divulgazione; e<\/li>\r\n \t<li class=\"text-justify\">Obblighi di rendicontazione fiscale o altri requisiti imposti dalle autorit\u00e0 pubbliche.<\/li>\r\n\r\n<\/ul>\r\n<br>\r\n<\/li>\r\n\r\n<li class=\"text-justify\"><strong>Perseguimento dei Nostri Interessi Legittimi<\/strong>\r\n<br>\r\nQuando necessario, potremmo trattare dati personali per perseguire i nostri interessi legittimi o quelli di terze parti, a condizione che tali interessi non prevalgano sui tuoi diritti alla privacy. Gli esempi includono: \r\n<br>\r\n<ul style=\"list-style: circle; margin-left:30px;\">\r\n \t<li class=\"text-justify\">KYC, AML\/CTF, verifiche di affidabilit\u00e0 creditizia e prevenzione o rilevamento di reati finanziari;<\/li>\r\n \t<li class=\"text-justify\">Gestione dei rapporti con clienti e fornitori, gestione del rischio ed efficienza operativa;<\/li>\r\n \t<li class=\"text-justify\">Registrazione di telefonate e\/o monitoraggio delle comunicazioni elettroniche per finalit\u00e0 di conformit\u00e0;<\/li>\r\n \t<li class=\"text-justify\">Sicurezza delle informazioni e dei locali, incluso l'uso di registrazioni audio o video;<\/li>\r\n \t<li class=\"text-justify\">Sviluppo e marketing di prodotti e servizi (a meno che tu non abbia negato il consenso); e<\/li>\r\n \t<li class=\"text-justify\">Indagini, audit o procedimenti legali, incluso il recupero di crediti, qualora i tuoi dati personali possano essere utilizzati nel perseguire o difendere rivendicazioni<\/li>\r\n<\/ul>\r\n<\/li>\r\n\r\n<br><li class=\"text-justify\"><strong>Finalit\u00e0 Basate sul Consenso<\/strong>\r\n<br>\r\nPotremmo anche trattare dati personali per qualsiasi altra finalit\u00e0 esplicitamente concordata da te o per la quale hai fornito il consenso. Puoi revocare tale consenso in qualsiasi momento. La revoca non pregiudica la liceit\u00e0 del trattamento effettuato prima della revoca, ma potrebbe influire sulla nostra capacit\u00e0 di fornire i servizi nella stessa modalit\u00e0 di prima.  \r\n\r\n<\/li>\r\n<\/ol>\r\n\r\n<p class=\"text-justify\">\r\n<strong>Trasferimenti di dati<\/strong>\r\n<br>Potremmo condividere i tuoi dati personali con autorit\u00e0, istituzioni finanziarie, fornitori di servizi, consulenti o societ\u00e0 affiliate quando necessario per fornire i nostri servizi o per conformarci alla legge.\r\n<\/p>\r\n\r\n<ul style=\"margin-left:30px;\">\r\n \t<li class=\"text-justify\">I tuoi dati vengono condivisi solo con soggetti tenuti a proteggerli e utilizzarli per finalit\u00e0 legittime.<\/li>\r\n \t<li class=\"text-justify\">Se i tuoi dati devono essere trasferiti al di fuori di Mauritius, garantiremo che siano protetti dalla legge o da contratto e, in alcuni casi, il tuo consenso \u00e8 presunto dall'utilizzo dei nostri servizi.<\/li>\r\n \t<li class=\"text-justify\">I trasferimenti verso gli Stati Uniti seguono le garanzie ufficiali approvate dal GDPR (Clausole Contrattuali Standard).<\/li>\r\n \t<li class=\"text-justify\">Non condivideremo mai i tuoi dati con terze parti non correlate o senza adeguate misure di protezione.<\/li>\r\n<\/ul>\r\n\r\n<p class=\"text-justify\">\r\n\r\n<strong>Conservazione<\/strong><br>\r\nConserviamo i tuoi dati personali solo per il tempo necessario a soddisfare queste finalit\u00e0 o a rispettare i requisiti legali. Una volta non pi\u00f9 necessari, i tuoi dati vengono distrutti in modo sicuro, a meno che la conservazione non sia richiesta per audit, tasse o motivi legali. \r\n<br><br>\r\nHai diritti sui tuoi dati personali, tra cui:\r\n<\/p>\r\n<ul style=\"margin-left:30px;\">\r\n \t<li class=\"text-justify\">Accedere, correggere o cancellare i tuoi dati<\/li>\r\n \t<li class=\"text-justify\">Limitare il trattamento o trasferire i tuoi dati a un altro fornitore<\/li>\r\n \t<li class=\"text-justify\">Revocare il consenso in qualsiasi momento<\/li>\r\n \t<li class=\"text-justify\">Opporti a determinati tipi di trattamento, incluso il marketing.<\/li>\r\n<\/ul>\r\n<p class=\"text-justify\">\r\n\r\nLe richieste possono essere inviate al nostro DPO. Potremmo chiederti di verificare la tua identit\u00e0 e risponderemo entro 30 giorni. Limitare il trattamento potrebbe influire sui servizi che possiamo fornirti.  \r\n\r\n<br><br>\r\n<strong>Reclamo sulla Privacy<\/strong><br>Se non sei soddisfatto di come il nostro DPO gestisce il tuo reclamo riguardante i tuoi dati personali, puoi contattare il Data Protection Office di Mauritius:\r\n<br><br>\r\n<strong>Data Protection Office<\/strong><br>\r\n5th Floor, SICOM Tower, Wall Street\r\n<br>Ebene Cybercity, Mauritius\r\n<br><strong>Telefono:<\/strong> +230 460 0251<br><strong>Email:<\/strong> dpo@govmu.org<br>\r\n<strong>Sito web:<\/strong> <a href=\"https:\/\/dataprotection.govmu.org\">https:\/\/dataprotection.govmu.org<\/a>\r\n\r\n\r\n\r\n<\/p>\t\t\t\t<\/div>\n\t\t\t\t<\/div>\n\t\t\t\t<\/div>\n\t\t","protected":false},"excerpt":{"rendered":"<p>Informativa sulla Privacy Questa Informativa sulla privacy spiega come Copernico Capital (\u201cnoi\u201d, \u201cci\u201d o \u201cnostro\u201d) raccoglie, utilizza, conserva e tratta [&hellip;]<\/p>\n","protected":false},"author":1,"featured_media":0,"parent":0,"menu_order":0,"comment_status":"closed","ping_status":"closed","template":"","meta":{"site-sidebar-layout":"no-sidebar","site-content-layout":"","ast-site-content-layout":"full-width-container","site-content-style":"default","site-sidebar-style":"default","ast-global-header-display":"","ast-banner-title-visibility":"","ast-main-header-display":"","ast-hfb-above-header-display":"","ast-hfb-below-header-display":"","ast-hfb-mobile-header-display":"","site-post-title":"","ast-breadcrumbs-content":"","ast-featured-img":"disabled","footer-sml-layout":"","ast-disable-related-posts":"","theme-transparent-header-meta":"","adv-header-id-meta":"","stick-header-meta":"","header-above-stick-meta":"","header-main-stick-meta":"","header-below-stick-meta":"","astra-migrate-meta-layouts":"default","ast-page-background-enabled":"default","ast-page-background-meta":{"desktop":{"background-color":"var(--ast-global-color-5)","background-image":"","background-repeat":"repeat","background-position":"center center","background-size":"auto","background-attachment":"scroll","background-type":"","background-media":"","overlay-type":"","overlay-color":"","overlay-opacity":"","overlay-gradient":""},"tablet":{"background-color":"","background-image":"","background-repeat":"repeat","background-position":"center center","background-size":"auto","background-attachment":"scroll","background-type":"","background-media":"","overlay-type":"","overlay-color":"","overlay-opacity":"","overlay-gradient":""},"mobile":{"background-color":"","background-image":"","background-repeat":"repeat","background-position":"center center","background-size":"auto","background-attachment":"scroll","background-type":"","background-media":"","overlay-type":"","overlay-color":"","overlay-opacity":"","overlay-gradient":""}},"ast-content-background-meta":{"desktop":{"background-color":"var(--ast-global-color-4)","background-image":"","background-repeat":"repeat","background-position":"center center","background-size":"auto","background-attachment":"scroll","background-type":"","background-media":"","overlay-type":"","overlay-color":"","overlay-opacity":"","overlay-gradient":""},"tablet":{"background-color":"var(--ast-global-color-4)","background-image":"","background-repeat":"repeat","background-position":"center center","background-size":"auto","background-attachment":"scroll","background-type":"","background-media":"","overlay-type":"","overlay-color":"","overlay-opacity":"","overlay-gradient":""},"mobile":{"background-color":"var(--ast-global-color-4)","background-image":"","background-repeat":"repeat","background-position":"center center","background-size":"auto","background-attachment":"scroll","background-type":"","background-media":"","overlay-type":"","overlay-color":"","overlay-opacity":"","overlay-gradient":""}},"footnotes":""},"class_list":["post-7300","page","type-page","status-publish","hentry"],"_links":{"self":[{"href":"https:\/\/copernico.capital\/it\/wp-json\/wp\/v2\/pages\/7300","targetHints":{"allow":["GET"]}}],"collection":[{"href":"https:\/\/copernico.capital\/it\/wp-json\/wp\/v2\/pages"}],"about":[{"href":"https:\/\/copernico.capital\/it\/wp-json\/wp\/v2\/types\/page"}],"author":[{"embeddable":true,"href":"https:\/\/copernico.capital\/it\/wp-json\/wp\/v2\/users\/1"}],"replies":[{"embeddable":true,"href":"https:\/\/copernico.capital\/it\/wp-json\/wp\/v2\/comments?post=7300"}],"version-history":[{"count":2,"href":"https:\/\/copernico.capital\/it\/wp-json\/wp\/v2\/pages\/7300\/revisions"}],"predecessor-version":[{"id":7493,"href":"https:\/\/copernico.capital\/it\/wp-json\/wp\/v2\/pages\/7300\/revisions\/7493"}],"wp:attachment":[{"href":"https:\/\/copernico.capital\/it\/wp-json\/wp\/v2\/media?parent=7300"}],"curies":[{"name":"wp","href":"https:\/\/api.w.org\/{rel}","templated":true}]}}