{"id":7322,"date":"2026-03-04T17:12:33","date_gmt":"2026-03-04T17:12:33","guid":{"rendered":"https:\/\/copernico.capital\/develop\/avviso-sui-rischi\/"},"modified":"2026-03-11T15:24:30","modified_gmt":"2026-03-11T15:24:30","slug":"avviso-sui-rischi","status":"publish","type":"page","link":"https:\/\/copernico.capital\/it\/avviso-sui-rischi\/","title":{"rendered":"Avviso sui rischi"},"content":{"rendered":"\t\t<div data-elementor-type=\"wp-page\" data-elementor-id=\"7322\" class=\"elementor elementor-7322 elementor-6656\">\n\t\t\t\t<div class=\"elementor-element elementor-element-7adb9f4 e-con-full e-flex e-con e-parent\" data-id=\"7adb9f4\" data-element_type=\"container\" data-e-type=\"container\">\n\t\t<div class=\"elementor-element elementor-element-85fbec7 e-grid e-con-full e-con e-child\" data-id=\"85fbec7\" data-element_type=\"container\" data-e-type=\"container\" data-settings=\"{&quot;background_background&quot;:&quot;classic&quot;}\">\n\t\t<div class=\"elementor-element elementor-element-793e722 e-con-full e-flex e-con e-child\" data-id=\"793e722\" data-element_type=\"container\" data-e-type=\"container\" data-settings=\"{&quot;background_background&quot;:&quot;video&quot;,&quot;background_video_link&quot;:&quot;https:\\\/\\\/copernico.capital\\\/develop\\\/wp-content\\\/uploads\\\/2026\\\/03\\\/copernico-capital-video.mp4&quot;,&quot;background_play_on_mobile&quot;:&quot;yes&quot;,&quot;background_play_once&quot;:&quot;yes&quot;}\">\n\t\t<div class=\"elementor-background-video-container\">\n\t\t\t\t\t\t\t<video class=\"elementor-background-video-hosted\" role=\"presentation\" autoplay muted playsinline><\/video>\n\t\t\t\t\t<\/div>\t\t<div class=\"elementor-element elementor-element-9611bc9 headline legal-hero-title elementor-widget-mobile__width-initial elementor-widget elementor-widget-heading\" data-id=\"9611bc9\" data-element_type=\"widget\" data-e-type=\"widget\" data-widget_type=\"heading.default\">\n\t\t\t\t\t<h1 class=\"elementor-heading-title elementor-size-default\">Avviso sui rischi<\/h1>\t\t\t\t<\/div>\n\t\t\t\t<\/div>\n\t\t\t\t<\/div>\n\t\t\t\t<div class=\"elementor-element elementor-element-3cf0ad2 elementor-widget elementor-widget-html\" data-id=\"3cf0ad2\" data-element_type=\"widget\" data-e-type=\"widget\" data-widget_type=\"html.default\">\n\t\t\t\t\t<p class=\"text-justify\">\r\n    <strong>Preambolo<\/strong>\r\n\t<br>\t\r\n    <strong>&nbsp;<\/strong>\r\n\t<br>\t\r\n    <strong>Avviso di rischio \u2013 Trading con leva \/ margine<\/strong>\r\n\t<br>\t\r\n Il trading di Contratti per Differenza (CFD) comporta un elevato livello di rischio e potrebbe non essere adatto a tutti gli investitori. I CFD sono prodotti a leva, il che significa che sia i profitti che le perdite possono essere notevolmente amplificati. Di conseguenza, potresti perdere pi\u00f9 del tuo investimento iniziale. Prima di intraprendere il trading di CFD, devi assicurarti di comprendere appieno come funzionano i CFD e i rischi connessi. Devi valutare attentamente i tuoi obiettivi di investimento, la tua situazione finanziaria, la tua tolleranza al rischio e il tuo livello di esperienza. Ove necessario, ti consigliamo vivamente di richiedere una consulenza finanziaria, legale o fiscale indipendente. I risultati passati non sono un indicatore affidabile dei risultati futuri. Le condizioni di mercato possono cambiare rapidamente e non vi \u00e8 alcuna garanzia che una strategia di trading abbia successo.       \r\n    \r\n\t<br><br>  \r\n    <strong>Informazioni sui derivati<\/strong> <br>     \r\n I derivati includono strumenti principalmente CFD. Il loro valore deriva da attivit\u00e0 sottostanti come azioni, indici, obbligazioni, valute o materie prime, che possono essere altamente volatili. \r\n     \r\n\t<br><br> Una caratteristica chiave di questi strumenti \u00e8 che possono essere negoziati con un esborso iniziale minimo o nullo, attraverso il margine (per i CFD). Ci\u00f2 crea una leva finanziaria, il che significa che piccoli movimenti nell'attivit\u00e0 sottostante possono portare a grandi variazioni nel valore del derivato, richiedendo potenzialmente un margine di variazione aggiuntivo.  \r\n\r\n\t<br><br>\r\n    <strong>Futures<\/strong><br>    \r\n I futures sono derivati quotati i cui prezzi dipendono dal valore delle attivit\u00e0 sottostanti e possono essere influenzati da fattori quali tassi di interesse, domanda e offerta, politiche governative ed eventi economici e politici nazionali o globali.\r\n     \r\n    <br><br><\/p>\r\n I rischi principali includono: \r\n    <ul>\r\n        <li style=\"list-style-type: none;\">\r\n            <ul>\r\n                <li class=\"text-justify\">\r\n Rischio di borsa o di cassa di compensazione \u2013 il fallimento della borsa o della cassa di compensazione pu\u00f2 influire sulle tue posizioni.\r\n                <\/li>\r\n                <li class=\"text-justify\">\r\n Limiti di liquidit\u00e0 e di prezzo \u2013 alcune borse impongono limiti di prezzo giornalieri; se questi vengono raggiunti, potresti non essere in grado di aprire, rettificare o chiudere posizioni, portando potenzialmente a perdite sostanziali.\r\n                <\/li>\r\n                <li class=\"text-justify\">\r\n Rischio di leva finanziaria \u2013 i bassi requisiti di margine possono amplificare i guadagni o le perdite, quindi piccoli cambiamenti nell'attivit\u00e0 sottostante possono causare grandi impatti finanziari.\r\n                <\/li>\r\n                <li class=\"text-justify\">\r\n Sospensione delle negoziazioni \u2013 in circostanze straordinarie, le borse o le autorit\u00e0 di regolamentazione possono sospendere le negoziazioni o forzare la liquidazione delle posizioni.\r\n                <\/li>\r\n            <\/ul>\r\n        <\/li>\r\n    <\/ul>\r\n\r\n\r\n<p class=\"text-justify\">\r\n    <strong>Leva finanziaria<\/strong> <br>     \r\n I derivati spesso richiedono un esborso iniziale minimo o nullo, permettendoti di assumere posizioni superiori al capitale investito. Questo amplifica guadagni e perdite, quindi anche piccole variazioni dell'attivit\u00e0 sottostante possono causare oscillazioni significative nei rendimenti delle tue operazioni. \r\n\r\n    <br><br>\r\n Se il mercato si muove contro le tue posizioni, le perdite possono essere sostanziali e superare il capitale investito. Il mancato rispetto degli obblighi di margine o finanziamento pu\u00f2 consentire ai finanziatori di chiudere le tue posizioni o rivendicare i titoli detenuti come garanzia.\r\n    \r\n\r\n    <br><br>\r\n    <strong>Trading a margine e prestiti<\/strong> \r\n<br>Il trading a margine comporta il prestito di fondi dal tuo broker per aumentare la tua esposizione oltre il tuo capitale investito. Puoi sfruttare posizioni utilizzando derivati come i CFD e altri strumenti complessi con leva incorporata. \r\n  \r\n    <br><br><\/p>\r\n Considerazioni chiave: \r\n    <ul>\r\n        <li style=\"list-style-type: none;\">\r\n            <ul>\r\n                <li class=\"text-justify\">\r\n Interessi e costi \u2013 il prestito e le posizioni a leva comportano interessi, costi di transazione e altri oneri, che potrebbero non essere interamente compensati dai rendimenti del trading.\r\n                <\/li>\r\n                <li class=\"text-justify\">\r\n Entit\u00e0 della leva \u2013 l'importo che puoi prendere in prestito pu\u00f2 essere sostanziale rispetto al tuo capitale, amplificando sia i guadagni che le perdite.\r\n                <\/li>\r\n                <li class=\"text-justify\">\r\n Impatto dei tassi \u2013 i tassi di interesse prevalenti e i tuoi tassi di prestito specifici possono influenzare significativamente i tuoi risultati netti di trading.\r\n                <\/li>\r\n            <\/ul>\r\n        <\/li>\r\n    <\/ul>\r\n\r\n\r\n<p class=\"text-justify\">\r\n     <strong>Requisiti di margine e margin call<\/strong> \r\n\r\nQuando utilizzi la leva finanziaria tramite derivati, trading a margine o altri prestiti, devi depositare un margine iniziale o una garanzia in contanti o titoli.\r\n\r\n\r\n<br>Se il valore del tuo conto o delle attivit\u00e0 vincolate diminuisce, potresti ricevere una margin call, che ti richiede di depositare fondi o titoli aggiuntivi.<br><br><br><br>Il mancato rispetto di una margin call pu\u00f2 comportare: \r\n\t <\/p>\r\n    <ul>\r\n        <li style=\"list-style-type: none;\">\r\n            <ul>\r\n                <li class=\"text-justify\">Liquidazione forzata di posizioni o garanzie<\/li>\r\n                <li class=\"text-justify\">Chiusura di posizioni in perdita, potenzialmente superiore a quanto previsto<\/li>\r\n                <li class=\"text-justify\">Impossibilit\u00e0 di agire rapidamente, se le condizioni di mercato impediscono una liquidazione tempestiva <\/li>\r\n            <\/ul>\r\n        <\/li>\r\n    <\/ul>\r\n  \r\n<p class=\"text-justify\">    \r\n Gli intermediari finanziari che forniscono finanziamenti per il trading a margine dei clienti possono applicare requisiti di margine discrezionali, scarti di garanzia e politiche di valutazione dei titoli o delle garanzie. Modifiche a queste politiche, o l'imposizione di altre limitazioni o restrizioni creditizie dovute a condizioni di mercato, azioni governative, normative o giudiziarie possono comportare:<\/p>\r\n     \r\n\r\n    <ul>\r\n        <li style=\"list-style-type: none;\">\r\n            <ul>\r\n                <li class=\"text-justify\">Ingenti richieste di integrazione (margin call),<\/li>\r\n                <li class=\"text-justify\">Perdita del finanziamento,<\/li>\r\n                <li>Liquidazione forzata delle posizioni a prezzi altamente svantaggiosi,<\/li>\r\n                <li class=\"text-justify\">Risoluzione di contratti e accordi, e<\/li>\r\n                <li class=\"text-justify\">Inadempienze incrociate (cross-default) con altri dealer.<\/li>\r\n            <\/ul>\r\n        <\/li>\r\n    <\/ul>\r\n\r\n\t<p class=\"text-justify\">   \r\n\t\r\n Questi effetti negativi possono intensificarsi se tali limitazioni o restrizioni vengono imposte improvvisamente o da pi\u00f9 operatori di mercato. Di conseguenza, potresti essere costretto a liquidare tutto o parte del tuo portafoglio a prezzi estremamente svantaggiosi, con la potenziale perdita totale del capitale impegnato. Non vi \u00e8 alcuna garanzia che tu possa ottenere o mantenere finanziamenti o garanzie adeguati per il trading a margine in ogni momento. \r\n\r\n     <br> <br>\r\n     <strong>Inadempienza<\/strong> <br>     \r\n Tutte le transazioni comportano rischio di credito e inadempienza della controparte. Questi rischi sono mitigati per gli strumenti negoziati in borsa, generalmente garantiti da garanzie della stanza di compensazione, valutazione e regolamento giornalieri mark-to-market, e requisiti di segregazione e capitale minimo applicabili agli intermediari. Tuttavia, le transazioni concluse direttamente tra due controparti non beneficiano generalmente di tali protezioni ed espongono le controparti a un rischio maggiore di inadempienza. Inoltre, in determinate circostanze, potrebbe non essere possibile identificare chiaramente come tuoi i contanti, i titoli e gli altri asset depositati presso depositari o broker, esponendoti al rischio di credito, inadempienza, regolamento, compensazione e consegna del broker o depositario.    Inoltre, potrebbero esserci problemi pratici, legali, operativi o temporali associati all'esercizio dei tuoi diritti sui tuoi asset in caso di insolvenza di qualsiasi controparte, depositario o broker. \r\n\r\n    <br><br>     \r\n Se una controparte risulta inadempiente, potresti avere rimedi contrattuali ai sensi degli accordi pertinenti. Tuttavia, l'esercizio di tali diritti pu\u00f2 comportare ritardi o costi, che potrebbero erodere o ridurre una parte del tuo capitale.\r\n     \r\n\r\n    <br><br> Inoltre, esiste il rischio che qualsiasi controparte possa diventare insolvente o essere soggetta a procedure concorsuali. In tali casi, il recupero delle tue posizioni o titoli, o il pagamento dei crediti, pu\u00f2 subire ritardi significativi e potresti recuperare sostanzialmente meno del valore totale dei contratti o degli asset sottostanti.\r\n     \r\n    <br><br> Rischi simili si applicano ai tuoi rapporti con broker o prime broker. In generale, dovresti presumere che l'insolvenza di qualsiasi controparte possa comportare una perdita materiale, che potrebbe essere aggravata se i tuoi beni non sono segregati.  \r\n\r\n    <br><br>\r\n    <strong>Trading<\/strong> <br>     \r\n L'esecuzione di transazioni su mercati al di fuori della tua giurisdizione, compresi i mercati formalmente collegati al tuo mercato nazionale, pu\u00f2 comportare rischi aggiuntivi.\r\n     \r\n\t<br><br>     \r\n La regolamentazione in questi mercati esteri pu\u00f2 differire dalla tua giurisdizione di origine e fornire un livello inferiore di protezione degli investitori. La tua autorit\u00e0 di regolamentazione locale non pu\u00f2 garantire la conformit\u00e0 alle regole stabilite dalle autorit\u00e0 di regolamentazione o dagli operatori di mercato in altre giurisdizioni dove avvengono le tue transazioni.\r\n\t<br><br>    \r\n La maggior parte dei sistemi di trading elettronico si affida a hardware informatico (ad es. computer o server) e software (ad es. protocolli del libro ordini e programmi di gestione degli ordini) per instradare gli ordini, abbinare proposte di acquisto e vendita, gestire le operazioni e registrare, compensare e regolare le transazioni.\r\n    \r\n\t<br><br>\t\r\n Come tutti i sistemi di tecnologia informatica, queste piattaforme di trading sono soggette a guasti o malfunzionamenti. La tua capacit\u00e0 di recuperare determinate perdite pu\u00f2 essere limitata dai limiti di responsabilit\u00e0 stabiliti dai fornitori di sistema, mercati, stanze di compensazione e\/o societ\u00e0 di intermediazione. Questi limiti possono variare, quindi \u00e8 importante ottenere informazioni dettagliate dalla tua societ\u00e0 di intermediazione riguardo alla copertura di responsabilit\u00e0 applicabile. \r\n     \r\n <\/p>\r\n\t\t\t\t<\/div>\n\t\t\t\t<\/div>\n\t\t\t\t<\/div>\n\t\t","protected":false},"excerpt":{"rendered":"<p>Avviso sui rischi Preambolo &nbsp; Avviso di rischio \u2013 Trading con leva \/ margine Il trading di Contratti per Differenza [&hellip;]<\/p>\n","protected":false},"author":1,"featured_media":0,"parent":0,"menu_order":0,"comment_status":"closed","ping_status":"closed","template":"","meta":{"site-sidebar-layout":"no-sidebar","site-content-layout":"","ast-site-content-layout":"full-width-container","site-content-style":"default","site-sidebar-style":"default","ast-global-header-display":"","ast-banner-title-visibility":"","ast-main-header-display":"","ast-hfb-above-header-display":"","ast-hfb-below-header-display":"","ast-hfb-mobile-header-display":"","site-post-title":"","ast-breadcrumbs-content":"","ast-featured-img":"disabled","footer-sml-layout":"","ast-disable-related-posts":"","theme-transparent-header-meta":"","adv-header-id-meta":"","stick-header-meta":"","header-above-stick-meta":"","header-main-stick-meta":"","header-below-stick-meta":"","astra-migrate-meta-layouts":"default","ast-page-background-enabled":"default","ast-page-background-meta":{"desktop":{"background-color":"var(--ast-global-color-5)","background-image":"","background-repeat":"repeat","background-position":"center center","background-size":"auto","background-attachment":"scroll","background-type":"","background-media":"","overlay-type":"","overlay-color":"","overlay-opacity":"","overlay-gradient":""},"tablet":{"background-color":"","background-image":"","background-repeat":"repeat","background-position":"center center","background-size":"auto","background-attachment":"scroll","background-type":"","background-media":"","overlay-type":"","overlay-color":"","overlay-opacity":"","overlay-gradient":""},"mobile":{"background-color":"","background-image":"","background-repeat":"repeat","background-position":"center center","background-size":"auto","background-attachment":"scroll","background-type":"","background-media":"","overlay-type":"","overlay-color":"","overlay-opacity":"","overlay-gradient":""}},"ast-content-background-meta":{"desktop":{"background-color":"var(--ast-global-color-4)","background-image":"","background-repeat":"repeat","background-position":"center center","background-size":"auto","background-attachment":"scroll","background-type":"","background-media":"","overlay-type":"","overlay-color":"","overlay-opacity":"","overlay-gradient":""},"tablet":{"background-color":"var(--ast-global-color-4)","background-image":"","background-repeat":"repeat","background-position":"center center","background-size":"auto","background-attachment":"scroll","background-type":"","background-media":"","overlay-type":"","overlay-color":"","overlay-opacity":"","overlay-gradient":""},"mobile":{"background-color":"var(--ast-global-color-4)","background-image":"","background-repeat":"repeat","background-position":"center center","background-size":"auto","background-attachment":"scroll","background-type":"","background-media":"","overlay-type":"","overlay-color":"","overlay-opacity":"","overlay-gradient":""}},"footnotes":""},"class_list":["post-7322","page","type-page","status-publish","hentry"],"_links":{"self":[{"href":"https:\/\/copernico.capital\/it\/wp-json\/wp\/v2\/pages\/7322","targetHints":{"allow":["GET"]}}],"collection":[{"href":"https:\/\/copernico.capital\/it\/wp-json\/wp\/v2\/pages"}],"about":[{"href":"https:\/\/copernico.capital\/it\/wp-json\/wp\/v2\/types\/page"}],"author":[{"embeddable":true,"href":"https:\/\/copernico.capital\/it\/wp-json\/wp\/v2\/users\/1"}],"replies":[{"embeddable":true,"href":"https:\/\/copernico.capital\/it\/wp-json\/wp\/v2\/comments?post=7322"}],"version-history":[{"count":3,"href":"https:\/\/copernico.capital\/it\/wp-json\/wp\/v2\/pages\/7322\/revisions"}],"predecessor-version":[{"id":7552,"href":"https:\/\/copernico.capital\/it\/wp-json\/wp\/v2\/pages\/7322\/revisions\/7552"}],"wp:attachment":[{"href":"https:\/\/copernico.capital\/it\/wp-json\/wp\/v2\/media?parent=7322"}],"curies":[{"name":"wp","href":"https:\/\/api.w.org\/{rel}","templated":true}]}}