{"id":7191,"date":"2026-03-04T17:13:07","date_gmt":"2026-03-04T17:13:07","guid":{"rendered":"https:\/\/copernico.capital\/develop\/aviso-de-cookies\/"},"modified":"2026-03-11T15:38:46","modified_gmt":"2026-03-11T15:38:46","slug":"aviso-de-cookies","status":"publish","type":"page","link":"https:\/\/copernico.capital\/pt-pt\/aviso-de-cookies\/","title":{"rendered":"Aviso de Cookies"},"content":{"rendered":"\t\t<div data-elementor-type=\"wp-page\" data-elementor-id=\"7191\" class=\"elementor elementor-7191 elementor-6658\">\n\t\t\t\t<div class=\"elementor-element elementor-element-83a9971 e-con-full e-flex e-con e-parent\" data-id=\"83a9971\" data-element_type=\"container\" data-e-type=\"container\" data-settings=\"{&quot;background_background&quot;:&quot;classic&quot;}\">\n\t\t<div class=\"elementor-element elementor-element-57c7899 e-grid e-con-full e-con e-child\" data-id=\"57c7899\" data-element_type=\"container\" data-e-type=\"container\" data-settings=\"{&quot;background_background&quot;:&quot;classic&quot;}\">\n\t\t<div class=\"elementor-element elementor-element-ee031d1 e-con-full e-flex e-con e-child\" data-id=\"ee031d1\" data-element_type=\"container\" data-e-type=\"container\" data-settings=\"{&quot;background_background&quot;:&quot;video&quot;,&quot;background_video_link&quot;:&quot;https:\\\/\\\/copernico.capital\\\/develop\\\/wp-content\\\/uploads\\\/2026\\\/03\\\/copernico-capital-video.mp4&quot;,&quot;background_play_on_mobile&quot;:&quot;yes&quot;,&quot;background_play_once&quot;:&quot;yes&quot;}\">\n\t\t<div class=\"elementor-background-video-container\">\n\t\t\t\t\t\t\t<video class=\"elementor-background-video-hosted\" role=\"presentation\" autoplay muted playsinline><\/video>\n\t\t\t\t\t<\/div>\t\t<div class=\"elementor-element elementor-element-78f6483 headline legal-hero-title elementor-widget-mobile__width-initial elementor-widget elementor-widget-heading\" data-id=\"78f6483\" data-element_type=\"widget\" data-e-type=\"widget\" data-widget_type=\"heading.default\">\n\t\t\t\t\t<h1 class=\"elementor-heading-title elementor-size-default\">Aviso de Cookies<\/h1>\t\t\t\t<\/div>\n\t\t\t\t<\/div>\n\t\t\t\t<\/div>\n\t\t\t\t<div class=\"elementor-element elementor-element-bcb038f elementor-widget elementor-widget-text-editor\" data-id=\"bcb038f\" data-element_type=\"widget\" data-e-type=\"widget\" data-widget_type=\"text-editor.default\">\n\t\t\t\t\t\t\t\t\t<p><strong>Aviso de Cookies da Copernico Capital<\/strong><\/p><p>Utilizamos cookies e tecnologias semelhantes, tais como p\u00edxeis e armazenamento local, para melhorar a sua experi\u00eancia de navega\u00e7\u00e3o, personalizar conte\u00fados, fornecer funcionalidades de redes sociais e analisar a forma como os visitantes utilizam o nosso s\u00edtio Web. Alguns cookies s\u00e3o <strong>necess\u00e1rios<\/strong> para que o s\u00edtio Web funcione corretamente, permitindo-lhe navegar de forma segura, aceder a servi\u00e7os essenciais e manter a sess\u00e3o iniciada. Outros cookies s\u00e3o <strong>n\u00e3o essenciais<\/strong> e ajudam-nos a compreender como interage com o nosso s\u00edtio, a melhorar o desempenho do s\u00edtio Web e a apresentar publicidade relevante.  <\/p><p><br>Ao clicar em <strong>\u201cAceitar todos\u201d<\/strong>, consente a utiliza\u00e7\u00e3o de todos os cookies, incluindo cookies de desempenho, funcionalidade e de campanha. Pode tamb\u00e9m optar por <strong>gerir as suas prefer\u00eancias<\/strong> para permitir apenas determinados tipos de cookies ou <strong>recusar totalmente cookies n\u00e3o essenciais<\/strong>. Tenha em aten\u00e7\u00e3o que a desativa\u00e7\u00e3o de alguns cookies pode limitar a funcionalidade total do s\u00edtio Web e impedir que determinadas funcionalidades funcionem como pretendido.  <\/p>\t\t\t\t\t\t\t\t<\/div>\n\t\t\t\t<\/div>\n\t\t\t\t<\/div>\n\t\t","protected":false},"excerpt":{"rendered":"<p>Aviso de Cookies Aviso de Cookies da Copernico Capital Utilizamos cookies e tecnologias semelhantes, tais como p\u00edxeis e armazenamento local, [&hellip;]<\/p>\n","protected":false},"author":1,"featured_media":0,"parent":0,"menu_order":0,"comment_status":"closed","ping_status":"closed","template":"","meta":{"site-sidebar-layout":"no-sidebar","site-content-layout":"","ast-site-content-layout":"full-width-container","site-content-style":"default","site-sidebar-style":"default","ast-global-header-display":"","ast-banner-title-visibility":"","ast-main-header-display":"","ast-hfb-above-header-display":"","ast-hfb-below-header-display":"","ast-hfb-mobile-header-display":"","site-post-title":"","ast-breadcrumbs-content":"","ast-featured-img":"disabled","footer-sml-layout":"","ast-disable-related-posts":"","theme-transparent-header-meta":"","adv-header-id-meta":"","stick-header-meta":"","header-above-stick-meta":"","header-main-stick-meta":"","header-below-stick-meta":"","astra-migrate-meta-layouts":"default","ast-page-background-enabled":"default","ast-page-background-meta":{"desktop":{"background-color":"var(--ast-global-color-5)","background-image":"","background-repeat":"repeat","background-position":"center center","background-size":"auto","background-attachment":"scroll","background-type":"","background-media":"","overlay-type":"","overlay-color":"","overlay-opacity":"","overlay-gradient":""},"tablet":{"background-color":"","background-image":"","background-repeat":"repeat","background-position":"center center","background-size":"auto","background-attachment":"scroll","background-type":"","background-media":"","overlay-type":"","overlay-color":"","overlay-opacity":"","overlay-gradient":""},"mobile":{"background-color":"","background-image":"","background-repeat":"repeat","background-position":"center center","background-size":"auto","background-attachment":"scroll","background-type":"","background-media":"","overlay-type":"","overlay-color":"","overlay-opacity":"","overlay-gradient":""}},"ast-content-background-meta":{"desktop":{"background-color":"var(--ast-global-color-4)","background-image":"","background-repeat":"repeat","background-position":"center center","background-size":"auto","background-attachment":"scroll","background-type":"","background-media":"","overlay-type":"","overlay-color":"","overlay-opacity":"","overlay-gradient":""},"tablet":{"background-color":"var(--ast-global-color-4)","background-image":"","background-repeat":"repeat","background-position":"center center","background-size":"auto","background-attachment":"scroll","background-type":"","background-media":"","overlay-type":"","overlay-color":"","overlay-opacity":"","overlay-gradient":""},"mobile":{"background-color":"var(--ast-global-color-4)","background-image":"","background-repeat":"repeat","background-position":"center center","background-size":"auto","background-attachment":"scroll","background-type":"","background-media":"","overlay-type":"","overlay-color":"","overlay-opacity":"","overlay-gradient":""}},"footnotes":""},"class_list":["post-7191","page","type-page","status-publish","hentry"],"_links":{"self":[{"href":"https:\/\/copernico.capital\/pt-pt\/wp-json\/wp\/v2\/pages\/7191","targetHints":{"allow":["GET"]}}],"collection":[{"href":"https:\/\/copernico.capital\/pt-pt\/wp-json\/wp\/v2\/pages"}],"about":[{"href":"https:\/\/copernico.capital\/pt-pt\/wp-json\/wp\/v2\/types\/page"}],"author":[{"embeddable":true,"href":"https:\/\/copernico.capital\/pt-pt\/wp-json\/wp\/v2\/users\/1"}],"replies":[{"embeddable":true,"href":"https:\/\/copernico.capital\/pt-pt\/wp-json\/wp\/v2\/comments?post=7191"}],"version-history":[{"count":2,"href":"https:\/\/copernico.capital\/pt-pt\/wp-json\/wp\/v2\/pages\/7191\/revisions"}],"predecessor-version":[{"id":7555,"href":"https:\/\/copernico.capital\/pt-pt\/wp-json\/wp\/v2\/pages\/7191\/revisions\/7555"}],"wp:attachment":[{"href":"https:\/\/copernico.capital\/pt-pt\/wp-json\/wp\/v2\/media?parent=7191"}],"curies":[{"name":"wp","href":"https:\/\/api.w.org\/{rel}","templated":true}]}}