{"id":7297,"date":"2026-03-04T17:09:15","date_gmt":"2026-03-04T17:09:15","guid":{"rendered":"https:\/\/copernico.capital\/develop\/aviso-de-privacidade\/"},"modified":"2026-03-10T22:42:49","modified_gmt":"2026-03-10T22:42:49","slug":"aviso-de-privacidade","status":"publish","type":"page","link":"https:\/\/copernico.capital\/pt-pt\/aviso-de-privacidade\/","title":{"rendered":"Aviso de Privacidade"},"content":{"rendered":"\t\t<div data-elementor-type=\"wp-page\" data-elementor-id=\"7297\" class=\"elementor elementor-7297 elementor-6650\">\n\t\t\t\t<div class=\"elementor-element elementor-element-4301d7b e-con-full e-flex e-con e-parent\" data-id=\"4301d7b\" data-element_type=\"container\" data-e-type=\"container\">\n\t\t<div class=\"elementor-element elementor-element-ae42c5e e-grid e-con-full e-con e-child\" data-id=\"ae42c5e\" data-element_type=\"container\" data-e-type=\"container\" data-settings=\"{&quot;background_background&quot;:&quot;classic&quot;}\">\n\t\t<div class=\"elementor-element elementor-element-c5acea7 e-con-full e-flex e-con e-child\" data-id=\"c5acea7\" data-element_type=\"container\" data-e-type=\"container\" data-settings=\"{&quot;background_background&quot;:&quot;video&quot;,&quot;background_video_link&quot;:&quot;https:\\\/\\\/copernico.capital\\\/develop\\\/wp-content\\\/uploads\\\/2026\\\/03\\\/copernico-capital-video.mp4&quot;,&quot;background_play_on_mobile&quot;:&quot;yes&quot;,&quot;background_play_once&quot;:&quot;yes&quot;}\">\n\t\t<div class=\"elementor-background-video-container\">\n\t\t\t\t\t\t\t<video class=\"elementor-background-video-hosted\" role=\"presentation\" autoplay muted playsinline><\/video>\n\t\t\t\t\t<\/div>\t\t<div class=\"elementor-element elementor-element-e8852eb headline legal-hero-title elementor-widget-mobile__width-initial elementor-widget elementor-widget-heading\" data-id=\"e8852eb\" data-element_type=\"widget\" data-e-type=\"widget\" data-widget_type=\"heading.default\">\n\t\t\t\t\t<h1 class=\"elementor-heading-title elementor-size-default\">Aviso de Privacidade<\/h1>\t\t\t\t<\/div>\n\t\t\t\t<\/div>\n\t\t\t\t<\/div>\n\t\t\t\t<div class=\"elementor-element elementor-element-e89cb46 elementor-widget elementor-widget-html\" data-id=\"e89cb46\" data-element_type=\"widget\" data-e-type=\"widget\" data-widget_type=\"html.default\">\n\t\t\t\t\t<p class=\"text-justify\">\r\n\r\nEste Aviso de Privacidade explica como a Copernico Capital (\u00abn\u00f3s\u00bb, \u00abnos\u00bb ou \u00abnosso\u00bb) recolhe, utiliza, armazena e processa dados pessoais. Isto inclui dados pessoais relativos a indiv\u00edduos que s\u00e3o nossos clientes, potenciais clientes, intermedi\u00e1rios, prestadores de servi\u00e7os, parceiros comerciais ou outras terceiras partes com quem interagimos, bem como indiv\u00edduos relacionados com essas partes. \r\n\r\n<br><br>\r\nEste Aviso de Privacidade foi elaborado em conformidade com a legisla\u00e7\u00e3o aplic\u00e1vel em mat\u00e9ria de prote\u00e7\u00e3o de dados, incluindo:<\/p>\r\n\r\n<ul style=\"margin-left:30px;\">\r\n \t<li class=\"text-justify\">A Lei dos Servi\u00e7os Financeiros de 2007 da Comiss\u00e3o de Servi\u00e7os Financeiros das Maur\u00edcias (FSC); e<\/li>\r\n \t<li class=\"text-justify\">A Lei de Prote\u00e7\u00e3o de Dados das Maur\u00edcias de 2017 (\u00abMU DPA\u00bb),\r\n<\/li>\r\n<\/ul>\r\n\r\n<p class=\"text-justify\">\r\n(em conjunto designadas por \u00abLegisla\u00e7\u00e3o de Prote\u00e7\u00e3o de Dados\u00bb ou \u00abLPD\u00bb).\r\n\r\n<br><br>\r\nCaso tenha alguma quest\u00e3o sobre este Aviso de Privacidade, sobre a forma como tratamos os seus dados pessoais, ou se desejar exercer os seus direitos de prote\u00e7\u00e3o de dados, contacte o nosso Encarregado da Prote\u00e7\u00e3o de Dados (\u00abEPD\u00bb).\r\n\r\n<br><br>\r\nPoderemos atualizar este Aviso de Privacidade periodicamente, a fim de clarificar o seu conte\u00fado ou refletir altera\u00e7\u00f5es nas leis aplic\u00e1veis, regulamentos, orienta\u00e7\u00f5es regulamentares ou nas nossas opera\u00e7\u00f5es e pr\u00e1ticas comerciais. Quando tais altera\u00e7\u00f5es forem materiais, tomaremos medidas razo\u00e1veis para o notificar, incluindo atrav\u00e9s da publica\u00e7\u00e3o de um aviso no nosso s\u00edtio Web e\/ou atrav\u00e9s da documenta\u00e7\u00e3o de servi\u00e7os relevante. A vers\u00e3o mais atual deste Aviso de Privacidade estar\u00e1 sempre dispon\u00edvel no nosso s\u00edtio Web.  \r\n<br><br>\r\n<strong>Fontes de Dados Pessoais<\/strong><br>\r\nRecolhemos a maior parte dos seus dados pessoais diretamente de si, seja pessoalmente, por telefone, correio eletr\u00f3nico, mensagem de texto ou atrav\u00e9s do nosso s\u00edtio Web e plataformas digitais relacionadas.\r\n\r\n<br><br>\r\nEm determinadas circunst\u00e2ncias, poderemos tamb\u00e9m obter e processar dados pessoais de outras fontes leg\u00edtimas, incluindo:\r\n<\/p>\r\n\r\n<ul style=\"margin-left:30px;\">\r\n \t<li class=\"text-justify\">Fontes publicamente dispon\u00edveis, tais como registos de empresas, registos regulamentares, publica\u00e7\u00f5es de imprensa, s\u00edtios Web na Internet e plataformas de redes sociais.<\/li>\r\n \t<li class=\"text-justify\">Prestadores de servi\u00e7os de informa\u00e7\u00e3o de confian\u00e7a, incluindo prestadores de rastreio de san\u00e7\u00f5es, bases de dados de pessoas politicamente expostas (PEP), bases de dados de publicidade negativa\/meios de comunica\u00e7\u00e3o adversos, ag\u00eancias de refer\u00eancia de cr\u00e9dito e bases de dados antifraude.<\/li>\r\n \t<li class=\"text-justify\">Terceiros relacionados consigo, tais como o(s) seu(s) banco(s), corretor(es), contabilista(s), auditor(es), consultores jur\u00eddicos ou outros consultores profissionais, quando tiver dado o seu consentimento ou quando de outra forma permitido pela legisla\u00e7\u00e3o aplic\u00e1vel; e<\/li>\r\n \t<li class=\"text-justify\">Os nossos sistemas internos e tecnologias de s\u00edtio Web, incluindo informa\u00e7\u00f5es recolhidas atrav\u00e9s de cookies e tecnologias de rastreio semelhantes. Para mais informa\u00e7\u00f5es, consulte o nosso Aviso de Cookies. <\/li>\r\n\r\n<\/ul>\r\n\r\n<p class=\"text-justify\">\r\n\r\n<strong>Fornecimento de Dados Pessoais<\/strong><br>\r\nN\u00e3o est\u00e1 sob obriga\u00e7\u00e3o legal de nos fornecer os seus dados pessoais. No entanto, se optar por n\u00e3o fornecer determinadas informa\u00e7\u00f5es solicitadas por n\u00f3s, poderemos n\u00e3o conseguir estabelecer ou manter uma rela\u00e7\u00e3o comercial consigo ou prestar-lhe os nossos servi\u00e7os. \r\n\r\n<br><br>\r\nEm particular, para cumprirmos as nossas obriga\u00e7\u00f5es legais e regulamentares, incluindo as relativas ao conhecimento do cliente (KYC), ao combate ao branqueamento de capitais e ao financiamento do terrorismo (AML\/CFT) e aos requisitos de origem de fundos\/origem de riqueza (conforme definido abaixo), somos obrigados a verificar a sua identidade e obter informa\u00e7\u00f5es relativas ao seu estatuto, situa\u00e7\u00e3o financeira e atividade transacional. O cumprimento destas obriga\u00e7\u00f5es requer necessariamente a recolha e o processamento dos seus dados pessoais. \r\n\r\n<br><br>\r\n<strong>Dados Pessoais Sens\u00edveis ou de Categoria Especial<\/strong>\r\n<br>\r\nEm determinadas circunst\u00e2ncias, os dados pessoais que processamos podem incluir dados <strong>\u00absens\u00edveis\u00bb ou de \u00abcategoria especial\u00bb<\/strong>, tais como informa\u00e7\u00f5es relativas \u00e0 sua ra\u00e7a, etnia, religi\u00e3o, opini\u00f5es pol\u00edticas, identifica\u00e7\u00e3o biom\u00e9trica ou gen\u00e9tica, sa\u00fade, orienta\u00e7\u00e3o sexual, registo criminal ou alegada atividade criminosa. O processamento de tais dados requer geralmente o seu <strong>consentimento<\/strong> expl\u00edcito, que poder\u00e1 retirar a qualquer momento. \r\n\r\n<br><br>\r\nAs bases legais para o processamento de dados pessoais sens\u00edveis incluem:\r\n<\/p>\r\n\r\n<ul style=\"margin-left:30px;\"> \t\r\n \t<li class=\"text-justify\">O seu consentimento, quando tiver fornecido voluntariamente tais dados;<\/li>\r\n \t<li class=\"text-justify\">Cumprimento de obriga\u00e7\u00f5es legais; e\/ou<\/li>\r\n \t<li class=\"text-justify\">Reclama\u00e7\u00f5es ou processos legais, incluindo investiga\u00e7\u00f5es regulamentares.<\/li>\r\n<\/ul>\r\n\r\n<p class=\"text-justify\">\r\n\r\nSempre que fornecer voluntariamente dados pessoais sens\u00edveis que possam ser relevantes para os servi\u00e7os que lhe prestamos, ou para fins de gest\u00e3o de relacionamento, considera-se que consentiu o nosso processamento de tais dados na medida do necess\u00e1rio e apropriado.\r\n<br><br>\r\n<strong>Utiliza\u00e7\u00f5es de Dados Pessoais<\/strong><br>\r\nAs finalidades para as quais processamos os seus dados pessoais, e as bases legais correspondentes ao abrigo da legisla\u00e7\u00e3o de prote\u00e7\u00e3o de dados aplic\u00e1vel, s\u00e3o as seguintes:\r\n <\/p>\r\n\r\n<ol style=\"list-style: lower-latin; margin-left:30px;\">\r\n\r\n \t<li class=\"text-justify\"><strong>Gest\u00e3o de Relacionamento, Presta\u00e7\u00e3o de Servi\u00e7os e Execu\u00e7\u00e3o de Contratos<\/strong>\r\n<br>\r\nProcessamos os seus dados pessoais quando necess\u00e1rio para:\r\n\r\n<ul style=\"list-style: circle; margin-left:30px;\">\r\n \t<li class=\"text-justify\">Estabelecer e gerir a nossa rela\u00e7\u00e3o de cliente consigo;<\/li>\r\n \t<li class=\"text-justify\">Executar um contrato consigo relativo aos nossos servi\u00e7os; ou<\/li>\r\n \t<li class=\"text-justify\">Tomar medidas a seu pedido antes de celebrar tal contrato<\/li>\r\n<\/ul>\r\n<\/li>\r\n\r\n<br>\r\n<li class=\"text-justify\"><strong>Cumprimento de Obriga\u00e7\u00f5es Legais e Regulamentares<\/strong>\r\n<br>Como entidade regulada de servi\u00e7os financeiros, estamos sujeitos a obriga\u00e7\u00f5es legais e regulamentares que podem exigir a recolha, armazenamento ou divulga\u00e7\u00e3o de dados pessoais, incluindo entre jurisdi\u00e7\u00f5es (UE\/Reino Unido\/Maur\u00edcias). Estas incluem, mas n\u00e3o se limitam a: \r\n<br>\r\n<ul style=\"list-style: circle; margin-left:30px;\">\r\n \t<li class=\"text-justify\">Requisitos de conhecimento do cliente (KYC), combate ao branqueamento de capitais (AML) e combate ao financiamento do terrorismo (CFT);<\/li>\r\n \t<li class=\"text-justify\">Investiga\u00e7\u00f5es regulamentares ou criminais, ou ordens de divulga\u00e7\u00e3o; e<\/li>\r\n \t<li class=\"text-justify\">Requisitos de reporte fiscal ou outros impostos por autoridades p\u00fablicas.<\/li>\r\n\r\n<\/ul>\r\n<br>\r\n<\/li>\r\n\r\n<li class=\"text-justify\"><strong>Prossecu\u00e7\u00e3o dos Nossos Interesses Leg\u00edtimos<\/strong>\r\n<br>\r\nQuando necess\u00e1rio, poderemos processar dados pessoais para prosseguir os nossos interesses leg\u00edtimos ou os de terceiros, desde que tais interesses n\u00e3o sejam sobrepostos pelos seus direitos de privacidade. Os exemplos incluem: \r\n<br>\r\n<ul style=\"list-style: circle; margin-left:30px;\">\r\n \t<li class=\"text-justify\">Verifica\u00e7\u00f5es de KYC, AML\/CFT, solvabilidade e preven\u00e7\u00e3o ou dete\u00e7\u00e3o de crimes financeiros;<\/li>\r\n \t<li class=\"text-justify\">Gest\u00e3o de relacionamento com clientes e fornecedores, gest\u00e3o de risco e efici\u00eancia operacional;<\/li>\r\n \t<li class=\"text-justify\">Grava\u00e7\u00e3o de chamadas telef\u00f3nicas e\/ou monitoriza\u00e7\u00e3o de comunica\u00e7\u00f5es eletr\u00f3nicas para fins de conformidade;<\/li>\r\n \t<li class=\"text-justify\">Seguran\u00e7a de informa\u00e7\u00f5es e instala\u00e7\u00f5es, incluindo a utiliza\u00e7\u00e3o de grava\u00e7\u00f5es \u00e1udio ou v\u00eddeo;<\/li>\r\n \t<li class=\"text-justify\">Desenvolvimento e comercializa\u00e7\u00e3o de produtos e servi\u00e7os (salvo se tiver recusado o consentimento); e<\/li>\r\n \t<li class=\"text-justify\">Investiga\u00e7\u00f5es, auditorias ou processos legais, incluindo a recupera\u00e7\u00e3o de d\u00edvidas, quando os seus dados pessoais possam ser utilizados na prossecu\u00e7\u00e3o ou defesa de reclama\u00e7\u00f5es<\/li>\r\n<\/ul>\r\n<\/li>\r\n\r\n<br><li class=\"text-justify\"><strong>Finalidades Baseadas em Consentimento<\/strong>\r\n<br>\r\nPoderemos tamb\u00e9m processar dados pessoais para quaisquer outras finalidades que tenham sido explicitamente acordadas por si ou para as quais tenha dado o seu consentimento. Poder\u00e1 retirar esse consentimento a qualquer momento. A retirada n\u00e3o afeta a legalidade do processamento efetuado antes da retirada, mas pode afetar a nossa capacidade de prestar servi\u00e7os da mesma forma que anteriormente.  \r\n\r\n<\/li>\r\n<\/ol>\r\n\r\n<p class=\"text-justify\">\r\n<strong>Transfer\u00eancias de Dados<\/strong>\r\n<br>Podemos partilhar os seus dados pessoais com autoridades, institui\u00e7\u00f5es financeiras, prestadores de servi\u00e7os, consultores ou afiliadas quando necess\u00e1rio para prestar os nossos servi\u00e7os ou cumprir a lei.\r\n<\/p>\r\n\r\n<ul style=\"margin-left:30px;\">\r\n \t<li class=\"text-justify\">Os seus dados s\u00e3o apenas partilhados com partes que s\u00e3o obrigadas a proteg\u00ea-los e a utiliz\u00e1-los para fins leg\u00edtimos.<\/li>\r\n \t<li class=\"text-justify\">Se os seus dados precisarem de ser transferidos para fora das Maur\u00edcias, garantiremos que s\u00e3o protegidos por lei ou contrato e, em alguns casos, o seu consentimento \u00e9 presumido pela utiliza\u00e7\u00e3o dos nossos servi\u00e7os.<\/li>\r\n \t<li class=\"text-justify\">As transfer\u00eancias para os EUA seguem salvaguardas oficiais aprovadas pelo RGPD (Cl\u00e1usulas Contratuais Tipo).<\/li>\r\n \t<li class=\"text-justify\">Nunca partilharemos os seus dados com terceiros n\u00e3o relacionados ou sem medidas de prote\u00e7\u00e3o adequadas.<\/li>\r\n<\/ul>\r\n\r\n<p class=\"text-justify\">\r\n\r\n<strong>Reten\u00e7\u00e3o<\/strong><br>\r\nRetemos os seus dados pessoais apenas pelo tempo necess\u00e1rio para cumprir estas finalidades ou satisfazer requisitos legais. Uma vez que deixem de ser necess\u00e1rios, os seus dados s\u00e3o destru\u00eddos de forma segura, salvo se a reten\u00e7\u00e3o for exigida para auditorias, impostos ou raz\u00f5es legais. \r\n<br><br>\r\nTem direitos sobre os seus dados pessoais, incluindo:\r\n<\/p>\r\n<ul style=\"margin-left:30px;\">\r\n \t<li class=\"text-justify\">Aceder, corrigir ou eliminar os seus dados<\/li>\r\n \t<li class=\"text-justify\">Restringir o processamento ou transferir os seus dados para outro prestador<\/li>\r\n \t<li class=\"text-justify\">Retirar o consentimento a qualquer momento<\/li>\r\n \t<li class=\"text-justify\">Opor-se a determinados tipos de processamento, incluindo marketing.<\/li>\r\n<\/ul>\r\n<p class=\"text-justify\">\r\n\r\nOs pedidos podem ser feitos ao nosso EPD. Poderemos solicitar-lhe que verifique a sua identidade e responderemos no prazo de 30 dias. A limita\u00e7\u00e3o do processamento pode afetar os servi\u00e7os que lhe podemos prestar.  \r\n\r\n<br><br>\r\n<strong>Reclama\u00e7\u00e3o de Privacidade<\/strong><br>Se n\u00e3o estiver satisfeito com a forma como o nosso EPD trata a sua reclama\u00e7\u00e3o relativa aos seus dados pessoais, pode contactar o Gabinete de Prote\u00e7\u00e3o de Dados das Maur\u00edcias:\r\n<br><br>\r\n<strong>Gabinete de Prote\u00e7\u00e3o de Dados<\/strong><br>\r\n5.\u00ba Andar, SICOM Tower, Wall Street\r\n<br>Ebene Cybercity, Maur\u00edcias\r\n<br><strong>Telefone:<\/strong> +230 460 0251<br><strong>E-mail:<\/strong> dpo@govmu.org<br>\r\n<strong>S\u00edtio Web:<\/strong> <a href=\"https:\/\/dataprotection.govmu.org\">https:\/\/dataprotection.govmu.org<\/a>\r\n\r\n\r\n\r\n<\/p>\t\t\t\t<\/div>\n\t\t\t\t<\/div>\n\t\t\t\t<\/div>\n\t\t","protected":false},"excerpt":{"rendered":"<p>Aviso de Privacidade Este Aviso de Privacidade explica como a Copernico Capital (\u00abn\u00f3s\u00bb, \u00abnos\u00bb ou \u00abnosso\u00bb) recolhe, utiliza, armazena e [&hellip;]<\/p>\n","protected":false},"author":1,"featured_media":0,"parent":0,"menu_order":0,"comment_status":"closed","ping_status":"closed","template":"","meta":{"site-sidebar-layout":"no-sidebar","site-content-layout":"","ast-site-content-layout":"full-width-container","site-content-style":"default","site-sidebar-style":"default","ast-global-header-display":"","ast-banner-title-visibility":"","ast-main-header-display":"","ast-hfb-above-header-display":"","ast-hfb-below-header-display":"","ast-hfb-mobile-header-display":"","site-post-title":"","ast-breadcrumbs-content":"","ast-featured-img":"disabled","footer-sml-layout":"","ast-disable-related-posts":"","theme-transparent-header-meta":"","adv-header-id-meta":"","stick-header-meta":"","header-above-stick-meta":"","header-main-stick-meta":"","header-below-stick-meta":"","astra-migrate-meta-layouts":"default","ast-page-background-enabled":"default","ast-page-background-meta":{"desktop":{"background-color":"var(--ast-global-color-5)","background-image":"","background-repeat":"repeat","background-position":"center center","background-size":"auto","background-attachment":"scroll","background-type":"","background-media":"","overlay-type":"","overlay-color":"","overlay-opacity":"","overlay-gradient":""},"tablet":{"background-color":"","background-image":"","background-repeat":"repeat","background-position":"center center","background-size":"auto","background-attachment":"scroll","background-type":"","background-media":"","overlay-type":"","overlay-color":"","overlay-opacity":"","overlay-gradient":""},"mobile":{"background-color":"","background-image":"","background-repeat":"repeat","background-position":"center center","background-size":"auto","background-attachment":"scroll","background-type":"","background-media":"","overlay-type":"","overlay-color":"","overlay-opacity":"","overlay-gradient":""}},"ast-content-background-meta":{"desktop":{"background-color":"var(--ast-global-color-4)","background-image":"","background-repeat":"repeat","background-position":"center center","background-size":"auto","background-attachment":"scroll","background-type":"","background-media":"","overlay-type":"","overlay-color":"","overlay-opacity":"","overlay-gradient":""},"tablet":{"background-color":"var(--ast-global-color-4)","background-image":"","background-repeat":"repeat","background-position":"center center","background-size":"auto","background-attachment":"scroll","background-type":"","background-media":"","overlay-type":"","overlay-color":"","overlay-opacity":"","overlay-gradient":""},"mobile":{"background-color":"var(--ast-global-color-4)","background-image":"","background-repeat":"repeat","background-position":"center center","background-size":"auto","background-attachment":"scroll","background-type":"","background-media":"","overlay-type":"","overlay-color":"","overlay-opacity":"","overlay-gradient":""}},"footnotes":""},"class_list":["post-7297","page","type-page","status-publish","hentry"],"_links":{"self":[{"href":"https:\/\/copernico.capital\/pt-pt\/wp-json\/wp\/v2\/pages\/7297","targetHints":{"allow":["GET"]}}],"collection":[{"href":"https:\/\/copernico.capital\/pt-pt\/wp-json\/wp\/v2\/pages"}],"about":[{"href":"https:\/\/copernico.capital\/pt-pt\/wp-json\/wp\/v2\/types\/page"}],"author":[{"embeddable":true,"href":"https:\/\/copernico.capital\/pt-pt\/wp-json\/wp\/v2\/users\/1"}],"replies":[{"embeddable":true,"href":"https:\/\/copernico.capital\/pt-pt\/wp-json\/wp\/v2\/comments?post=7297"}],"version-history":[{"count":2,"href":"https:\/\/copernico.capital\/pt-pt\/wp-json\/wp\/v2\/pages\/7297\/revisions"}],"predecessor-version":[{"id":7489,"href":"https:\/\/copernico.capital\/pt-pt\/wp-json\/wp\/v2\/pages\/7297\/revisions\/7489"}],"wp:attachment":[{"href":"https:\/\/copernico.capital\/pt-pt\/wp-json\/wp\/v2\/media?parent=7297"}],"curies":[{"name":"wp","href":"https:\/\/api.w.org\/{rel}","templated":true}]}}