{"id":7324,"date":"2026-03-04T17:12:33","date_gmt":"2026-03-04T17:12:33","guid":{"rendered":"https:\/\/copernico.capital\/develop\/aviso-de-risco\/"},"modified":"2026-03-11T15:24:40","modified_gmt":"2026-03-11T15:24:40","slug":"aviso-de-risco","status":"publish","type":"page","link":"https:\/\/copernico.capital\/pt-pt\/aviso-de-risco\/","title":{"rendered":"Aviso de Risco"},"content":{"rendered":"\t\t<div data-elementor-type=\"wp-page\" data-elementor-id=\"7324\" class=\"elementor elementor-7324 elementor-6656\">\n\t\t\t\t<div class=\"elementor-element elementor-element-7adb9f4 e-con-full e-flex e-con e-parent\" data-id=\"7adb9f4\" data-element_type=\"container\" data-e-type=\"container\">\n\t\t<div class=\"elementor-element elementor-element-85fbec7 e-grid e-con-full e-con e-child\" data-id=\"85fbec7\" data-element_type=\"container\" data-e-type=\"container\" data-settings=\"{&quot;background_background&quot;:&quot;classic&quot;}\">\n\t\t<div class=\"elementor-element elementor-element-793e722 e-con-full e-flex e-con e-child\" data-id=\"793e722\" data-element_type=\"container\" data-e-type=\"container\" data-settings=\"{&quot;background_background&quot;:&quot;video&quot;,&quot;background_video_link&quot;:&quot;https:\\\/\\\/copernico.capital\\\/develop\\\/wp-content\\\/uploads\\\/2026\\\/03\\\/copernico-capital-video.mp4&quot;,&quot;background_play_on_mobile&quot;:&quot;yes&quot;,&quot;background_play_once&quot;:&quot;yes&quot;}\">\n\t\t<div class=\"elementor-background-video-container\">\n\t\t\t\t\t\t\t<video class=\"elementor-background-video-hosted\" role=\"presentation\" autoplay muted playsinline><\/video>\n\t\t\t\t\t<\/div>\t\t<div class=\"elementor-element elementor-element-9611bc9 headline legal-hero-title elementor-widget-mobile__width-initial elementor-widget elementor-widget-heading\" data-id=\"9611bc9\" data-element_type=\"widget\" data-e-type=\"widget\" data-widget_type=\"heading.default\">\n\t\t\t\t\t<h1 class=\"elementor-heading-title elementor-size-default\">Aviso de Risco<\/h1>\t\t\t\t<\/div>\n\t\t\t\t<\/div>\n\t\t\t\t<\/div>\n\t\t\t\t<div class=\"elementor-element elementor-element-3cf0ad2 elementor-widget elementor-widget-html\" data-id=\"3cf0ad2\" data-element_type=\"widget\" data-e-type=\"widget\" data-widget_type=\"html.default\">\n\t\t\t\t\t<p class=\"text-justify\">\r\n    <strong>Pre\u00e2mbulo<\/strong>\r\n\t<br>\t\r\n    <strong>&nbsp;<\/strong>\r\n\t<br>\t\r\n    <strong>Aviso de Risco \u2013 Negocia\u00e7\u00e3o Alavancada \/ com Margem<\/strong>\r\n\t<br>\t\r\n A negocia\u00e7\u00e3o de Contratos por Diferen\u00e7a (CFDs) envolve um elevado n\u00edvel de risco e pode n\u00e3o ser adequada para todos os investidores. Os CFDs s\u00e3o produtos alavancados, o que significa que tanto os lucros como as perdas podem ser significativamente ampliados. Como resultado, poder\u00e1 perder mais do que o seu investimento inicial. Antes de se envolver na negocia\u00e7\u00e3o de CFDs, deve assegurar-se de que compreende totalmente o funcionamento dos CFDs e os riscos envolvidos. Deve avaliar cuidadosamente os seus objetivos de investimento, situa\u00e7\u00e3o financeira, toler\u00e2ncia ao risco e n\u00edvel de experi\u00eancia. Sempre que necess\u00e1rio, recomenda-se vivamente que procure aconselhamento financeiro, jur\u00eddico ou fiscal independente. O desempenho passado n\u00e3o \u00e9 um indicador fi\u00e1vel de resultados futuros. As condi\u00e7\u00f5es de mercado podem mudar rapidamente e n\u00e3o h\u00e1 garantia de que qualquer estrat\u00e9gia de negocia\u00e7\u00e3o seja bem-sucedida.       \r\n    \r\n\t<br><br>  \r\n    <strong>Sobre Derivados<\/strong> <br>     \r\n Os derivados incluem instrumentos que s\u00e3o principalmente CFDs. O seu valor deriva de ativos subjacentes, como a\u00e7\u00f5es, \u00edndices, obriga\u00e7\u00f5es, moedas ou mat\u00e9rias-primas, que podem ser altamente vol\u00e1teis. \r\n     \r\n\t<br><br> Uma caracter\u00edstica fundamental destes instrumentos \u00e9 que podem ser negociados com pouco ou nenhum desembolso inicial \u2014 atrav\u00e9s de margem (para CFD). Isto cria alavancagem, o que significa que pequenos movimentos no ativo subjacente podem levar a grandes altera\u00e7\u00f5es no valor do derivado, potencialmente exigindo margem de varia\u00e7\u00e3o adicional.  \r\n\r\n\t<br><br>\r\n    <strong>Futuros<\/strong><br>    \r\n Os futuros s\u00e3o derivados cotados cujos pre\u00e7os dependem do valor dos ativos subjacentes e podem ser afetados por fatores como taxas de juro, oferta e procura, pol\u00edticas governamentais e eventos econ\u00f3micos e pol\u00edticos nacionais ou globais.\r\n     \r\n    <br><br><\/p>\r\n Os principais riscos incluem: \r\n    <ul>\r\n        <li style=\"list-style-type: none;\">\r\n            <ul>\r\n                <li class=\"text-justify\">\r\n Risco de bolsa ou c\u00e2mara de compensa\u00e7\u00e3o \u2013 a fal\u00eancia da bolsa ou da c\u00e2mara de compensa\u00e7\u00e3o pode afetar as suas posi\u00e7\u00f5es.\r\n                <\/li>\r\n                <li class=\"text-justify\">\r\n Liquidez e limites de pre\u00e7o \u2013 algumas bolsas imp\u00f5em limites de pre\u00e7o di\u00e1rios; se estes forem atingidos, poder\u00e1 n\u00e3o conseguir abrir, ajustar ou fechar posi\u00e7\u00f5es, levando potencialmente a perdas substanciais.\r\n                <\/li>\r\n                <li class=\"text-justify\">\r\n Risco de alavancagem \u2013 os requisitos de margem reduzidos podem ampliar ganhos ou perdas, pelo que pequenas altera\u00e7\u00f5es no ativo subjacente podem causar grandes impactos financeiros.\r\n                <\/li>\r\n                <li class=\"text-justify\">\r\n Suspens\u00e3o de negocia\u00e7\u00e3o \u2013 em circunst\u00e2ncias extraordin\u00e1rias, as bolsas ou reguladores podem suspender a negocia\u00e7\u00e3o ou for\u00e7ar a liquida\u00e7\u00e3o de posi\u00e7\u00f5es.\r\n                <\/li>\r\n            <\/ul>\r\n        <\/li>\r\n    <\/ul>\r\n\r\n\r\n<p class=\"text-justify\">\r\n    <strong>Alavancagem<\/strong> <br>     \r\n Os derivados exigem frequentemente pouco ou nenhum desembolso inicial, permitindo-lhe assumir posi\u00e7\u00f5es superiores ao seu capital investido. Isto amplifica os ganhos e as perdas, pelo que mesmo pequenas altera\u00e7\u00f5es no ativo subjacente podem causar grandes oscila\u00e7\u00f5es nos seus retornos de negocia\u00e7\u00e3o. \r\n\r\n    <br><br>\r\n Se o mercado se mover contra as suas posi\u00e7\u00f5es, as perdas podem ser substanciais e podem exceder o seu capital investido. O incumprimento das obriga\u00e7\u00f5es de margem ou de financiamento pode tamb\u00e9m permitir que os financiadores encerrem as suas posi\u00e7\u00f5es ou reclamem quaisquer valores mobili\u00e1rios detidos como garantia.\r\n    \r\n\r\n    <br><br>\r\n    <strong>Negocia\u00e7\u00e3o com Margem e Empr\u00e9stimo<\/strong> <br>     \r\n A negocia\u00e7\u00e3o com margem envolve o empr\u00e9stimo de fundos ao seu corretor para aumentar a sua exposi\u00e7\u00e3o al\u00e9m do seu capital investido. Pode alavancar posi\u00e7\u00f5es utilizando derivados, tais como CFDs, bem como outros instrumentos complexos com alavancagem incorporada. \r\n  \r\n    <br><br><\/p>\r\n Considera\u00e7\u00f5es fundamentais: \r\n    <ul>\r\n        <li style=\"list-style-type: none;\">\r\n            <ul>\r\n                <li class=\"text-justify\">\r\n Juros e custos \u2013 os empr\u00e9stimos e as posi\u00e7\u00f5es alavancadas incorrem em juros, transa\u00e7\u00f5es e outros custos, que podem n\u00e3o ser totalmente compensados pelos retornos de negocia\u00e7\u00e3o.\r\n                <\/li>\r\n                <li class=\"text-justify\">\r\n Magnitude da alavancagem \u2013 o montante que pode pedir emprestado pode ser substancial em rela\u00e7\u00e3o ao seu capital, ampliando tanto ganhos como perdas.\r\n                <\/li>\r\n                <li class=\"text-justify\">\r\n Impacto da taxa \u2013 as taxas de juro vigentes e as suas taxas de empr\u00e9stimo espec\u00edficas podem afetar significativamente os seus resultados l\u00edquidos de negocia\u00e7\u00e3o.\r\n                <\/li>\r\n            <\/ul>\r\n        <\/li>\r\n    <\/ul>\r\n\r\n\r\n<p class=\"text-justify\">\r\n     <strong>Requisitos de Margem e Chamadas de Margem<\/strong> <br>     \r\n Ao utilizar alavancagem atrav\u00e9s de derivados, negocia\u00e7\u00e3o com margem ou outros empr\u00e9stimos, deve constituir uma margem inicial ou garantia em numer\u00e1rio ou t\u00edtulos.\r\n     \r\n    <br><br> Se o valor da sua conta ou dos ativos empenhados diminuir, poder\u00e1 receber uma chamada de margem, exigindo que deposite fundos ou t\u00edtulos adicionais.\r\n\r\n\t<br> <br> O incumprimento de uma chamada de margem pode resultar em: \r\n\t <\/p>\r\n    <ul>\r\n        <li style=\"list-style-type: none;\">\r\n            <ul>\r\n                <li class=\"text-justify\">Liquida\u00e7\u00e3o for\u00e7ada de posi\u00e7\u00f5es ou garantias<\/li>\r\n                <li class=\"text-justify\">Fecho de posi\u00e7\u00f5es com preju\u00edzo, potencialmente maior do que o previsto<\/li>\r\n                <li class=\"text-justify\">Incapacidade de agir rapidamente, se as condi\u00e7\u00f5es de mercado impedirem a liquida\u00e7\u00e3o atempada <\/li>\r\n            <\/ul>\r\n        <\/li>\r\n    <\/ul>\r\n  \r\n<p class=\"text-justify\">    \r\n Os corretores de investimento que fornecem financiamento para a negocia\u00e7\u00e3o de margem dos clientes podem aplicar requisitos de margem discricion\u00e1rios, margens de avalia\u00e7\u00e3o (haircuts) e pol\u00edticas de avalia\u00e7\u00e3o de t\u00edtulos ou garantias. Altera\u00e7\u00f5es a estas pol\u00edticas, ou a imposi\u00e7\u00e3o de outras limita\u00e7\u00f5es ou restri\u00e7\u00f5es de cr\u00e9dito, quer devido a condi\u00e7\u00f5es de mercado, a\u00e7\u00e3o governamental, regulamentar ou judicial, podem resultar em:<\/p>\r\n     \r\n\r\n    <ul>\r\n        <li style=\"list-style-type: none;\">\r\n            <ul>\r\n                <li class=\"text-justify\">Grandes chamadas de margem,<\/li>\r\n                <li class=\"text-justify\">Perda de financiamento,<\/li>\r\n                <li>Liquida\u00e7\u00e3o for\u00e7ada de posi\u00e7\u00f5es a pre\u00e7os altamente desvantajosos,<\/li>\r\n                <li class=\"text-justify\">Rescis\u00e3o de contratos e acordos, e<\/li>\r\n                <li class=\"text-justify\">Incumprimentos cruzados com outros intermedi\u00e1rios.<\/li>\r\n            <\/ul>\r\n        <\/li>\r\n    <\/ul>\r\n\r\n\t<p class=\"text-justify\">   \r\n\t\r\n Estes efeitos adversos podem ser intensificados se tais limita\u00e7\u00f5es ou restri\u00e7\u00f5es forem impostas subitamente ou por m\u00faltiplos participantes no mercado. Como resultado, poder\u00e1 ser for\u00e7ado a liquidar a totalidade ou parte da sua carteira a pre\u00e7os altamente desvantajosos, conduzindo potencialmente \u00e0 perda total do seu capital investido. N\u00e3o existe qualquer garantia de que poder\u00e1 obter ou manter financiamento ou garantias adequadas para a negocia\u00e7\u00e3o de margem em todos os momentos. \r\n\r\n     <br> <br>\r\n     <strong>Incumprimento<\/strong> <br>     \r\n Todas as transa\u00e7\u00f5es implicam risco de cr\u00e9dito e de incumprimento da contraparte. Estes riscos s\u00e3o mitigados para instrumentos negociados em bolsa, que s\u00e3o geralmente apoiados por garantias de c\u00e2maras de compensa\u00e7\u00e3o, avalia\u00e7\u00e3o di\u00e1ria ao pre\u00e7o de mercado (mark-to-market) e liquida\u00e7\u00e3o, bem como requisitos de segrega\u00e7\u00e3o e de capital m\u00ednimo aplic\u00e1veis aos intermedi\u00e1rios. No entanto, as transa\u00e7\u00f5es celebradas diretamente entre duas contrapartes n\u00e3o beneficiam geralmente de tais prote\u00e7\u00f5es e exp\u00f5em as contrapartes a um maior risco de incumprimento da contraparte. Al\u00e9m disso, em certas circunst\u00e2ncias, pode n\u00e3o ser poss\u00edvel identificar claramente o numer\u00e1rio, os valores mobili\u00e1rios e outros ativos depositados em custodiantes ou corretores como pertencentes a si, pelo que poder\u00e1 estar exposto ao risco de cr\u00e9dito, incumprimento, liquida\u00e7\u00e3o, compensa\u00e7\u00e3o e entrega do corretor ou custodiante.    Adicionalmente, podem existir problemas pr\u00e1ticos, legais, operacionais ou temporais associados \u00e0 execu\u00e7\u00e3o dos seus direitos sobre os seus ativos em caso de insolv\u00eancia de qualquer contraparte, custodiante ou corretor. \r\n\r\n    <br><br>     \r\n Se uma contraparte entrar em incumprimento, poder\u00e1 ter recursos contratuais ao abrigo dos acordos relevantes. No entanto, o exerc\u00edcio de tais direitos pode envolver atrasos ou custos, que podem erodir ou reduzir uma parte do seu capital.\r\n     \r\n\r\n    <br><br> Adicionalmente, existe o risco de qualquer contraparte se tornar insolvente ou ser objeto de processos de insolv\u00eancia. Nesses casos, a recupera\u00e7\u00e3o das suas posi\u00e7\u00f5es ou valores mobili\u00e1rios, ou o pagamento de reclama\u00e7\u00f5es, pode ser significativamente atrasado, e poder\u00e1 recuperar substancialmente menos do que o valor total dos contratos ou ativos subjacentes.\r\n     \r\n    <br><br> Riscos semelhantes aplicam-se \u00e0s suas rela\u00e7\u00f5es com intermedi\u00e1rios ou prime brokers. Dever\u00e1 geralmente assumir que a insolv\u00eancia de qualquer contraparte pode resultar numa perda material, que pode ser agravada se os seus ativos n\u00e3o estiverem segregados.  \r\n\r\n    <br><br>\r\n    <strong>Negocia\u00e7\u00e3o<\/strong> <br>     \r\n A execu\u00e7\u00e3o de transa\u00e7\u00f5es em mercados fora da sua jurisdi\u00e7\u00e3o de resid\u00eancia, incluindo mercados formalmente ligados ao seu mercado de origem, pode envolver riscos adicionais.\r\n     \r\n\t<br><br>     \r\n A regulamenta\u00e7\u00e3o nestes mercados estrangeiros pode diferir da sua jurisdi\u00e7\u00e3o de origem e pode proporcionar um n\u00edvel inferior de prote\u00e7\u00e3o ao investidor. A sua autoridade reguladora local n\u00e3o pode garantir o cumprimento das regras estabelecidas pelas autoridades reguladoras ou operadores de mercado noutras jurisdi\u00e7\u00f5es onde as suas transa\u00e7\u00f5es ocorrem.\r\n\t<br><br>    \r\n A maioria dos sistemas de negocia\u00e7\u00e3o eletr\u00f3nicos depende de hardware de tecnologia de informa\u00e7\u00e3o (por exemplo, computadores ou servidores) e software (por exemplo, protocolos de livro de ordens e programas de gest\u00e3o de ordens) para encaminhar ordens, fazer corresponder licita\u00e7\u00f5es e ofertas, gerir opera\u00e7\u00f5es e registar, compensar e liquidar transa\u00e7\u00f5es.\r\n    \r\n\t<br><br>\t\r\n Como todos os sistemas de tecnologia de informa\u00e7\u00e3o, estas plataformas de negocia\u00e7\u00e3o est\u00e3o sujeitas a falhas ou avarias. A sua capacidade de recuperar certas perdas pode ser limitada pelos limites de responsabilidade definidos pelos fornecedores do sistema, mercados, c\u00e2maras de compensa\u00e7\u00e3o e\/ou empresas de negocia\u00e7\u00e3o. Estes limites podem variar, pelo que \u00e9 importante obter informa\u00e7\u00f5es detalhadas junto da sua empresa de negocia\u00e7\u00e3o relativamente \u00e0 cobertura de responsabilidade aplic\u00e1vel. \r\n     \r\n <\/p>\r\n\t\t\t\t<\/div>\n\t\t\t\t<\/div>\n\t\t\t\t<\/div>\n\t\t","protected":false},"excerpt":{"rendered":"<p>Aviso de Risco Pre\u00e2mbulo &nbsp; Aviso de Risco \u2013 Negocia\u00e7\u00e3o Alavancada \/ com Margem A negocia\u00e7\u00e3o de Contratos por Diferen\u00e7a [&hellip;]<\/p>\n","protected":false},"author":1,"featured_media":0,"parent":0,"menu_order":0,"comment_status":"closed","ping_status":"closed","template":"","meta":{"site-sidebar-layout":"no-sidebar","site-content-layout":"","ast-site-content-layout":"full-width-container","site-content-style":"default","site-sidebar-style":"default","ast-global-header-display":"","ast-banner-title-visibility":"","ast-main-header-display":"","ast-hfb-above-header-display":"","ast-hfb-below-header-display":"","ast-hfb-mobile-header-display":"","site-post-title":"","ast-breadcrumbs-content":"","ast-featured-img":"disabled","footer-sml-layout":"","ast-disable-related-posts":"","theme-transparent-header-meta":"","adv-header-id-meta":"","stick-header-meta":"","header-above-stick-meta":"","header-main-stick-meta":"","header-below-stick-meta":"","astra-migrate-meta-layouts":"default","ast-page-background-enabled":"default","ast-page-background-meta":{"desktop":{"background-color":"var(--ast-global-color-5)","background-image":"","background-repeat":"repeat","background-position":"center center","background-size":"auto","background-attachment":"scroll","background-type":"","background-media":"","overlay-type":"","overlay-color":"","overlay-opacity":"","overlay-gradient":""},"tablet":{"background-color":"","background-image":"","background-repeat":"repeat","background-position":"center center","background-size":"auto","background-attachment":"scroll","background-type":"","background-media":"","overlay-type":"","overlay-color":"","overlay-opacity":"","overlay-gradient":""},"mobile":{"background-color":"","background-image":"","background-repeat":"repeat","background-position":"center center","background-size":"auto","background-attachment":"scroll","background-type":"","background-media":"","overlay-type":"","overlay-color":"","overlay-opacity":"","overlay-gradient":""}},"ast-content-background-meta":{"desktop":{"background-color":"var(--ast-global-color-4)","background-image":"","background-repeat":"repeat","background-position":"center center","background-size":"auto","background-attachment":"scroll","background-type":"","background-media":"","overlay-type":"","overlay-color":"","overlay-opacity":"","overlay-gradient":""},"tablet":{"background-color":"var(--ast-global-color-4)","background-image":"","background-repeat":"repeat","background-position":"center center","background-size":"auto","background-attachment":"scroll","background-type":"","background-media":"","overlay-type":"","overlay-color":"","overlay-opacity":"","overlay-gradient":""},"mobile":{"background-color":"var(--ast-global-color-4)","background-image":"","background-repeat":"repeat","background-position":"center center","background-size":"auto","background-attachment":"scroll","background-type":"","background-media":"","overlay-type":"","overlay-color":"","overlay-opacity":"","overlay-gradient":""}},"footnotes":""},"class_list":["post-7324","page","type-page","status-publish","hentry"],"_links":{"self":[{"href":"https:\/\/copernico.capital\/pt-pt\/wp-json\/wp\/v2\/pages\/7324","targetHints":{"allow":["GET"]}}],"collection":[{"href":"https:\/\/copernico.capital\/pt-pt\/wp-json\/wp\/v2\/pages"}],"about":[{"href":"https:\/\/copernico.capital\/pt-pt\/wp-json\/wp\/v2\/types\/page"}],"author":[{"embeddable":true,"href":"https:\/\/copernico.capital\/pt-pt\/wp-json\/wp\/v2\/users\/1"}],"replies":[{"embeddable":true,"href":"https:\/\/copernico.capital\/pt-pt\/wp-json\/wp\/v2\/comments?post=7324"}],"version-history":[{"count":3,"href":"https:\/\/copernico.capital\/pt-pt\/wp-json\/wp\/v2\/pages\/7324\/revisions"}],"predecessor-version":[{"id":7553,"href":"https:\/\/copernico.capital\/pt-pt\/wp-json\/wp\/v2\/pages\/7324\/revisions\/7553"}],"wp:attachment":[{"href":"https:\/\/copernico.capital\/pt-pt\/wp-json\/wp\/v2\/media?parent=7324"}],"curies":[{"name":"wp","href":"https:\/\/api.w.org\/{rel}","templated":true}]}}